{"id":13487,"date":"2024-02-15T14:34:00","date_gmt":"2024-02-15T13:34:00","guid":{"rendered":"https:\/\/etnamarenevescursioni.com\/prodotto\/etna-crateri-3300m\/"},"modified":"2024-05-06T14:54:52","modified_gmt":"2024-05-06T12:54:52","slug":"etna-crateri-3300m","status":"publish","type":"product","link":"https:\/\/etnamarenevescursioni.com\/de\/tour\/etna-crateri-3300m\/","title":{"rendered":"Etna 3300m"},"content":{"rendered":"<p><strong>VERF\u00dcGBAR ALS GANZTAGES-AKTIVIT\u00c4T<\/strong><\/p>\n<p>Wir werden euch auf ein unvergessliches Abenteuer auf den Gipfel des h\u00f6chsten aktiven Vulkans Europas mitnehmen.<\/p>\n<p>Diese exklusive Reise beginnt mit dem \u00dcberqueren der Schwelle zu alten D\u00f6rfern, die in die H\u00e4nge des \u00c4tnas eingebettet sind, wo Geschichte und Tradition sich zu einem kulturell reichen Gewebe verweben. Wir werden auf Pfaden wandern, die durch die W\u00e4lder des \u00c4tna-Nationalparks f\u00fchren, Zeugen einer au\u00dfergew\u00f6hnlichen Biodiversit\u00e4t, die sich mit der H\u00f6he ver\u00e4ndert.<\/p>\n<p>Wir werden Lavastr\u00f6me \u00fcberqueren, stille Zeugen vergangener Ausbr\u00fcche, die sich mit einem Mosaik verschiedener Flora abwechseln: von Apfel- und Kirschplantagen zu Weinbergen und Haselnussfeldern, vorbei an W\u00e4ldern mit Kastanien, Eichen, Steineichen, Wacholdern, Zerreichen, Flaumeichen, Kiefern, Birken und Buchen. Jeder Schritt bringt uns n\u00e4her an das pulsierende Herz des \u00c4tna.<\/p>\n<p>Nachdem wir die H\u00f6he von 1.900 Metern \u00fcberschritten haben, werden wir den bekannten Pfad verlassen, um in eine neue Welt einzutreten: Mondlandschaften ersetzen die Vegetation und bieten uns Szenarien von einzigartiger und unber\u00fchrter Sch\u00f6nheit. Der Aufstieg setzt sich fort, indem wir 2.900 Meter mit dem 4&#215;4-Bus erreichen.<\/p>\n<p>Von diesem Punkt aus werden wir eine etwa zweist\u00fcndige Wanderung unternehmen, bis wir die Gipfelzone in einer H\u00f6he von etwa 3.300 Metern erreichen. Hier, eingetaucht in eine wunderbare Landschaft, lassen wir alle Gedanken hinter uns, vertieft in ein Gef\u00fchl von totaler Einzigartigkeit und Wunder, hoch oben auf dem Dach des Mittelmeers.<\/p>\n<p>Unser Abstieg beginnt nach einer Pause f\u00fcr ein Picknick, begleitet von einer atemberaubenden Aussicht.<\/p>\n<ul>\n<li>Abholung an der Unterkunft.<\/li>\n<li>Erreichen der H\u00f6he von 2.900 Metern mit den 4&#215;4-Bussen.<\/li>\n<li>Trekking bis zu den Gipfelkratern auf einer H\u00f6he von 3.300 Metern.<\/li>\n<li>Spaziergang auf den Gipfelkratern.<\/li>\n<li>Picknick.<\/li>\n<li>R\u00fcckkehr zum Hotel.<\/li>\n<\/ul>\n<p>&nbsp;<\/p>\n<p><strong>Empfohlene Ausr\u00fcstung<\/strong><\/p>\n<p>Wanderschuhe (oder Turnschuhe), Schichtkleidung, wasserdichte Jacke, Hut, Sonnenbrille, Sonnenschutz und Teleskopst\u00f6cke.<\/p>\n<p><strong>Inbegriffene Leistungen<\/strong><\/p>\n<p>Abholung von Ihrer Unterkunft, Versicherung, Helme (mit Einwegkopfh\u00f6rern), St\u00f6cke (auf Anfrage), Taschenlampen, Wasser und mehrsprachiger F\u00fchrer, Seilbahn- und Offroad-Bustickets, Alpen-\/Vulkanf\u00fchrer, Picknicklunch bestehend aus: Nr. 2 Sandwiches, Nr.1 Flasche Wasser, Nr. 1, Erg\u00e4nzung, saisonales Obst, Energiebars und eine Tafel Schokolade.<\/p>\n<p><strong>Warnhinweise<\/strong><\/p>\n<p>Die Tour unterliegt den Wetterbedingungen und der Aktivit\u00e4t der Krater und\/oder den Verordnungen der Beh\u00f6rden hinsichtlich der Sicherheit im Gipfelbereich; daher kann ihre Durchf\u00fchrung im Falle einer Sperrung dieser Bereiche nicht garantiert werden. Der F\u00fchrer beh\u00e4lt sich das uneingeschr\u00e4nkte Recht vor, die Tour abzusagen oder zu \u00e4ndern, sollten die Sicherheitsbedingungen nicht mehr gegeben sein.<\/p>\n<p>Bei der Anfrage ist es notwendig, jeden psychophysischen Zustand mitzuteilen, der den Zustand einer gesunden und robusten Konstitution beeintr\u00e4chtigen k\u00f6nnte (z. B. Schwangerschaft, Herzprobleme, Asthma, Ateminsuffizienz usw.).<\/p>\n<ul>\n<li>DIE EXKURSION IST ABSOLUT VERBOTEN F\u00dcR HERZPATIENTEN, ASTHMAPATIENTEN UND HYPERTONIKER, SCHWANGERE FRAUEN, UND WIRD PERSONEN MIT BEWEGUNGSPROBLEMEN ABGERATEN.<\/li>\n<\/ul>\n","protected":false},"excerpt":{"rendered":"<p class=\"p1\">Die Etna 3300m-Tour bringt dich auf den Gipfel des h\u00f6chsten aktiven Vulkans Europas und bietet ein einzigartiges Abenteuer inmitten unber\u00fchrter Natur und mond\u00e4hnlicher Landschaften. Ausgehend von den biodiversit\u00e4tsreichen W\u00e4ldern des \u00c4tna-Parks wirst du \u00fcber Lavastr\u00f6me wandern und die Vielfalt der lokalen Flora erleben, bis du den Gipfel erreichst. Dort, eingebettet in ein spektakul\u00e4res Panorama, wirst du Momente reinen Wunders erleben, fernab des Alltags und nahe am Himmel des Mittelmeers.<\/p>\n","protected":false},"featured_media":12783,"comment_status":"open","ping_status":"closed","template":"","meta":[],"product_brand":[],"product_cat":[111],"product_tag":[],"class_list":{"0":"post-13487","1":"product","2":"type-product","3":"status-publish","4":"has-post-thumbnail","6":"brw_tour_types-abenteuer","7":"product_cat-abenteuer","9":"first","10":"instock","11":"shipping-taxable","12":"product-type-ovabrw_car_rental"},"yoast_head":"<!-- This site is optimized with the Yoast SEO plugin v27.3 - https:\/\/yoast.com\/product\/yoast-seo-wordpress\/ -->\n<title>Etna 3300m - Etna Mareneve Escursioni<\/title>\n<meta name=\"robots\" content=\"index, follow, max-snippet:-1, max-image-preview:large, max-video-preview:-1\" \/>\n<link rel=\"canonical\" href=\"https:\/\/etnamarenevescursioni.com\/de\/tour\/etna-crateri-3300m\/\" \/>\n<meta property=\"og:locale\" content=\"de_DE\" \/>\n<meta property=\"og:type\" content=\"article\" \/>\n<meta property=\"og:title\" content=\"Etna 3300m - Etna Mareneve Escursioni\" \/>\n<meta property=\"og:description\" content=\"Die Etna 3300m-Tour bringt dich auf den Gipfel des h\u00f6chsten aktiven Vulkans Europas und bietet ein einzigartiges Abenteuer inmitten unber\u00fchrter Natur und mond\u00e4hnlicher Landschaften. Ausgehend von den biodiversit\u00e4tsreichen W\u00e4ldern des \u00c4tna-Parks wirst du \u00fcber Lavastr\u00f6me wandern und die Vielfalt der lokalen Flora erleben, bis du den Gipfel erreichst. Dort, eingebettet in ein spektakul\u00e4res Panorama, wirst du Momente reinen Wunders erleben, fernab des Alltags und nahe am Himmel des Mittelmeers.\" \/>\n<meta property=\"og:url\" content=\"https:\/\/etnamarenevescursioni.com\/de\/tour\/etna-crateri-3300m\/\" \/>\n<meta property=\"og:site_name\" content=\"Etna Mareneve Escursioni\" \/>\n<meta property=\"article:modified_time\" content=\"2024-05-06T12:54:52+00:00\" \/>\n<meta property=\"og:image\" content=\"https:\/\/etnamarenevescursioni.com\/wp-content\/uploads\/2024\/02\/Collezione-Etna-7.jpg\" \/>\n\t<meta property=\"og:image:width\" content=\"1420\" \/>\n\t<meta property=\"og:image:height\" content=\"947\" \/>\n\t<meta property=\"og:image:type\" content=\"image\/jpeg\" \/>\n<meta name=\"twitter:card\" content=\"summary_large_image\" \/>\n<meta name=\"twitter:label1\" content=\"Gesch\u00e4tzte Lesezeit\" \/>\n\t<meta name=\"twitter:data1\" content=\"3\u00a0Minuten\" \/>\n<script type=\"application\/ld+json\" class=\"yoast-schema-graph\">{\"@context\":\"https:\\\/\\\/schema.org\",\"@graph\":[{\"@type\":\"WebPage\",\"@id\":\"https:\\\/\\\/etnamarenevescursioni.com\\\/de\\\/tour\\\/etna-crateri-3300m\\\/\",\"url\":\"https:\\\/\\\/etnamarenevescursioni.com\\\/de\\\/tour\\\/etna-crateri-3300m\\\/\",\"name\":\"Etna 3300m - Etna Mareneve Escursioni\",\"isPartOf\":{\"@id\":\"https:\\\/\\\/etnamarenevescursioni.com\\\/de\\\/#website\"},\"primaryImageOfPage\":{\"@id\":\"https:\\\/\\\/etnamarenevescursioni.com\\\/de\\\/tour\\\/etna-crateri-3300m\\\/#primaryimage\"},\"image\":{\"@id\":\"https:\\\/\\\/etnamarenevescursioni.com\\\/de\\\/tour\\\/etna-crateri-3300m\\\/#primaryimage\"},\"thumbnailUrl\":\"https:\\\/\\\/etnamarenevescursioni.com\\\/wp-content\\\/uploads\\\/2024\\\/02\\\/Collezione-Etna-7.jpg\",\"datePublished\":\"2024-02-15T13:34:00+00:00\",\"dateModified\":\"2024-05-06T12:54:52+00:00\",\"breadcrumb\":{\"@id\":\"https:\\\/\\\/etnamarenevescursioni.com\\\/de\\\/tour\\\/etna-crateri-3300m\\\/#breadcrumb\"},\"inLanguage\":\"de\",\"potentialAction\":[{\"@type\":\"ReadAction\",\"target\":[\"https:\\\/\\\/etnamarenevescursioni.com\\\/de\\\/tour\\\/etna-crateri-3300m\\\/\"]}]},{\"@type\":\"ImageObject\",\"inLanguage\":\"de\",\"@id\":\"https:\\\/\\\/etnamarenevescursioni.com\\\/de\\\/tour\\\/etna-crateri-3300m\\\/#primaryimage\",\"url\":\"https:\\\/\\\/etnamarenevescursioni.com\\\/wp-content\\\/uploads\\\/2024\\\/02\\\/Collezione-Etna-7.jpg\",\"contentUrl\":\"https:\\\/\\\/etnamarenevescursioni.com\\\/wp-content\\\/uploads\\\/2024\\\/02\\\/Collezione-Etna-7.jpg\",\"width\":1420,\"height\":947},{\"@type\":\"BreadcrumbList\",\"@id\":\"https:\\\/\\\/etnamarenevescursioni.com\\\/de\\\/tour\\\/etna-crateri-3300m\\\/#breadcrumb\",\"itemListElement\":[{\"@type\":\"ListItem\",\"position\":1,\"name\":\"Home\",\"item\":\"https:\\\/\\\/etnamarenevescursioni.com\\\/de\\\/\"},{\"@type\":\"ListItem\",\"position\":2,\"name\":\"Shop\",\"item\":\"https:\\\/\\\/etnamarenevescursioni.com\\\/?page_id=10\"},{\"@type\":\"ListItem\",\"position\":3,\"name\":\"Etna 3300m\"}]},{\"@type\":\"WebSite\",\"@id\":\"https:\\\/\\\/etnamarenevescursioni.com\\\/de\\\/#website\",\"url\":\"https:\\\/\\\/etnamarenevescursioni.com\\\/de\\\/\",\"name\":\"Etna Mareneve Escursioni\",\"description\":\"\",\"potentialAction\":[{\"@type\":\"SearchAction\",\"target\":{\"@type\":\"EntryPoint\",\"urlTemplate\":\"https:\\\/\\\/etnamarenevescursioni.com\\\/de\\\/?s={search_term_string}\"},\"query-input\":{\"@type\":\"PropertyValueSpecification\",\"valueRequired\":true,\"valueName\":\"search_term_string\"}}],\"inLanguage\":\"de\"}]}<\/script>\n<!-- \/ Yoast SEO plugin. -->","yoast_head_json":{"title":"Etna 3300m - Etna Mareneve Escursioni","robots":{"index":"index","follow":"follow","max-snippet":"max-snippet:-1","max-image-preview":"max-image-preview:large","max-video-preview":"max-video-preview:-1"},"canonical":"https:\/\/etnamarenevescursioni.com\/de\/tour\/etna-crateri-3300m\/","og_locale":"de_DE","og_type":"article","og_title":"Etna 3300m - Etna Mareneve Escursioni","og_description":"Die Etna 3300m-Tour bringt dich auf den Gipfel des h\u00f6chsten aktiven Vulkans Europas und bietet ein einzigartiges Abenteuer inmitten unber\u00fchrter Natur und mond\u00e4hnlicher Landschaften. Ausgehend von den biodiversit\u00e4tsreichen W\u00e4ldern des \u00c4tna-Parks wirst du \u00fcber Lavastr\u00f6me wandern und die Vielfalt der lokalen Flora erleben, bis du den Gipfel erreichst. Dort, eingebettet in ein spektakul\u00e4res Panorama, wirst du Momente reinen Wunders erleben, fernab des Alltags und nahe am Himmel des Mittelmeers.","og_url":"https:\/\/etnamarenevescursioni.com\/de\/tour\/etna-crateri-3300m\/","og_site_name":"Etna Mareneve Escursioni","article_modified_time":"2024-05-06T12:54:52+00:00","og_image":[{"width":1420,"height":947,"url":"https:\/\/etnamarenevescursioni.com\/wp-content\/uploads\/2024\/02\/Collezione-Etna-7.jpg","type":"image\/jpeg"}],"twitter_card":"summary_large_image","twitter_misc":{"Gesch\u00e4tzte Lesezeit":"3\u00a0Minuten"},"schema":{"@context":"https:\/\/schema.org","@graph":[{"@type":"WebPage","@id":"https:\/\/etnamarenevescursioni.com\/de\/tour\/etna-crateri-3300m\/","url":"https:\/\/etnamarenevescursioni.com\/de\/tour\/etna-crateri-3300m\/","name":"Etna 3300m - Etna Mareneve Escursioni","isPartOf":{"@id":"https:\/\/etnamarenevescursioni.com\/de\/#website"},"primaryImageOfPage":{"@id":"https:\/\/etnamarenevescursioni.com\/de\/tour\/etna-crateri-3300m\/#primaryimage"},"image":{"@id":"https:\/\/etnamarenevescursioni.com\/de\/tour\/etna-crateri-3300m\/#primaryimage"},"thumbnailUrl":"https:\/\/etnamarenevescursioni.com\/wp-content\/uploads\/2024\/02\/Collezione-Etna-7.jpg","datePublished":"2024-02-15T13:34:00+00:00","dateModified":"2024-05-06T12:54:52+00:00","breadcrumb":{"@id":"https:\/\/etnamarenevescursioni.com\/de\/tour\/etna-crateri-3300m\/#breadcrumb"},"inLanguage":"de","potentialAction":[{"@type":"ReadAction","target":["https:\/\/etnamarenevescursioni.com\/de\/tour\/etna-crateri-3300m\/"]}]},{"@type":"ImageObject","inLanguage":"de","@id":"https:\/\/etnamarenevescursioni.com\/de\/tour\/etna-crateri-3300m\/#primaryimage","url":"https:\/\/etnamarenevescursioni.com\/wp-content\/uploads\/2024\/02\/Collezione-Etna-7.jpg","contentUrl":"https:\/\/etnamarenevescursioni.com\/wp-content\/uploads\/2024\/02\/Collezione-Etna-7.jpg","width":1420,"height":947},{"@type":"BreadcrumbList","@id":"https:\/\/etnamarenevescursioni.com\/de\/tour\/etna-crateri-3300m\/#breadcrumb","itemListElement":[{"@type":"ListItem","position":1,"name":"Home","item":"https:\/\/etnamarenevescursioni.com\/de\/"},{"@type":"ListItem","position":2,"name":"Shop","item":"https:\/\/etnamarenevescursioni.com\/?page_id=10"},{"@type":"ListItem","position":3,"name":"Etna 3300m"}]},{"@type":"WebSite","@id":"https:\/\/etnamarenevescursioni.com\/de\/#website","url":"https:\/\/etnamarenevescursioni.com\/de\/","name":"Etna Mareneve Escursioni","description":"","potentialAction":[{"@type":"SearchAction","target":{"@type":"EntryPoint","urlTemplate":"https:\/\/etnamarenevescursioni.com\/de\/?s={search_term_string}"},"query-input":{"@type":"PropertyValueSpecification","valueRequired":true,"valueName":"search_term_string"}}],"inLanguage":"de"}]}},"_links":{"self":[{"href":"https:\/\/etnamarenevescursioni.com\/de\/wp-json\/wp\/v2\/product\/13487","targetHints":{"allow":["GET"]}}],"collection":[{"href":"https:\/\/etnamarenevescursioni.com\/de\/wp-json\/wp\/v2\/product"}],"about":[{"href":"https:\/\/etnamarenevescursioni.com\/de\/wp-json\/wp\/v2\/types\/product"}],"replies":[{"embeddable":true,"href":"https:\/\/etnamarenevescursioni.com\/de\/wp-json\/wp\/v2\/comments?post=13487"}],"wp:featuredmedia":[{"embeddable":true,"href":"https:\/\/etnamarenevescursioni.com\/de\/wp-json\/wp\/v2\/media\/12783"}],"wp:attachment":[{"href":"https:\/\/etnamarenevescursioni.com\/de\/wp-json\/wp\/v2\/media?parent=13487"}],"wp:term":[{"taxonomy":"product_brand","embeddable":true,"href":"https:\/\/etnamarenevescursioni.com\/de\/wp-json\/wp\/v2\/product_brand?post=13487"},{"taxonomy":"product_cat","embeddable":true,"href":"https:\/\/etnamarenevescursioni.com\/de\/wp-json\/wp\/v2\/product_cat?post=13487"},{"taxonomy":"product_tag","embeddable":true,"href":"https:\/\/etnamarenevescursioni.com\/de\/wp-json\/wp\/v2\/product_tag?post=13487"}],"curies":[{"name":"wp","href":"https:\/\/api.w.org\/{rel}","templated":true}]}}