{"id":13492,"date":"2024-02-15T13:56:44","date_gmt":"2024-02-15T12:56:44","guid":{"rendered":"https:\/\/etnamarenevescursioni.com\/prodotto\/etna-off-road\/"},"modified":"2024-05-06T14:51:10","modified_gmt":"2024-05-06T12:51:10","slug":"etna-off-road","status":"publish","type":"product","link":"https:\/\/etnamarenevescursioni.com\/de\/tour\/etna-off-road\/","title":{"rendered":"Etna Off-road"},"content":{"rendered":"<p><strong>VERF\u00dcGBAR ALS GANZTAGES- ODER HALBTAGESFORMEL<\/strong><\/p>\n<p>Ein aufregendes Abenteuer an den H\u00e4ngen des \u00c4tna, der majest\u00e4tischen &#8222;Muntagna&#8220;.<\/p>\n<p>Unsere Tour beginnt mit der Durchquerung malerischer D\u00f6rfer, zeugt von den reichen sicilianischen Traditionen, eingebettet in die einzigartige Atmosph\u00e4re des \u00c4tna-Parks.<\/p>\n<p>Sie haben die M\u00f6glichkeit, entlang des Randes erloschener Krater zu wandern und die Geheimnisse der Struktur und vulkanischen Aktivit\u00e4t des \u00c4tna zu enth\u00fcllen. Gemeinsam werden wir die Wunder einer Lavaflussh\u00f6hle entdecken, die wir v\u00f6llig sicher erkunden. Dann steigen wir mit unseren Gel\u00e4ndefahrzeugen entlang der Spuren alter Lavastr\u00f6me auf, bis wir Panoramapunkte erreichen, von denen aus wir atemberaubende Aussichten bewundern k\u00f6nnen.<\/p>\n<p>W\u00e4hrend des Aufstiegs beobachten wir, wie sich die Vegetation mit zunehmender H\u00f6he ver\u00e4ndert, von Lavastr\u00f6men zu einem Mosaik der Biodiversit\u00e4t: Apfel- und Kirschplantagen, Weinberge, Haselnussw\u00e4lder, Kastanien-, Eichen-, Steineichen-, Wacholder-, Zerreichen-, Stieleichen-, Kiefern-, Birken-, Buchenw\u00e4lder und vieles mehr. Wir erkunden verzauberte Orte wie die Dagale, Inseln aus Land und Vegetation, die die Lava wunderbar verschont hat, und Piano Provenzana, mit seinem Blick auf das azurblaue Ionische Meer und die Spuren des Lavaflusses von 2002.<\/p>\n<p>F\u00fcr diejenigen, die die Ganztagesoption w\u00e4hlen, wird der Tag mit einem Mittagessen aus exquisiten Gerichten der typischen sizilianischen K\u00fcche bereichert. Alle Gerichte werden mit saisonalen Produkten aus dem \u00c4tna zubereitet, begleitet von ausgew\u00e4hlten Etna DOC Weinen. Auf Anfrage k\u00f6nnen wir einfache Alternativen verschiedener Art anbieten.<\/p>\n<ul>\n<li>Abholung von der Unterkunft.<\/li>\n<li>S. Venerina<\/li>\n<li>Milo<\/li>\n<li>Trekking \u00fcber erloschene Krater<\/li>\n<li>Technischer Stopp mit Panoramablick von einer Schutzh\u00fctte (optionaler Kaffeepause)<\/li>\n<li>Offroad-Passage durch die W\u00e4lder, um die alte &#8222;Mareneve&#8220;-Stra\u00dfe zu bewundern.<\/li>\n<li>Halt in Piano Provenzana, zerst\u00f6rt durch den Lavafluss des Ausbruchs von 2002.<\/li>\n<li>Mittagessen in einem typischen Refugio oder Weinprobe von Etna D.O.C.<\/li>\n<li>Besuch einer Lavaflussh\u00f6hle.<\/li>\n<li>R\u00fcckkehr zum Hotel.<\/li>\n<\/ul>\n<p>&nbsp;<\/p>\n<p><strong>Empfohlene Ausr\u00fcstung<\/strong><\/p>\n<p>Wanderschuhe (oder Sportschuhe), Schichtkleidung, wasserdichte Jacke, Hut, Sonnenbrille und Sonnenschutz.<\/p>\n<p><strong>Inkludierte Leistungen<\/strong><\/p>\n<p>Abholung von Ihrer Unterkunft, Versicherung, Helme (mit Einwegkopfh\u00f6rern), St\u00f6cke (auf Anfrage), Taschenlampen, Wasser und mehrsprachiger F\u00fchrer, Mittagessen in der Ganztagesformel.<\/p>\n","protected":false},"excerpt":{"rendered":"<p class=\"p1\">Die Etna Off-Road-Tour ist ein intensives Abenteuer an den H\u00e4ngen des \u00c4tna, &#8222;A Muntagna&#8220;, wo Sie malerische D\u00f6rfer und alte Lavastr\u00f6me durchqueren werden. Sie werden erloschene Krater und Lavaflussh\u00f6hlen sicher erkunden, die Verwandlung der Vegetation bewundern und atemberaubende Aussichten genie\u00dfen, die nur der \u00c4tna bieten kann. Ein einzigartiges Erlebnis, reich an Adrenalin und Entdeckung.<\/p>\n","protected":false},"featured_media":13493,"comment_status":"open","ping_status":"closed","template":"","meta":[],"product_brand":[],"product_cat":[111],"product_tag":[],"class_list":{"0":"post-13492","1":"product","2":"type-product","3":"status-publish","4":"has-post-thumbnail","6":"brw_tour_types-abenteuer","7":"product_cat-abenteuer","9":"first","10":"instock","11":"shipping-taxable","12":"product-type-ovabrw_car_rental"},"yoast_head":"<!-- This site is optimized with the Yoast SEO plugin v27.3 - https:\/\/yoast.com\/product\/yoast-seo-wordpress\/ -->\n<title>Etna Off-road - Etna Mareneve Escursioni<\/title>\n<meta name=\"robots\" content=\"index, follow, max-snippet:-1, max-image-preview:large, max-video-preview:-1\" \/>\n<link rel=\"canonical\" href=\"https:\/\/etnamarenevescursioni.com\/de\/tour\/etna-off-road\/\" \/>\n<meta property=\"og:locale\" content=\"de_DE\" \/>\n<meta property=\"og:type\" content=\"article\" \/>\n<meta property=\"og:title\" content=\"Etna Off-road - Etna Mareneve Escursioni\" \/>\n<meta property=\"og:description\" content=\"Die Etna Off-Road-Tour ist ein intensives Abenteuer an den H\u00e4ngen des \u00c4tna, &quot;A Muntagna&quot;, wo Sie malerische D\u00f6rfer und alte Lavastr\u00f6me durchqueren werden. Sie werden erloschene Krater und Lavaflussh\u00f6hlen sicher erkunden, die Verwandlung der Vegetation bewundern und atemberaubende Aussichten genie\u00dfen, die nur der \u00c4tna bieten kann. Ein einzigartiges Erlebnis, reich an Adrenalin und Entdeckung.\" \/>\n<meta property=\"og:url\" content=\"https:\/\/etnamarenevescursioni.com\/de\/tour\/etna-off-road\/\" \/>\n<meta property=\"og:site_name\" content=\"Etna Mareneve Escursioni\" \/>\n<meta property=\"article:modified_time\" content=\"2024-05-06T12:51:10+00:00\" \/>\n<meta property=\"og:image\" content=\"https:\/\/etnamarenevescursioni.com\/wp-content\/uploads\/2024\/04\/Escursioni-etna-sicilia-13.jpg\" \/>\n\t<meta property=\"og:image:width\" content=\"1200\" \/>\n\t<meta property=\"og:image:height\" content=\"900\" \/>\n\t<meta property=\"og:image:type\" content=\"image\/jpeg\" \/>\n<meta name=\"twitter:card\" content=\"summary_large_image\" \/>\n<meta name=\"twitter:label1\" content=\"Gesch\u00e4tzte Lesezeit\" \/>\n\t<meta name=\"twitter:data1\" content=\"2\u00a0Minuten\" \/>\n<script type=\"application\/ld+json\" class=\"yoast-schema-graph\">{\"@context\":\"https:\\\/\\\/schema.org\",\"@graph\":[{\"@type\":\"WebPage\",\"@id\":\"https:\\\/\\\/etnamarenevescursioni.com\\\/de\\\/tour\\\/etna-off-road\\\/\",\"url\":\"https:\\\/\\\/etnamarenevescursioni.com\\\/de\\\/tour\\\/etna-off-road\\\/\",\"name\":\"Etna Off-road - Etna Mareneve Escursioni\",\"isPartOf\":{\"@id\":\"https:\\\/\\\/etnamarenevescursioni.com\\\/de\\\/#website\"},\"primaryImageOfPage\":{\"@id\":\"https:\\\/\\\/etnamarenevescursioni.com\\\/de\\\/tour\\\/etna-off-road\\\/#primaryimage\"},\"image\":{\"@id\":\"https:\\\/\\\/etnamarenevescursioni.com\\\/de\\\/tour\\\/etna-off-road\\\/#primaryimage\"},\"thumbnailUrl\":\"https:\\\/\\\/etnamarenevescursioni.com\\\/wp-content\\\/uploads\\\/2024\\\/04\\\/Escursioni-etna-sicilia-13.jpg\",\"datePublished\":\"2024-02-15T12:56:44+00:00\",\"dateModified\":\"2024-05-06T12:51:10+00:00\",\"breadcrumb\":{\"@id\":\"https:\\\/\\\/etnamarenevescursioni.com\\\/de\\\/tour\\\/etna-off-road\\\/#breadcrumb\"},\"inLanguage\":\"de\",\"potentialAction\":[{\"@type\":\"ReadAction\",\"target\":[\"https:\\\/\\\/etnamarenevescursioni.com\\\/de\\\/tour\\\/etna-off-road\\\/\"]}]},{\"@type\":\"ImageObject\",\"inLanguage\":\"de\",\"@id\":\"https:\\\/\\\/etnamarenevescursioni.com\\\/de\\\/tour\\\/etna-off-road\\\/#primaryimage\",\"url\":\"https:\\\/\\\/etnamarenevescursioni.com\\\/wp-content\\\/uploads\\\/2024\\\/04\\\/Escursioni-etna-sicilia-13.jpg\",\"contentUrl\":\"https:\\\/\\\/etnamarenevescursioni.com\\\/wp-content\\\/uploads\\\/2024\\\/04\\\/Escursioni-etna-sicilia-13.jpg\",\"width\":1200,\"height\":900},{\"@type\":\"BreadcrumbList\",\"@id\":\"https:\\\/\\\/etnamarenevescursioni.com\\\/de\\\/tour\\\/etna-off-road\\\/#breadcrumb\",\"itemListElement\":[{\"@type\":\"ListItem\",\"position\":1,\"name\":\"Home\",\"item\":\"https:\\\/\\\/etnamarenevescursioni.com\\\/de\\\/\"},{\"@type\":\"ListItem\",\"position\":2,\"name\":\"Shop\",\"item\":\"https:\\\/\\\/etnamarenevescursioni.com\\\/?page_id=10\"},{\"@type\":\"ListItem\",\"position\":3,\"name\":\"Etna Off-road\"}]},{\"@type\":\"WebSite\",\"@id\":\"https:\\\/\\\/etnamarenevescursioni.com\\\/de\\\/#website\",\"url\":\"https:\\\/\\\/etnamarenevescursioni.com\\\/de\\\/\",\"name\":\"Etna Mareneve Escursioni\",\"description\":\"\",\"potentialAction\":[{\"@type\":\"SearchAction\",\"target\":{\"@type\":\"EntryPoint\",\"urlTemplate\":\"https:\\\/\\\/etnamarenevescursioni.com\\\/de\\\/?s={search_term_string}\"},\"query-input\":{\"@type\":\"PropertyValueSpecification\",\"valueRequired\":true,\"valueName\":\"search_term_string\"}}],\"inLanguage\":\"de\"}]}<\/script>\n<!-- \/ Yoast SEO plugin. -->","yoast_head_json":{"title":"Etna Off-road - Etna Mareneve Escursioni","robots":{"index":"index","follow":"follow","max-snippet":"max-snippet:-1","max-image-preview":"max-image-preview:large","max-video-preview":"max-video-preview:-1"},"canonical":"https:\/\/etnamarenevescursioni.com\/de\/tour\/etna-off-road\/","og_locale":"de_DE","og_type":"article","og_title":"Etna Off-road - Etna Mareneve Escursioni","og_description":"Die Etna Off-Road-Tour ist ein intensives Abenteuer an den H\u00e4ngen des \u00c4tna, \"A Muntagna\", wo Sie malerische D\u00f6rfer und alte Lavastr\u00f6me durchqueren werden. Sie werden erloschene Krater und Lavaflussh\u00f6hlen sicher erkunden, die Verwandlung der Vegetation bewundern und atemberaubende Aussichten genie\u00dfen, die nur der \u00c4tna bieten kann. Ein einzigartiges Erlebnis, reich an Adrenalin und Entdeckung.","og_url":"https:\/\/etnamarenevescursioni.com\/de\/tour\/etna-off-road\/","og_site_name":"Etna Mareneve Escursioni","article_modified_time":"2024-05-06T12:51:10+00:00","og_image":[{"width":1200,"height":900,"url":"https:\/\/etnamarenevescursioni.com\/wp-content\/uploads\/2024\/04\/Escursioni-etna-sicilia-13.jpg","type":"image\/jpeg"}],"twitter_card":"summary_large_image","twitter_misc":{"Gesch\u00e4tzte Lesezeit":"2\u00a0Minuten"},"schema":{"@context":"https:\/\/schema.org","@graph":[{"@type":"WebPage","@id":"https:\/\/etnamarenevescursioni.com\/de\/tour\/etna-off-road\/","url":"https:\/\/etnamarenevescursioni.com\/de\/tour\/etna-off-road\/","name":"Etna Off-road - Etna Mareneve Escursioni","isPartOf":{"@id":"https:\/\/etnamarenevescursioni.com\/de\/#website"},"primaryImageOfPage":{"@id":"https:\/\/etnamarenevescursioni.com\/de\/tour\/etna-off-road\/#primaryimage"},"image":{"@id":"https:\/\/etnamarenevescursioni.com\/de\/tour\/etna-off-road\/#primaryimage"},"thumbnailUrl":"https:\/\/etnamarenevescursioni.com\/wp-content\/uploads\/2024\/04\/Escursioni-etna-sicilia-13.jpg","datePublished":"2024-02-15T12:56:44+00:00","dateModified":"2024-05-06T12:51:10+00:00","breadcrumb":{"@id":"https:\/\/etnamarenevescursioni.com\/de\/tour\/etna-off-road\/#breadcrumb"},"inLanguage":"de","potentialAction":[{"@type":"ReadAction","target":["https:\/\/etnamarenevescursioni.com\/de\/tour\/etna-off-road\/"]}]},{"@type":"ImageObject","inLanguage":"de","@id":"https:\/\/etnamarenevescursioni.com\/de\/tour\/etna-off-road\/#primaryimage","url":"https:\/\/etnamarenevescursioni.com\/wp-content\/uploads\/2024\/04\/Escursioni-etna-sicilia-13.jpg","contentUrl":"https:\/\/etnamarenevescursioni.com\/wp-content\/uploads\/2024\/04\/Escursioni-etna-sicilia-13.jpg","width":1200,"height":900},{"@type":"BreadcrumbList","@id":"https:\/\/etnamarenevescursioni.com\/de\/tour\/etna-off-road\/#breadcrumb","itemListElement":[{"@type":"ListItem","position":1,"name":"Home","item":"https:\/\/etnamarenevescursioni.com\/de\/"},{"@type":"ListItem","position":2,"name":"Shop","item":"https:\/\/etnamarenevescursioni.com\/?page_id=10"},{"@type":"ListItem","position":3,"name":"Etna Off-road"}]},{"@type":"WebSite","@id":"https:\/\/etnamarenevescursioni.com\/de\/#website","url":"https:\/\/etnamarenevescursioni.com\/de\/","name":"Etna Mareneve Escursioni","description":"","potentialAction":[{"@type":"SearchAction","target":{"@type":"EntryPoint","urlTemplate":"https:\/\/etnamarenevescursioni.com\/de\/?s={search_term_string}"},"query-input":{"@type":"PropertyValueSpecification","valueRequired":true,"valueName":"search_term_string"}}],"inLanguage":"de"}]}},"_links":{"self":[{"href":"https:\/\/etnamarenevescursioni.com\/de\/wp-json\/wp\/v2\/product\/13492","targetHints":{"allow":["GET"]}}],"collection":[{"href":"https:\/\/etnamarenevescursioni.com\/de\/wp-json\/wp\/v2\/product"}],"about":[{"href":"https:\/\/etnamarenevescursioni.com\/de\/wp-json\/wp\/v2\/types\/product"}],"replies":[{"embeddable":true,"href":"https:\/\/etnamarenevescursioni.com\/de\/wp-json\/wp\/v2\/comments?post=13492"}],"wp:featuredmedia":[{"embeddable":true,"href":"https:\/\/etnamarenevescursioni.com\/de\/wp-json\/wp\/v2\/media\/13493"}],"wp:attachment":[{"href":"https:\/\/etnamarenevescursioni.com\/de\/wp-json\/wp\/v2\/media?parent=13492"}],"wp:term":[{"taxonomy":"product_brand","embeddable":true,"href":"https:\/\/etnamarenevescursioni.com\/de\/wp-json\/wp\/v2\/product_brand?post=13492"},{"taxonomy":"product_cat","embeddable":true,"href":"https:\/\/etnamarenevescursioni.com\/de\/wp-json\/wp\/v2\/product_cat?post=13492"},{"taxonomy":"product_tag","embeddable":true,"href":"https:\/\/etnamarenevescursioni.com\/de\/wp-json\/wp\/v2\/product_tag?post=13492"}],"curies":[{"name":"wp","href":"https:\/\/api.w.org\/{rel}","templated":true}]}}