{"id":13510,"date":"2024-02-15T14:21:46","date_gmt":"2024-02-15T13:21:46","guid":{"rendered":"https:\/\/etnamarenevescursioni.com\/prodotto\/etna-crateri-2900\/"},"modified":"2024-05-06T14:56:34","modified_gmt":"2024-05-06T12:56:34","slug":"etna-crateri-2900","status":"publish","type":"product","link":"https:\/\/etnamarenevescursioni.com\/de\/tour\/etna-crateri-2900\/","title":{"rendered":"Etna Crateri 2900m"},"content":{"rendered":"<p><strong>VERF\u00dcGBAR ALS GANZTAGES- ODER HALBTAGESFORMEL<\/strong><\/p>\n<p>Unsere Reise beginnt mit dem Betreten alter D\u00f6rfer, wo Geschichte und Tradition sich mit der vulkanischen Landschaft vermischen. Wir durchqueren das gr\u00fcne Herz des \u00c4tna-Parks, wo sich der Pfad zwischen \u00fcppigen W\u00e4ldern und Lavafeldern windet, in einem atemberaubenden Kontrast zwischen unber\u00fchrter Natur und der Macht des Vulkans. Hier zeigt sich die Flora in ihrer ganzen Vielfalt: von s\u00fc\u00dfen Obstg\u00e4rten mit \u00c4pfeln und Kirschen bis hin zu \u00fcppigen Weinbergen und Haselnussplantagen, bis zu den beeindruckenden W\u00e4ldern aus Kastanien, Eichen, Wacholdern sowie majest\u00e4tischen Birken und Buchen.<\/p>\n<p>Abh\u00e4ngig von den Kraterbedingungen starten wir entweder vom Rifugio Sapienza mit der Seilbahn oder von Piano Provenzana mit dem 4&#215;4-Bus. W\u00e4hrend des Aufstiegs werden wir bemerken, wie die Vegetation sp\u00e4rlicher wird und Platz f\u00fcr mond\u00e4hnliche Landschaften von au\u00dferordentlicher Sch\u00f6nheit macht, wo die Zeit stillzustehen scheint.<\/p>\n<p>In einer H\u00f6he von 2.900 Metern setzen wir unsere Wanderung fort, in einer Umgebung, in der sich die Majest\u00e4t des Vulkans in all ihrer Kraft offenbart und den Alltag hinter sich l\u00e4sst, eingetaucht in eine majest\u00e4tische und unber\u00fchrte Landschaft.<\/p>\n<p>Die Entdeckung setzt sich mit dem Besuch einer Lavastromh\u00f6hle fort, wo wir, ausgestattet mit Helmen, Einweg-Ohrst\u00f6pseln und Taschenlampen, die geheimnisvollen Tunnel erkunden, die von der Lavastr\u00f6mung geschaffen wurden, stille Zeugen der urzeitlichen Kr\u00e4fte, die diese L\u00e4nder geformt haben.<\/p>\n<p>F\u00fcr diejenigen, die sich f\u00fcr die Ganztagesoption entscheiden, wird das Erlebnis durch eine gastronomische Pause mit einem Mittagessen in der Schutzh\u00fctte, bestehend aus sizilianischen Spezialit\u00e4ten oder einer Verkostung von Etna DOC-Weinen, bereichert. Auf Anfrage k\u00f6nnen wir verschiedene einfache Alternativen anbieten.<\/p>\n<ul>\n<li>Abholung von der Unterkunft.<\/li>\n<li>Erreichen der 2.900m H\u00f6he mit den 4&#215;4-Bussen.<\/li>\n<li>Trekking auf wenig aktiven Kratern.<\/li>\n<li>Offroad-Tour mit Panoramablicken.<\/li>\n<li>Besuch von Lavastromh\u00f6hlen.<\/li>\n<li>Mittagessen in der Schutzh\u00fctte oder Weinverkostung.<\/li>\n<li>R\u00fcckkehr ins Hotel.<\/li>\n<\/ul>\n<p>&nbsp;<\/p>\n<p><strong>Empfohlene Ausr\u00fcstung<\/strong><\/p>\n<p>Wanderschuhe (oder Sportschuhe), Mehrlagenschichtenkleidung, wasserdichte Jacke, Hut, Sonnenbrille, Sonnenschutz und Teleskopst\u00f6cke.<\/p>\n<p><strong>Inkludierte Dienstleistungen<\/strong><\/p>\n<p>Abholung von Ihrer Unterkunft, Versicherung, Helme (mit Einweg-Ohrst\u00f6pseln), St\u00f6cke (auf Anfrage), Taschenlampen, Wasser und mehrsprachiger F\u00fchrer, Tickets f\u00fcr die Gel\u00e4ndebusse, Kosten f\u00fcr den Alpin-\/Vulkanf\u00fchrer und Picknick-Mittagessen bei der Ganztagesoption.<\/p>\n<p><strong>Warnhinweise<\/strong><\/p>\n<p>Die Tour ist den Wetterbedingungen und der Aktivit\u00e4t der Krater unterworfen und\/oder den Anordnungen der Beh\u00f6rden bez\u00fcglich der Sicherheit im Gipfelbereich; daher kann ihre Durchf\u00fchrung nicht garantiert werden, falls diese Bereiche gesperrt sind. Der F\u00fchrer beh\u00e4lt sich das uneingeschr\u00e4nkte Recht vor, die Tour zu stornieren oder zu \u00e4ndern, sollten die Sicherheitsbedingungen nicht mehr gegeben sein.<\/p>\n<p>Bei der Anfrage ist es notwendig, jeden psychophysischen Zustand mitzuteilen, der den Zustand einer gesunden und robusten Konstitution beeintr\u00e4chtigen k\u00f6nnte (z. B. Schwangerschaft, Herzprobleme, Asthma, Ateminsuffizienzen etc.).<\/p>\n<ul>\n<li>DIE EXKURSION IST ABSOLUT UNTERSAGT F\u00dcR HERZPATIENTEN, ASTHMAKRANKE UND BLUTHOCHDRUCKPATIENTEN, SCHWANGERE FRAUEN, NICHT EMPFOHLEN F\u00dcR PERSONEN MIT MOTORISCHEN PROBLEMEN.<\/li>\n<\/ul>\n","protected":false},"excerpt":{"rendered":"<p class=\"p1\">Die Exkursion Etna Krater 2900 bietet Ihnen ein spannendes Abenteuer an den H\u00e4ngen des Vulkans, wo die Natur sich in ihrer rohesten und majest\u00e4tischsten Form zeigt. Vom Rifugio Sapienza aus steigen Sie durch \u00fcppige W\u00e4lder und Lavastr\u00f6me auf, bis Sie den Gipfel in 2900 Metern erreichen, wo die mond\u00e4hnlichen Landschaften und die spektakul\u00e4re Aussicht auf die erloschenen Krater Ihnen den Atem rauben werden.<\/p>\n","protected":false},"featured_media":12792,"comment_status":"open","ping_status":"closed","template":"","meta":[],"product_brand":[],"product_cat":[111],"product_tag":[],"class_list":{"0":"post-13510","1":"product","2":"type-product","3":"status-publish","4":"has-post-thumbnail","6":"brw_tour_types-abenteuer","7":"product_cat-abenteuer","9":"first","10":"instock","11":"shipping-taxable","12":"product-type-ovabrw_car_rental"},"yoast_head":"<!-- This site is optimized with the Yoast SEO plugin v27.3 - https:\/\/yoast.com\/product\/yoast-seo-wordpress\/ -->\n<title>Etna Crateri 2900m - Etna Mareneve Escursioni<\/title>\n<meta name=\"robots\" content=\"index, follow, max-snippet:-1, max-image-preview:large, max-video-preview:-1\" \/>\n<link rel=\"canonical\" href=\"https:\/\/etnamarenevescursioni.com\/de\/tour\/etna-crateri-2900\/\" \/>\n<meta property=\"og:locale\" content=\"de_DE\" \/>\n<meta property=\"og:type\" content=\"article\" \/>\n<meta property=\"og:title\" content=\"Etna Crateri 2900m - Etna Mareneve Escursioni\" \/>\n<meta property=\"og:description\" content=\"Die Exkursion Etna Krater 2900 bietet Ihnen ein spannendes Abenteuer an den H\u00e4ngen des Vulkans, wo die Natur sich in ihrer rohesten und majest\u00e4tischsten Form zeigt. Vom Rifugio Sapienza aus steigen Sie durch \u00fcppige W\u00e4lder und Lavastr\u00f6me auf, bis Sie den Gipfel in 2900 Metern erreichen, wo die mond\u00e4hnlichen Landschaften und die spektakul\u00e4re Aussicht auf die erloschenen Krater Ihnen den Atem rauben werden.\" \/>\n<meta property=\"og:url\" content=\"https:\/\/etnamarenevescursioni.com\/de\/tour\/etna-crateri-2900\/\" \/>\n<meta property=\"og:site_name\" content=\"Etna Mareneve Escursioni\" \/>\n<meta property=\"article:modified_time\" content=\"2024-05-06T12:56:34+00:00\" \/>\n<meta property=\"og:image\" content=\"https:\/\/etnamarenevescursioni.com\/wp-content\/uploads\/2024\/02\/Collezione-Etna-17.jpg\" \/>\n\t<meta property=\"og:image:width\" content=\"1420\" \/>\n\t<meta property=\"og:image:height\" content=\"947\" \/>\n\t<meta property=\"og:image:type\" content=\"image\/jpeg\" \/>\n<meta name=\"twitter:card\" content=\"summary_large_image\" \/>\n<meta name=\"twitter:label1\" content=\"Gesch\u00e4tzte Lesezeit\" \/>\n\t<meta name=\"twitter:data1\" content=\"3\u00a0Minuten\" \/>\n<script type=\"application\/ld+json\" class=\"yoast-schema-graph\">{\"@context\":\"https:\\\/\\\/schema.org\",\"@graph\":[{\"@type\":\"WebPage\",\"@id\":\"https:\\\/\\\/etnamarenevescursioni.com\\\/de\\\/tour\\\/etna-crateri-2900\\\/\",\"url\":\"https:\\\/\\\/etnamarenevescursioni.com\\\/de\\\/tour\\\/etna-crateri-2900\\\/\",\"name\":\"Etna Crateri 2900m - Etna Mareneve Escursioni\",\"isPartOf\":{\"@id\":\"https:\\\/\\\/etnamarenevescursioni.com\\\/de\\\/#website\"},\"primaryImageOfPage\":{\"@id\":\"https:\\\/\\\/etnamarenevescursioni.com\\\/de\\\/tour\\\/etna-crateri-2900\\\/#primaryimage\"},\"image\":{\"@id\":\"https:\\\/\\\/etnamarenevescursioni.com\\\/de\\\/tour\\\/etna-crateri-2900\\\/#primaryimage\"},\"thumbnailUrl\":\"https:\\\/\\\/etnamarenevescursioni.com\\\/wp-content\\\/uploads\\\/2024\\\/02\\\/Collezione-Etna-17.jpg\",\"datePublished\":\"2024-02-15T13:21:46+00:00\",\"dateModified\":\"2024-05-06T12:56:34+00:00\",\"breadcrumb\":{\"@id\":\"https:\\\/\\\/etnamarenevescursioni.com\\\/de\\\/tour\\\/etna-crateri-2900\\\/#breadcrumb\"},\"inLanguage\":\"de\",\"potentialAction\":[{\"@type\":\"ReadAction\",\"target\":[\"https:\\\/\\\/etnamarenevescursioni.com\\\/de\\\/tour\\\/etna-crateri-2900\\\/\"]}]},{\"@type\":\"ImageObject\",\"inLanguage\":\"de\",\"@id\":\"https:\\\/\\\/etnamarenevescursioni.com\\\/de\\\/tour\\\/etna-crateri-2900\\\/#primaryimage\",\"url\":\"https:\\\/\\\/etnamarenevescursioni.com\\\/wp-content\\\/uploads\\\/2024\\\/02\\\/Collezione-Etna-17.jpg\",\"contentUrl\":\"https:\\\/\\\/etnamarenevescursioni.com\\\/wp-content\\\/uploads\\\/2024\\\/02\\\/Collezione-Etna-17.jpg\",\"width\":1420,\"height\":947},{\"@type\":\"BreadcrumbList\",\"@id\":\"https:\\\/\\\/etnamarenevescursioni.com\\\/de\\\/tour\\\/etna-crateri-2900\\\/#breadcrumb\",\"itemListElement\":[{\"@type\":\"ListItem\",\"position\":1,\"name\":\"Home\",\"item\":\"https:\\\/\\\/etnamarenevescursioni.com\\\/de\\\/\"},{\"@type\":\"ListItem\",\"position\":2,\"name\":\"Shop\",\"item\":\"https:\\\/\\\/etnamarenevescursioni.com\\\/?page_id=10\"},{\"@type\":\"ListItem\",\"position\":3,\"name\":\"Etna Crateri 2900m\"}]},{\"@type\":\"WebSite\",\"@id\":\"https:\\\/\\\/etnamarenevescursioni.com\\\/de\\\/#website\",\"url\":\"https:\\\/\\\/etnamarenevescursioni.com\\\/de\\\/\",\"name\":\"Etna Mareneve Escursioni\",\"description\":\"\",\"potentialAction\":[{\"@type\":\"SearchAction\",\"target\":{\"@type\":\"EntryPoint\",\"urlTemplate\":\"https:\\\/\\\/etnamarenevescursioni.com\\\/de\\\/?s={search_term_string}\"},\"query-input\":{\"@type\":\"PropertyValueSpecification\",\"valueRequired\":true,\"valueName\":\"search_term_string\"}}],\"inLanguage\":\"de\"}]}<\/script>\n<!-- \/ Yoast SEO plugin. -->","yoast_head_json":{"title":"Etna Crateri 2900m - Etna Mareneve Escursioni","robots":{"index":"index","follow":"follow","max-snippet":"max-snippet:-1","max-image-preview":"max-image-preview:large","max-video-preview":"max-video-preview:-1"},"canonical":"https:\/\/etnamarenevescursioni.com\/de\/tour\/etna-crateri-2900\/","og_locale":"de_DE","og_type":"article","og_title":"Etna Crateri 2900m - Etna Mareneve Escursioni","og_description":"Die Exkursion Etna Krater 2900 bietet Ihnen ein spannendes Abenteuer an den H\u00e4ngen des Vulkans, wo die Natur sich in ihrer rohesten und majest\u00e4tischsten Form zeigt. Vom Rifugio Sapienza aus steigen Sie durch \u00fcppige W\u00e4lder und Lavastr\u00f6me auf, bis Sie den Gipfel in 2900 Metern erreichen, wo die mond\u00e4hnlichen Landschaften und die spektakul\u00e4re Aussicht auf die erloschenen Krater Ihnen den Atem rauben werden.","og_url":"https:\/\/etnamarenevescursioni.com\/de\/tour\/etna-crateri-2900\/","og_site_name":"Etna Mareneve Escursioni","article_modified_time":"2024-05-06T12:56:34+00:00","og_image":[{"width":1420,"height":947,"url":"https:\/\/etnamarenevescursioni.com\/wp-content\/uploads\/2024\/02\/Collezione-Etna-17.jpg","type":"image\/jpeg"}],"twitter_card":"summary_large_image","twitter_misc":{"Gesch\u00e4tzte Lesezeit":"3\u00a0Minuten"},"schema":{"@context":"https:\/\/schema.org","@graph":[{"@type":"WebPage","@id":"https:\/\/etnamarenevescursioni.com\/de\/tour\/etna-crateri-2900\/","url":"https:\/\/etnamarenevescursioni.com\/de\/tour\/etna-crateri-2900\/","name":"Etna Crateri 2900m - Etna Mareneve Escursioni","isPartOf":{"@id":"https:\/\/etnamarenevescursioni.com\/de\/#website"},"primaryImageOfPage":{"@id":"https:\/\/etnamarenevescursioni.com\/de\/tour\/etna-crateri-2900\/#primaryimage"},"image":{"@id":"https:\/\/etnamarenevescursioni.com\/de\/tour\/etna-crateri-2900\/#primaryimage"},"thumbnailUrl":"https:\/\/etnamarenevescursioni.com\/wp-content\/uploads\/2024\/02\/Collezione-Etna-17.jpg","datePublished":"2024-02-15T13:21:46+00:00","dateModified":"2024-05-06T12:56:34+00:00","breadcrumb":{"@id":"https:\/\/etnamarenevescursioni.com\/de\/tour\/etna-crateri-2900\/#breadcrumb"},"inLanguage":"de","potentialAction":[{"@type":"ReadAction","target":["https:\/\/etnamarenevescursioni.com\/de\/tour\/etna-crateri-2900\/"]}]},{"@type":"ImageObject","inLanguage":"de","@id":"https:\/\/etnamarenevescursioni.com\/de\/tour\/etna-crateri-2900\/#primaryimage","url":"https:\/\/etnamarenevescursioni.com\/wp-content\/uploads\/2024\/02\/Collezione-Etna-17.jpg","contentUrl":"https:\/\/etnamarenevescursioni.com\/wp-content\/uploads\/2024\/02\/Collezione-Etna-17.jpg","width":1420,"height":947},{"@type":"BreadcrumbList","@id":"https:\/\/etnamarenevescursioni.com\/de\/tour\/etna-crateri-2900\/#breadcrumb","itemListElement":[{"@type":"ListItem","position":1,"name":"Home","item":"https:\/\/etnamarenevescursioni.com\/de\/"},{"@type":"ListItem","position":2,"name":"Shop","item":"https:\/\/etnamarenevescursioni.com\/?page_id=10"},{"@type":"ListItem","position":3,"name":"Etna Crateri 2900m"}]},{"@type":"WebSite","@id":"https:\/\/etnamarenevescursioni.com\/de\/#website","url":"https:\/\/etnamarenevescursioni.com\/de\/","name":"Etna Mareneve Escursioni","description":"","potentialAction":[{"@type":"SearchAction","target":{"@type":"EntryPoint","urlTemplate":"https:\/\/etnamarenevescursioni.com\/de\/?s={search_term_string}"},"query-input":{"@type":"PropertyValueSpecification","valueRequired":true,"valueName":"search_term_string"}}],"inLanguage":"de"}]}},"_links":{"self":[{"href":"https:\/\/etnamarenevescursioni.com\/de\/wp-json\/wp\/v2\/product\/13510","targetHints":{"allow":["GET"]}}],"collection":[{"href":"https:\/\/etnamarenevescursioni.com\/de\/wp-json\/wp\/v2\/product"}],"about":[{"href":"https:\/\/etnamarenevescursioni.com\/de\/wp-json\/wp\/v2\/types\/product"}],"replies":[{"embeddable":true,"href":"https:\/\/etnamarenevescursioni.com\/de\/wp-json\/wp\/v2\/comments?post=13510"}],"wp:featuredmedia":[{"embeddable":true,"href":"https:\/\/etnamarenevescursioni.com\/de\/wp-json\/wp\/v2\/media\/12792"}],"wp:attachment":[{"href":"https:\/\/etnamarenevescursioni.com\/de\/wp-json\/wp\/v2\/media?parent=13510"}],"wp:term":[{"taxonomy":"product_brand","embeddable":true,"href":"https:\/\/etnamarenevescursioni.com\/de\/wp-json\/wp\/v2\/product_brand?post=13510"},{"taxonomy":"product_cat","embeddable":true,"href":"https:\/\/etnamarenevescursioni.com\/de\/wp-json\/wp\/v2\/product_cat?post=13510"},{"taxonomy":"product_tag","embeddable":true,"href":"https:\/\/etnamarenevescursioni.com\/de\/wp-json\/wp\/v2\/product_tag?post=13510"}],"curies":[{"name":"wp","href":"https:\/\/api.w.org\/{rel}","templated":true}]}}