{"id":13514,"date":"2024-02-15T14:27:47","date_gmt":"2024-02-15T13:27:47","guid":{"rendered":"https:\/\/etnamarenevescursioni.com\/prodotto\/siracusa-noto\/"},"modified":"2024-05-06T15:10:58","modified_gmt":"2024-05-06T13:10:58","slug":"siracusa-noto","status":"publish","type":"product","link":"https:\/\/etnamarenevescursioni.com\/de\/tour\/siracusa-noto\/","title":{"rendered":"Siracusa &#038; Noto"},"content":{"rendered":"<p>Unsere Tour beginnt in der historischen Stadt Syrakus, eine Stadt von unvergleichlicher Sch\u00f6nheit und Charme, von Cicero als &#8222;die sch\u00f6nste Stadt der Magna Graecia&#8220; gefeiert. Dieses wertvolle Juwel des Mittelmeers, zum UNESCO-Weltkulturerbe erkl\u00e4rt, erhebt sich in einer bezaubernden Bucht, umarmt von der Insel Ortigia, gegr\u00fcndet im Jahr 734 v. Chr. von korinthischen Siedlern. Syrakus, die kulturelle Hauptstadt von der griechischen Zeit bis zur Renaissance des Barocks, konkurrierte in Gr\u00f6\u00dfe und Pracht mit den ber\u00fchmtesten St\u00e4dten ihrer Zeit, wie Athen und Alexandria.<\/p>\n<p>Eingetaucht in Jahrhunderte der Geschichte, werden wir den Arch\u00e4ologischen Park Neapolis erkunden, das Herz des alten Syrakus, um uns dann in den Gassen der Altstadt von Ortigia zu verlieren. Hier werden wir den Tempel der Minerva bewundern, der in eine majest\u00e4tische christliche Kathedrale umgewandelt wurde, und von der legend\u00e4ren Arethusa-Quelle verzaubert werden, einer S\u00fc\u00dfwasserquelle, die nur wenige Schritte vom Meer entfernt entspringt.<\/p>\n<p>Nach einem Vormittag voller Geschichte werden wir eine Pause einlegen, um die authentischen Aromen dieses Landes zu genie\u00dfen, reich an kulinarischen Traditionen. Am Nachmittag wird unsere Reise in das herrliche Noto fortgesetzt, die unangefochtene Hauptstadt des sizilianischen Barocks. W\u00e4hrend wir entlang der Hauptstra\u00dfe spazieren, werden wir von den honigfarbenen Fassaden seiner Architekturen \u00fcberrascht, die unter der sizilianischen Sonne leuchten. Wir werden Pl\u00e4tze und Treppen bewundern, die Teil eines Gem\u00e4ldes zu sein scheinen, in einer Abfolge von architektonischen Meisterwerken, die die Wiedergeburt der Stadt nach dem verheerenden Erdbeben von 1693 erz\u00e4hlen. Noto, aus seiner Asche an einem neuen Ort im Jahr 1702 wiedergeboren, pr\u00e4sentiert sich den Besuchern als eine pr\u00e4chtige Kunststadt, ein UNESCO-Schatz, der bei jedem Blick verzaubert. Seine barocke Eleganz, mit ihren Kirchen, Pal\u00e4sten und G\u00e4rten, macht sie zu einem unvergesslichen Erlebnis f\u00fcr jeden, der durch Sizilien reist.<\/p>\n<ul>\n<li>Abholung von der Unterkunft.<\/li>\n<li>Besuch von Syrakus und Ortigia.<\/li>\n<li>Mittagessen.<\/li>\n<li>Besuch von Noto.<\/li>\n<li>Verkostung typischer Produkte.<\/li>\n<li>R\u00fcckkehr zum Hotel.<\/li>\n<\/ul>\n<p>&nbsp;<\/p>\n<p><strong>Empfohlene Ausr\u00fcstung<\/strong><\/p>\n<p>Bequeme Schuhe, Schichtkleidung, wasserdichte Jacke, Hut, Sonnenbrille und Sonnenschutz.<\/p>\n<p><strong>Inkludierte Leistungen<\/strong><\/p>\n<p>Abholung von Ihrer Unterkunft, Versicherung und Wasser.<\/p>\n","protected":false},"excerpt":{"rendered":"<p class=\"p1\">In dieser Tour tauchen Sie ein in die Wunder des sizilianischen Barocks und die alte Geschichte. In Syrakus besuchen Sie die Insel Ortigia und den arch\u00e4ologischen Park Neapolis, Zeugen von Jahrtausenden der Geschichte. Weiter geht es nach Noto, wo Sie von den pr\u00e4chtigen barocken Architekturen verzaubert werden, die unter der sizilianischen Sonne ein goldenes Leuchten ausstrahlen.<\/p>\n","protected":false},"featured_media":13454,"comment_status":"open","ping_status":"closed","template":"","meta":[],"product_cat":[119],"product_tag":[],"class_list":{"0":"post-13514","1":"product","2":"type-product","3":"status-publish","4":"has-post-thumbnail","6":"brw_tour_types-kulturell","7":"product_cat-kulturell","9":"first","10":"instock","11":"shipping-taxable","12":"product-type-ovabrw_car_rental"},"yoast_head":"<!-- This site is optimized with the Yoast SEO plugin v22.8 - https:\/\/yoast.com\/wordpress\/plugins\/seo\/ -->\n<title>Siracusa &amp; Noto - Etna Mareneve Escursioni<\/title>\n<meta name=\"robots\" content=\"index, follow, max-snippet:-1, max-image-preview:large, max-video-preview:-1\" \/>\n<link rel=\"canonical\" href=\"https:\/\/etnamarenevescursioni.com\/de\/tour\/siracusa-noto\/\" \/>\n<meta property=\"og:locale\" content=\"de_DE\" \/>\n<meta property=\"og:type\" content=\"article\" \/>\n<meta property=\"og:title\" content=\"Siracusa &amp; Noto - Etna Mareneve Escursioni\" \/>\n<meta property=\"og:description\" content=\"In dieser Tour tauchen Sie ein in die Wunder des sizilianischen Barocks und die alte Geschichte. In Syrakus besuchen Sie die Insel Ortigia und den arch\u00e4ologischen Park Neapolis, Zeugen von Jahrtausenden der Geschichte. Weiter geht es nach Noto, wo Sie von den pr\u00e4chtigen barocken Architekturen verzaubert werden, die unter der sizilianischen Sonne ein goldenes Leuchten ausstrahlen.\" \/>\n<meta property=\"og:url\" content=\"https:\/\/etnamarenevescursioni.com\/de\/tour\/siracusa-noto\/\" \/>\n<meta property=\"og:site_name\" content=\"Etna Mareneve Escursioni\" \/>\n<meta property=\"article:modified_time\" content=\"2024-05-06T13:10:58+00:00\" \/>\n<meta property=\"og:image\" content=\"https:\/\/etnamarenevescursioni.com\/wp-content\/uploads\/2022\/07\/cathedral-of-syracuse-in-syracuse-sicily-2023-11-27-05-05-23-utc.jpg\" \/>\n\t<meta property=\"og:image:width\" content=\"1420\" \/>\n\t<meta property=\"og:image:height\" content=\"947\" \/>\n\t<meta property=\"og:image:type\" content=\"image\/jpeg\" \/>\n<meta name=\"twitter:card\" content=\"summary_large_image\" \/>\n<meta name=\"twitter:label1\" content=\"Gesch\u00e4tzte Lesezeit\" \/>\n\t<meta name=\"twitter:data1\" content=\"2\u00a0Minuten\" \/>\n<script type=\"application\/ld+json\" class=\"yoast-schema-graph\">{\"@context\":\"https:\/\/schema.org\",\"@graph\":[{\"@type\":\"WebPage\",\"@id\":\"https:\/\/etnamarenevescursioni.com\/de\/tour\/siracusa-noto\/\",\"url\":\"https:\/\/etnamarenevescursioni.com\/de\/tour\/siracusa-noto\/\",\"name\":\"Siracusa & Noto - Etna Mareneve Escursioni\",\"isPartOf\":{\"@id\":\"https:\/\/etnamarenevescursioni.com\/de\/#website\"},\"primaryImageOfPage\":{\"@id\":\"https:\/\/etnamarenevescursioni.com\/de\/tour\/siracusa-noto\/#primaryimage\"},\"image\":{\"@id\":\"https:\/\/etnamarenevescursioni.com\/de\/tour\/siracusa-noto\/#primaryimage\"},\"thumbnailUrl\":\"https:\/\/etnamarenevescursioni.com\/wp-content\/uploads\/2022\/07\/cathedral-of-syracuse-in-syracuse-sicily-2023-11-27-05-05-23-utc.jpg\",\"datePublished\":\"2024-02-15T13:27:47+00:00\",\"dateModified\":\"2024-05-06T13:10:58+00:00\",\"breadcrumb\":{\"@id\":\"https:\/\/etnamarenevescursioni.com\/de\/tour\/siracusa-noto\/#breadcrumb\"},\"inLanguage\":\"de\",\"potentialAction\":[{\"@type\":\"ReadAction\",\"target\":[\"https:\/\/etnamarenevescursioni.com\/de\/tour\/siracusa-noto\/\"]}]},{\"@type\":\"ImageObject\",\"inLanguage\":\"de\",\"@id\":\"https:\/\/etnamarenevescursioni.com\/de\/tour\/siracusa-noto\/#primaryimage\",\"url\":\"https:\/\/etnamarenevescursioni.com\/wp-content\/uploads\/2022\/07\/cathedral-of-syracuse-in-syracuse-sicily-2023-11-27-05-05-23-utc.jpg\",\"contentUrl\":\"https:\/\/etnamarenevescursioni.com\/wp-content\/uploads\/2022\/07\/cathedral-of-syracuse-in-syracuse-sicily-2023-11-27-05-05-23-utc.jpg\",\"width\":1420,\"height\":947},{\"@type\":\"BreadcrumbList\",\"@id\":\"https:\/\/etnamarenevescursioni.com\/de\/tour\/siracusa-noto\/#breadcrumb\",\"itemListElement\":[{\"@type\":\"ListItem\",\"position\":1,\"name\":\"Home\",\"item\":\"https:\/\/etnamarenevescursioni.com\/de\/\"},{\"@type\":\"ListItem\",\"position\":2,\"name\":\"Shop\",\"item\":\"https:\/\/etnamarenevescursioni.com\/?page_id=10\"},{\"@type\":\"ListItem\",\"position\":3,\"name\":\"Siracusa &#038; Noto\"}]},{\"@type\":\"WebSite\",\"@id\":\"https:\/\/etnamarenevescursioni.com\/de\/#website\",\"url\":\"https:\/\/etnamarenevescursioni.com\/de\/\",\"name\":\"Etna Mareneve Escursioni\",\"description\":\"\",\"potentialAction\":[{\"@type\":\"SearchAction\",\"target\":{\"@type\":\"EntryPoint\",\"urlTemplate\":\"https:\/\/etnamarenevescursioni.com\/de\/?s={search_term_string}\"},\"query-input\":\"required name=search_term_string\"}],\"inLanguage\":\"de\"}]}<\/script>\n<!-- \/ Yoast SEO plugin. -->","yoast_head_json":{"title":"Siracusa & Noto - Etna Mareneve Escursioni","robots":{"index":"index","follow":"follow","max-snippet":"max-snippet:-1","max-image-preview":"max-image-preview:large","max-video-preview":"max-video-preview:-1"},"canonical":"https:\/\/etnamarenevescursioni.com\/de\/tour\/siracusa-noto\/","og_locale":"de_DE","og_type":"article","og_title":"Siracusa & Noto - Etna Mareneve Escursioni","og_description":"In dieser Tour tauchen Sie ein in die Wunder des sizilianischen Barocks und die alte Geschichte. In Syrakus besuchen Sie die Insel Ortigia und den arch\u00e4ologischen Park Neapolis, Zeugen von Jahrtausenden der Geschichte. Weiter geht es nach Noto, wo Sie von den pr\u00e4chtigen barocken Architekturen verzaubert werden, die unter der sizilianischen Sonne ein goldenes Leuchten ausstrahlen.","og_url":"https:\/\/etnamarenevescursioni.com\/de\/tour\/siracusa-noto\/","og_site_name":"Etna Mareneve Escursioni","article_modified_time":"2024-05-06T13:10:58+00:00","og_image":[{"width":1420,"height":947,"url":"https:\/\/etnamarenevescursioni.com\/wp-content\/uploads\/2022\/07\/cathedral-of-syracuse-in-syracuse-sicily-2023-11-27-05-05-23-utc.jpg","type":"image\/jpeg"}],"twitter_card":"summary_large_image","twitter_misc":{"Gesch\u00e4tzte Lesezeit":"2\u00a0Minuten"},"schema":{"@context":"https:\/\/schema.org","@graph":[{"@type":"WebPage","@id":"https:\/\/etnamarenevescursioni.com\/de\/tour\/siracusa-noto\/","url":"https:\/\/etnamarenevescursioni.com\/de\/tour\/siracusa-noto\/","name":"Siracusa & Noto - Etna Mareneve Escursioni","isPartOf":{"@id":"https:\/\/etnamarenevescursioni.com\/de\/#website"},"primaryImageOfPage":{"@id":"https:\/\/etnamarenevescursioni.com\/de\/tour\/siracusa-noto\/#primaryimage"},"image":{"@id":"https:\/\/etnamarenevescursioni.com\/de\/tour\/siracusa-noto\/#primaryimage"},"thumbnailUrl":"https:\/\/etnamarenevescursioni.com\/wp-content\/uploads\/2022\/07\/cathedral-of-syracuse-in-syracuse-sicily-2023-11-27-05-05-23-utc.jpg","datePublished":"2024-02-15T13:27:47+00:00","dateModified":"2024-05-06T13:10:58+00:00","breadcrumb":{"@id":"https:\/\/etnamarenevescursioni.com\/de\/tour\/siracusa-noto\/#breadcrumb"},"inLanguage":"de","potentialAction":[{"@type":"ReadAction","target":["https:\/\/etnamarenevescursioni.com\/de\/tour\/siracusa-noto\/"]}]},{"@type":"ImageObject","inLanguage":"de","@id":"https:\/\/etnamarenevescursioni.com\/de\/tour\/siracusa-noto\/#primaryimage","url":"https:\/\/etnamarenevescursioni.com\/wp-content\/uploads\/2022\/07\/cathedral-of-syracuse-in-syracuse-sicily-2023-11-27-05-05-23-utc.jpg","contentUrl":"https:\/\/etnamarenevescursioni.com\/wp-content\/uploads\/2022\/07\/cathedral-of-syracuse-in-syracuse-sicily-2023-11-27-05-05-23-utc.jpg","width":1420,"height":947},{"@type":"BreadcrumbList","@id":"https:\/\/etnamarenevescursioni.com\/de\/tour\/siracusa-noto\/#breadcrumb","itemListElement":[{"@type":"ListItem","position":1,"name":"Home","item":"https:\/\/etnamarenevescursioni.com\/de\/"},{"@type":"ListItem","position":2,"name":"Shop","item":"https:\/\/etnamarenevescursioni.com\/?page_id=10"},{"@type":"ListItem","position":3,"name":"Siracusa &#038; Noto"}]},{"@type":"WebSite","@id":"https:\/\/etnamarenevescursioni.com\/de\/#website","url":"https:\/\/etnamarenevescursioni.com\/de\/","name":"Etna Mareneve Escursioni","description":"","potentialAction":[{"@type":"SearchAction","target":{"@type":"EntryPoint","urlTemplate":"https:\/\/etnamarenevescursioni.com\/de\/?s={search_term_string}"},"query-input":"required name=search_term_string"}],"inLanguage":"de"}]}},"_links":{"self":[{"href":"https:\/\/etnamarenevescursioni.com\/de\/wp-json\/wp\/v2\/product\/13514","targetHints":{"allow":["GET"]}}],"collection":[{"href":"https:\/\/etnamarenevescursioni.com\/de\/wp-json\/wp\/v2\/product"}],"about":[{"href":"https:\/\/etnamarenevescursioni.com\/de\/wp-json\/wp\/v2\/types\/product"}],"replies":[{"embeddable":true,"href":"https:\/\/etnamarenevescursioni.com\/de\/wp-json\/wp\/v2\/comments?post=13514"}],"wp:featuredmedia":[{"embeddable":true,"href":"https:\/\/etnamarenevescursioni.com\/de\/wp-json\/wp\/v2\/media\/13454"}],"wp:attachment":[{"href":"https:\/\/etnamarenevescursioni.com\/de\/wp-json\/wp\/v2\/media?parent=13514"}],"wp:term":[{"taxonomy":"product_cat","embeddable":true,"href":"https:\/\/etnamarenevescursioni.com\/de\/wp-json\/wp\/v2\/product_cat?post=13514"},{"taxonomy":"product_tag","embeddable":true,"href":"https:\/\/etnamarenevescursioni.com\/de\/wp-json\/wp\/v2\/product_tag?post=13514"}],"curies":[{"name":"wp","href":"https:\/\/api.w.org\/{rel}","templated":true}]}}