{"id":13519,"date":"2024-02-15T14:30:57","date_gmt":"2024-02-15T13:30:57","guid":{"rendered":"https:\/\/etnamarenevescursioni.com\/prodotto\/modica-ragusa\/"},"modified":"2024-05-06T15:05:40","modified_gmt":"2024-05-06T13:05:40","slug":"modica-ragusa","status":"publish","type":"product","link":"https:\/\/etnamarenevescursioni.com\/de\/tour\/modica-ragusa\/","title":{"rendered":"Modica &#038; Ragusa"},"content":{"rendered":"<p><strong>Modica &#8211; Die Stadt der Schokolade und des Barock<\/strong><\/p>\n<p>Unsere Erfahrung beginnt in der s\u00fc\u00dfen Stadt Modica, einem wahren architektonischen Meisterwerk, das aus der Asche des Erdbebens von 1693 wiedergeboren wurde. Diese malerische Stadt entfaltet sich in einem faszinierenden Spiel der Ebenen zwischen Modica \u201eoben\u201c und Modica \u201eunten\u201c, verbunden durch malerische Treppen, die sich durch das historische Herz schl\u00e4ngeln. Beim Spaziergang durch die engen Gassen tauchen Sie in eine zeitlose Atmosph\u00e4re ein, wo die Wohnungen scheinbar direkt aus dem Felsen hervorgehen, ein Zeugnis der unaufl\u00f6slichen Verbindung zwischen Mensch und Natur, die bis in die Vorgeschichte zur\u00fcckreicht. Die Tour wird fortgesetzt mit einer unverzichtbaren Verkostung: Modica-Schokolade, hergestellt nach einem alten aztekischen Rezept, bietet Ihnen einen einzigartigen Einblick in die lokale kulinarische Tradition.<\/p>\n<p><strong>Ragusa &#8211; Barocker Zauber zwischen Neu und Alt<\/strong><\/p>\n<p>Wir setzen unsere Reise fort und erreichen die Stadt Ragusa, die harmonisch zwischen der Modernit\u00e4t des neuen Teils und dem alten Charme von Ibla aufgeteilt ist. Letzteres, errichtet auf den Ruinen einer jahrtausendealten Vergangenheit und pr\u00e4chtig restauriert nach dem Erdbeben von 1693, pr\u00e4sentiert sich als ein Labyrinth barocker Sch\u00f6nheiten, mit Pl\u00e4tzen, Kirchen und Pal\u00e4sten, die die Geschichte einer wiedergeborenen Zivilisation erz\u00e4hlen. Das pulsierende Herz von Ragusa Ibla offenbart sich in seinen Gassen, die uns zur Entdeckung echter Sch\u00e4tze f\u00fchren, wie der Piazza del Duomo und dem Portal von San Giorgio, neben dem \u00fcppigen Giardino Ibleo. Jede Ecke von Ibla ist eine Entdeckung, eine Einladung, sich in atemberaubenden Panoramen und einzigartiger Architektur zu verlieren.<\/p>\n<ul>\n<li>Abholung von der Unterkunft.<\/li>\n<li>Besuch von Modica.<\/li>\n<li>Mittagessen.<\/li>\n<li>Besuch von Ragusa Ibla.<\/li>\n<li>Verkostung typischer Produkte.<\/li>\n<li>R\u00fcckkehr ins Hotel.<\/li>\n<\/ul>\n<p>&nbsp;<\/p>\n<p><strong>Empfohlene Ausr\u00fcstung<\/strong><\/p>\n<p>Bequeme Schuhe, Schichtkleidung, wasserdichte Jacke, Hut, Sonnenbrille und Sonnenschutz.<\/p>\n<p><strong>Inkludierte Dienstleistungen<\/strong><\/p>\n<p>Abholung von Ihrer Unterkunft, Versicherung und Wasser.<\/p>\n","protected":false},"excerpt":{"rendered":"<p class=\"p1\">Diese Tour f\u00fchrt Sie durch die historischen St\u00e4dte Modica und Ragusa, wo Kunst und Geschichte in einer einzigartigen Atmosph\u00e4re verschmelzen. Entdecken Sie die verborgenen Sch\u00e4tze von Modica, bekannt f\u00fcr seine einzigartige Schokolade und atemberaubende barocke Architektur. Setzen Sie das Abenteuer in Ragusa Ibla fort, ein komplexes Labyrinth aus barocken Sch\u00f6nheiten, mit charmanten Pl\u00e4tzen und Gassen, die Geschichten von Wiedergeburt und Pracht erz\u00e4hlen.<\/p>\n","protected":false},"featured_media":13481,"comment_status":"closed","ping_status":"closed","template":"","meta":[],"product_brand":[],"product_cat":[119],"product_tag":[],"class_list":{"0":"post-13519","1":"product","2":"type-product","3":"status-publish","4":"has-post-thumbnail","6":"brw_tour_types-kulturell","7":"product_cat-kulturell","9":"first","10":"instock","11":"shipping-taxable","12":"product-type-ovabrw_car_rental"},"yoast_head":"<!-- This site is optimized with the Yoast SEO plugin v27.3 - https:\/\/yoast.com\/product\/yoast-seo-wordpress\/ -->\n<title>Modica &amp; Ragusa - Etna Mareneve Escursioni<\/title>\n<meta name=\"robots\" content=\"index, follow, max-snippet:-1, max-image-preview:large, max-video-preview:-1\" \/>\n<link rel=\"canonical\" href=\"https:\/\/etnamarenevescursioni.com\/de\/tour\/modica-ragusa\/\" \/>\n<meta property=\"og:locale\" content=\"de_DE\" \/>\n<meta property=\"og:type\" content=\"article\" \/>\n<meta property=\"og:title\" content=\"Modica &amp; Ragusa - Etna Mareneve Escursioni\" \/>\n<meta property=\"og:description\" content=\"Diese Tour f\u00fchrt Sie durch die historischen St\u00e4dte Modica und Ragusa, wo Kunst und Geschichte in einer einzigartigen Atmosph\u00e4re verschmelzen. Entdecken Sie die verborgenen Sch\u00e4tze von Modica, bekannt f\u00fcr seine einzigartige Schokolade und atemberaubende barocke Architektur. Setzen Sie das Abenteuer in Ragusa Ibla fort, ein komplexes Labyrinth aus barocken Sch\u00f6nheiten, mit charmanten Pl\u00e4tzen und Gassen, die Geschichten von Wiedergeburt und Pracht erz\u00e4hlen.\" \/>\n<meta property=\"og:url\" content=\"https:\/\/etnamarenevescursioni.com\/de\/tour\/modica-ragusa\/\" \/>\n<meta property=\"og:site_name\" content=\"Etna Mareneve Escursioni\" \/>\n<meta property=\"article:modified_time\" content=\"2024-05-06T13:05:40+00:00\" \/>\n<meta property=\"og:image\" content=\"https:\/\/etnamarenevescursioni.com\/wp-content\/uploads\/2022\/07\/ragusa-ibla-sicily-italy-2023-11-27-05-05-32-utc.jpg\" \/>\n\t<meta property=\"og:image:width\" content=\"1420\" \/>\n\t<meta property=\"og:image:height\" content=\"947\" \/>\n\t<meta property=\"og:image:type\" content=\"image\/jpeg\" \/>\n<meta name=\"twitter:card\" content=\"summary_large_image\" \/>\n<meta name=\"twitter:label1\" content=\"Gesch\u00e4tzte Lesezeit\" \/>\n\t<meta name=\"twitter:data1\" content=\"2\u00a0Minuten\" \/>\n<script type=\"application\/ld+json\" class=\"yoast-schema-graph\">{\"@context\":\"https:\\\/\\\/schema.org\",\"@graph\":[{\"@type\":\"WebPage\",\"@id\":\"https:\\\/\\\/etnamarenevescursioni.com\\\/de\\\/tour\\\/modica-ragusa\\\/\",\"url\":\"https:\\\/\\\/etnamarenevescursioni.com\\\/de\\\/tour\\\/modica-ragusa\\\/\",\"name\":\"Modica & Ragusa - Etna Mareneve Escursioni\",\"isPartOf\":{\"@id\":\"https:\\\/\\\/etnamarenevescursioni.com\\\/de\\\/#website\"},\"primaryImageOfPage\":{\"@id\":\"https:\\\/\\\/etnamarenevescursioni.com\\\/de\\\/tour\\\/modica-ragusa\\\/#primaryimage\"},\"image\":{\"@id\":\"https:\\\/\\\/etnamarenevescursioni.com\\\/de\\\/tour\\\/modica-ragusa\\\/#primaryimage\"},\"thumbnailUrl\":\"https:\\\/\\\/etnamarenevescursioni.com\\\/wp-content\\\/uploads\\\/2022\\\/07\\\/ragusa-ibla-sicily-italy-2023-11-27-05-05-32-utc.jpg\",\"datePublished\":\"2024-02-15T13:30:57+00:00\",\"dateModified\":\"2024-05-06T13:05:40+00:00\",\"breadcrumb\":{\"@id\":\"https:\\\/\\\/etnamarenevescursioni.com\\\/de\\\/tour\\\/modica-ragusa\\\/#breadcrumb\"},\"inLanguage\":\"de\",\"potentialAction\":[{\"@type\":\"ReadAction\",\"target\":[\"https:\\\/\\\/etnamarenevescursioni.com\\\/de\\\/tour\\\/modica-ragusa\\\/\"]}]},{\"@type\":\"ImageObject\",\"inLanguage\":\"de\",\"@id\":\"https:\\\/\\\/etnamarenevescursioni.com\\\/de\\\/tour\\\/modica-ragusa\\\/#primaryimage\",\"url\":\"https:\\\/\\\/etnamarenevescursioni.com\\\/wp-content\\\/uploads\\\/2022\\\/07\\\/ragusa-ibla-sicily-italy-2023-11-27-05-05-32-utc.jpg\",\"contentUrl\":\"https:\\\/\\\/etnamarenevescursioni.com\\\/wp-content\\\/uploads\\\/2022\\\/07\\\/ragusa-ibla-sicily-italy-2023-11-27-05-05-32-utc.jpg\",\"width\":1420,\"height\":947,\"caption\":\"Ragusa Ibla, Sicily, Italy at dawn.\"},{\"@type\":\"BreadcrumbList\",\"@id\":\"https:\\\/\\\/etnamarenevescursioni.com\\\/de\\\/tour\\\/modica-ragusa\\\/#breadcrumb\",\"itemListElement\":[{\"@type\":\"ListItem\",\"position\":1,\"name\":\"Home\",\"item\":\"https:\\\/\\\/etnamarenevescursioni.com\\\/de\\\/\"},{\"@type\":\"ListItem\",\"position\":2,\"name\":\"Shop\",\"item\":\"https:\\\/\\\/etnamarenevescursioni.com\\\/?page_id=10\"},{\"@type\":\"ListItem\",\"position\":3,\"name\":\"Modica &#038; Ragusa\"}]},{\"@type\":\"WebSite\",\"@id\":\"https:\\\/\\\/etnamarenevescursioni.com\\\/de\\\/#website\",\"url\":\"https:\\\/\\\/etnamarenevescursioni.com\\\/de\\\/\",\"name\":\"Etna Mareneve Escursioni\",\"description\":\"\",\"potentialAction\":[{\"@type\":\"SearchAction\",\"target\":{\"@type\":\"EntryPoint\",\"urlTemplate\":\"https:\\\/\\\/etnamarenevescursioni.com\\\/de\\\/?s={search_term_string}\"},\"query-input\":{\"@type\":\"PropertyValueSpecification\",\"valueRequired\":true,\"valueName\":\"search_term_string\"}}],\"inLanguage\":\"de\"}]}<\/script>\n<!-- \/ Yoast SEO plugin. -->","yoast_head_json":{"title":"Modica & Ragusa - Etna Mareneve Escursioni","robots":{"index":"index","follow":"follow","max-snippet":"max-snippet:-1","max-image-preview":"max-image-preview:large","max-video-preview":"max-video-preview:-1"},"canonical":"https:\/\/etnamarenevescursioni.com\/de\/tour\/modica-ragusa\/","og_locale":"de_DE","og_type":"article","og_title":"Modica & Ragusa - Etna Mareneve Escursioni","og_description":"Diese Tour f\u00fchrt Sie durch die historischen St\u00e4dte Modica und Ragusa, wo Kunst und Geschichte in einer einzigartigen Atmosph\u00e4re verschmelzen. Entdecken Sie die verborgenen Sch\u00e4tze von Modica, bekannt f\u00fcr seine einzigartige Schokolade und atemberaubende barocke Architektur. Setzen Sie das Abenteuer in Ragusa Ibla fort, ein komplexes Labyrinth aus barocken Sch\u00f6nheiten, mit charmanten Pl\u00e4tzen und Gassen, die Geschichten von Wiedergeburt und Pracht erz\u00e4hlen.","og_url":"https:\/\/etnamarenevescursioni.com\/de\/tour\/modica-ragusa\/","og_site_name":"Etna Mareneve Escursioni","article_modified_time":"2024-05-06T13:05:40+00:00","og_image":[{"width":1420,"height":947,"url":"https:\/\/etnamarenevescursioni.com\/wp-content\/uploads\/2022\/07\/ragusa-ibla-sicily-italy-2023-11-27-05-05-32-utc.jpg","type":"image\/jpeg"}],"twitter_card":"summary_large_image","twitter_misc":{"Gesch\u00e4tzte Lesezeit":"2\u00a0Minuten"},"schema":{"@context":"https:\/\/schema.org","@graph":[{"@type":"WebPage","@id":"https:\/\/etnamarenevescursioni.com\/de\/tour\/modica-ragusa\/","url":"https:\/\/etnamarenevescursioni.com\/de\/tour\/modica-ragusa\/","name":"Modica & Ragusa - Etna Mareneve Escursioni","isPartOf":{"@id":"https:\/\/etnamarenevescursioni.com\/de\/#website"},"primaryImageOfPage":{"@id":"https:\/\/etnamarenevescursioni.com\/de\/tour\/modica-ragusa\/#primaryimage"},"image":{"@id":"https:\/\/etnamarenevescursioni.com\/de\/tour\/modica-ragusa\/#primaryimage"},"thumbnailUrl":"https:\/\/etnamarenevescursioni.com\/wp-content\/uploads\/2022\/07\/ragusa-ibla-sicily-italy-2023-11-27-05-05-32-utc.jpg","datePublished":"2024-02-15T13:30:57+00:00","dateModified":"2024-05-06T13:05:40+00:00","breadcrumb":{"@id":"https:\/\/etnamarenevescursioni.com\/de\/tour\/modica-ragusa\/#breadcrumb"},"inLanguage":"de","potentialAction":[{"@type":"ReadAction","target":["https:\/\/etnamarenevescursioni.com\/de\/tour\/modica-ragusa\/"]}]},{"@type":"ImageObject","inLanguage":"de","@id":"https:\/\/etnamarenevescursioni.com\/de\/tour\/modica-ragusa\/#primaryimage","url":"https:\/\/etnamarenevescursioni.com\/wp-content\/uploads\/2022\/07\/ragusa-ibla-sicily-italy-2023-11-27-05-05-32-utc.jpg","contentUrl":"https:\/\/etnamarenevescursioni.com\/wp-content\/uploads\/2022\/07\/ragusa-ibla-sicily-italy-2023-11-27-05-05-32-utc.jpg","width":1420,"height":947,"caption":"Ragusa Ibla, Sicily, Italy at dawn."},{"@type":"BreadcrumbList","@id":"https:\/\/etnamarenevescursioni.com\/de\/tour\/modica-ragusa\/#breadcrumb","itemListElement":[{"@type":"ListItem","position":1,"name":"Home","item":"https:\/\/etnamarenevescursioni.com\/de\/"},{"@type":"ListItem","position":2,"name":"Shop","item":"https:\/\/etnamarenevescursioni.com\/?page_id=10"},{"@type":"ListItem","position":3,"name":"Modica &#038; Ragusa"}]},{"@type":"WebSite","@id":"https:\/\/etnamarenevescursioni.com\/de\/#website","url":"https:\/\/etnamarenevescursioni.com\/de\/","name":"Etna Mareneve Escursioni","description":"","potentialAction":[{"@type":"SearchAction","target":{"@type":"EntryPoint","urlTemplate":"https:\/\/etnamarenevescursioni.com\/de\/?s={search_term_string}"},"query-input":{"@type":"PropertyValueSpecification","valueRequired":true,"valueName":"search_term_string"}}],"inLanguage":"de"}]}},"_links":{"self":[{"href":"https:\/\/etnamarenevescursioni.com\/de\/wp-json\/wp\/v2\/product\/13519","targetHints":{"allow":["GET"]}}],"collection":[{"href":"https:\/\/etnamarenevescursioni.com\/de\/wp-json\/wp\/v2\/product"}],"about":[{"href":"https:\/\/etnamarenevescursioni.com\/de\/wp-json\/wp\/v2\/types\/product"}],"replies":[{"embeddable":true,"href":"https:\/\/etnamarenevescursioni.com\/de\/wp-json\/wp\/v2\/comments?post=13519"}],"wp:featuredmedia":[{"embeddable":true,"href":"https:\/\/etnamarenevescursioni.com\/de\/wp-json\/wp\/v2\/media\/13481"}],"wp:attachment":[{"href":"https:\/\/etnamarenevescursioni.com\/de\/wp-json\/wp\/v2\/media?parent=13519"}],"wp:term":[{"taxonomy":"product_brand","embeddable":true,"href":"https:\/\/etnamarenevescursioni.com\/de\/wp-json\/wp\/v2\/product_brand?post=13519"},{"taxonomy":"product_cat","embeddable":true,"href":"https:\/\/etnamarenevescursioni.com\/de\/wp-json\/wp\/v2\/product_cat?post=13519"},{"taxonomy":"product_tag","embeddable":true,"href":"https:\/\/etnamarenevescursioni.com\/de\/wp-json\/wp\/v2\/product_tag?post=13519"}],"curies":[{"name":"wp","href":"https:\/\/api.w.org\/{rel}","templated":true}]}}