{"id":13488,"date":"2024-02-15T14:34:00","date_gmt":"2024-02-15T13:34:00","guid":{"rendered":"https:\/\/etnamarenevescursioni.com\/prodotto\/etna-crateri-3300m\/"},"modified":"2024-05-06T14:54:17","modified_gmt":"2024-05-06T12:54:17","slug":"etna-crateri-3300m","status":"publish","type":"product","link":"https:\/\/etnamarenevescursioni.com\/es\/tour\/etna-crateri-3300m\/","title":{"rendered":"Etna 3300m"},"content":{"rendered":"<p><strong>DISPONIBLE EN F\u00d3RMULA FULL-DAY<\/strong><\/p>\n<p>Os llevaremos en una aventura inolvidable sobre la cima del volc\u00e1n activo m\u00e1s alto de Europa.<\/p>\n<p>Este viaje exclusivo comenzar\u00e1 cruzando las puertas de antiguos pueblos, incrustados en las laderas del Etna, donde historia y tradici\u00f3n se fusionan en un tejido rico en cultura. Caminaremos por senderos inmersos en los bosques del Parque del Etna, testigos de una biodiversidad extraordinaria que cambia con el aumento de la altitud.<\/p>\n<p>Atravesaremos coladas de lava, testigos silenciosos de erupciones pasadas, que se alternan con un mosaico de flora variada: desde huertos de manzanas y cerezas a vi\u00f1edos y avellanos, pasando por bosques de casta\u00f1os, robles, encinas, enebros, quejigos, robles, pinos, abedules y hayas. Cada paso nos llevar\u00e1 m\u00e1s cerca del coraz\u00f3n palpitante del Etna.<\/p>\n<p>Superada la cota de 1.900m, dejaremos el camino conocido para adentrarnos en un mundo nuevo: paisajes lunares tomar\u00e1n el lugar de la vegetaci\u00f3n, ofreci\u00e9ndonos escenarios de una belleza \u00fanica e incontaminada. La ascensi\u00f3n continuar\u00e1 alcanzando los 2.900m mediante autob\u00fas 4&#215;4.<\/p>\n<p>Desde este punto, emprenderemos una caminata de aproximadamente dos horas hasta tocar la zona cumbre, a una altitud de aproximadamente 3.300m. Aqu\u00ed, caminando inmersos en un paisaje maravilloso, dejaremos atr\u00e1s todo pensamiento, inmersos en una sensaci\u00f3n de total unicidad y maravilla, asomados al techo del Mediterr\u00e1neo.<\/p>\n<p>Nuestro descenso comenzar\u00e1 despu\u00e9s de un descanso para un almuerzo de picnic, donde estaremos acompa\u00f1ados por una vista impresionante.<\/p>\n<ul>\n<li>Recogida en alojamiento.<\/li>\n<li>Alcance de la cota 2.900m con los autobuses 4&#215;4.<\/li>\n<li>Trekking hasta los cr\u00e1teres cumbre a una cota de 3.300m.<\/li>\n<li>Paseo por los cr\u00e1teres cumbre.<\/li>\n<li>Almuerzo de picnic.<\/li>\n<li>Regreso al Hotel.<\/li>\n<\/ul>\n<p>&nbsp;<\/p>\n<p><strong>Equipo recomendado<\/strong><\/p>\n<p>Zapatos de trekking (o deportivos), ropa en capas, chaqueta impermeable, sombrero, gafas de sol, protecci\u00f3n solar y bastones telesc\u00f3picos.<\/p>\n<p>Servicios incluidos<\/p>\n<p>Recogida en su alojamiento, seguro, cascos (con auriculares desechables), bastones (a pedido), linternas, agua y gu\u00eda multiling\u00fce, boletos para el telef\u00e9rico y los autobuses todo terreno, Gu\u00eda Alpina\/Vulcanol\u00f3gica, almuerzo de picnic que incluye: n\u00b0 2 s\u00e1ndwiches, n\u00b01 botella de Agua, n\u00b0 1, suplemento, fruta de temporada, barritas energ\u00e9ticas y tableta de chocolate.<\/p>\n<p><strong>Advertencias<\/strong><\/p>\n<p>El Tour est\u00e1 sujeto a las condiciones Meteorol\u00f3gicas y de Actividad de los Cr\u00e1teres y\/o a las ordenanzas de las Autoridades en materia de seguridad en el \u00c1rea Cumbre; por lo tanto, su realizaci\u00f3n no puede ser garantizada en caso de prohibici\u00f3n de las mismas \u00e1reas. La Gu\u00eda se reserva el derecho, a su discreci\u00f3n indiscutible, de cancelar o modificar el Tour si las condiciones de seguridad deber\u00edan desaparecer.<\/p>\n<p>En la fase de solicitud es necesario comunicar cualquier estado psicof\u00edsico que pueda alterar el estado de sana y robusta constituci\u00f3n (ej. estado de embarazo, problemas card\u00edacos, asma, insuficiencias respiratorias etc.).<\/p>\n<ul>\n<li>LA EXCURSI\u00d3N EST\u00c1 ABSOLUTAMENTE PROHIBIDA A CARDI\u00d3PATAS, ASM\u00c1TICOS Y HIPERTENSOS, MUJERES EN ESTADO INTERESANTE, DESACONSEJADA A PERSONAS CON PROBLEMAS MOTORES.<\/li>\n<\/ul>\n","protected":false},"excerpt":{"rendered":"<p>La excursi\u00f3n Etna 3300m te lleva a la cima del volc\u00e1n activo m\u00e1s alto de Europa, ofreciendo una aventura \u00fanica entre la naturaleza virgen y paisajes lunares. Partiendo de los bosques ricos en biodiversidad del Parque del Etna, atravesar\u00e1s coladas de lava y ser\u00e1s testigo de la variedad de la flora local, hasta alcanzar la cumbre. All\u00ed, inmerso en un panorama espectacular, vivir\u00e1s momentos de pura maravilla, alejado de la cotidianidad y cerca del cielo del Mediterr\u00e1neo.<\/p>\n","protected":false},"featured_media":12655,"comment_status":"open","ping_status":"closed","template":"","meta":[],"product_brand":[],"product_cat":[113],"product_tag":[],"class_list":{"0":"post-13488","1":"product","2":"type-product","3":"status-publish","4":"has-post-thumbnail","6":"brw_tour_types-aventure-es","7":"product_cat-aventura","9":"first","10":"instock","11":"shipping-taxable","12":"product-type-ovabrw_car_rental"},"yoast_head":"<!-- This site is optimized with the Yoast SEO plugin v27.3 - https:\/\/yoast.com\/product\/yoast-seo-wordpress\/ -->\n<title>Etna 3300m - Etna Mareneve Escursioni<\/title>\n<meta name=\"robots\" content=\"index, follow, max-snippet:-1, max-image-preview:large, max-video-preview:-1\" \/>\n<link rel=\"canonical\" href=\"https:\/\/etnamarenevescursioni.com\/es\/tour\/etna-crateri-3300m\/\" \/>\n<meta property=\"og:locale\" content=\"es_ES\" \/>\n<meta property=\"og:type\" content=\"article\" \/>\n<meta property=\"og:title\" content=\"Etna 3300m - Etna Mareneve Escursioni\" \/>\n<meta property=\"og:description\" content=\"La excursi\u00f3n Etna 3300m te lleva a la cima del volc\u00e1n activo m\u00e1s alto de Europa, ofreciendo una aventura \u00fanica entre la naturaleza virgen y paisajes lunares. Partiendo de los bosques ricos en biodiversidad del Parque del Etna, atravesar\u00e1s coladas de lava y ser\u00e1s testigo de la variedad de la flora local, hasta alcanzar la cumbre. All\u00ed, inmerso en un panorama espectacular, vivir\u00e1s momentos de pura maravilla, alejado de la cotidianidad y cerca del cielo del Mediterr\u00e1neo.\" \/>\n<meta property=\"og:url\" content=\"https:\/\/etnamarenevescursioni.com\/es\/tour\/etna-crateri-3300m\/\" \/>\n<meta property=\"og:site_name\" content=\"Etna Mareneve Escursioni\" \/>\n<meta property=\"article:modified_time\" content=\"2024-05-06T12:54:17+00:00\" \/>\n<meta property=\"og:image\" content=\"https:\/\/etnamarenevescursioni.com\/wp-content\/uploads\/2024\/02\/Collezione-Etna-7.jpg\" \/>\n\t<meta property=\"og:image:width\" content=\"1420\" \/>\n\t<meta property=\"og:image:height\" content=\"947\" \/>\n\t<meta property=\"og:image:type\" content=\"image\/jpeg\" \/>\n<meta name=\"twitter:card\" content=\"summary_large_image\" \/>\n<meta name=\"twitter:label1\" content=\"Tiempo de lectura\" \/>\n\t<meta name=\"twitter:data1\" content=\"3 minutos\" \/>\n<script type=\"application\/ld+json\" class=\"yoast-schema-graph\">{\"@context\":\"https:\\\/\\\/schema.org\",\"@graph\":[{\"@type\":\"WebPage\",\"@id\":\"https:\\\/\\\/etnamarenevescursioni.com\\\/es\\\/tour\\\/etna-crateri-3300m\\\/\",\"url\":\"https:\\\/\\\/etnamarenevescursioni.com\\\/es\\\/tour\\\/etna-crateri-3300m\\\/\",\"name\":\"Etna 3300m - Etna Mareneve Escursioni\",\"isPartOf\":{\"@id\":\"https:\\\/\\\/etnamarenevescursioni.com\\\/es\\\/#website\"},\"primaryImageOfPage\":{\"@id\":\"https:\\\/\\\/etnamarenevescursioni.com\\\/es\\\/tour\\\/etna-crateri-3300m\\\/#primaryimage\"},\"image\":{\"@id\":\"https:\\\/\\\/etnamarenevescursioni.com\\\/es\\\/tour\\\/etna-crateri-3300m\\\/#primaryimage\"},\"thumbnailUrl\":\"https:\\\/\\\/etnamarenevescursioni.com\\\/wp-content\\\/uploads\\\/2024\\\/02\\\/Collezione-Etna-7.jpg\",\"datePublished\":\"2024-02-15T13:34:00+00:00\",\"dateModified\":\"2024-05-06T12:54:17+00:00\",\"breadcrumb\":{\"@id\":\"https:\\\/\\\/etnamarenevescursioni.com\\\/es\\\/tour\\\/etna-crateri-3300m\\\/#breadcrumb\"},\"inLanguage\":\"es\",\"potentialAction\":[{\"@type\":\"ReadAction\",\"target\":[\"https:\\\/\\\/etnamarenevescursioni.com\\\/es\\\/tour\\\/etna-crateri-3300m\\\/\"]}]},{\"@type\":\"ImageObject\",\"inLanguage\":\"es\",\"@id\":\"https:\\\/\\\/etnamarenevescursioni.com\\\/es\\\/tour\\\/etna-crateri-3300m\\\/#primaryimage\",\"url\":\"https:\\\/\\\/etnamarenevescursioni.com\\\/wp-content\\\/uploads\\\/2024\\\/02\\\/Collezione-Etna-7.jpg\",\"contentUrl\":\"https:\\\/\\\/etnamarenevescursioni.com\\\/wp-content\\\/uploads\\\/2024\\\/02\\\/Collezione-Etna-7.jpg\",\"width\":1420,\"height\":947},{\"@type\":\"BreadcrumbList\",\"@id\":\"https:\\\/\\\/etnamarenevescursioni.com\\\/es\\\/tour\\\/etna-crateri-3300m\\\/#breadcrumb\",\"itemListElement\":[{\"@type\":\"ListItem\",\"position\":1,\"name\":\"Home\",\"item\":\"https:\\\/\\\/etnamarenevescursioni.com\\\/es\\\/\"},{\"@type\":\"ListItem\",\"position\":2,\"name\":\"Shop\",\"item\":\"https:\\\/\\\/etnamarenevescursioni.com\\\/?page_id=10\"},{\"@type\":\"ListItem\",\"position\":3,\"name\":\"Etna 3300m\"}]},{\"@type\":\"WebSite\",\"@id\":\"https:\\\/\\\/etnamarenevescursioni.com\\\/es\\\/#website\",\"url\":\"https:\\\/\\\/etnamarenevescursioni.com\\\/es\\\/\",\"name\":\"Etna Mareneve Escursioni\",\"description\":\"\",\"potentialAction\":[{\"@type\":\"SearchAction\",\"target\":{\"@type\":\"EntryPoint\",\"urlTemplate\":\"https:\\\/\\\/etnamarenevescursioni.com\\\/es\\\/?s={search_term_string}\"},\"query-input\":{\"@type\":\"PropertyValueSpecification\",\"valueRequired\":true,\"valueName\":\"search_term_string\"}}],\"inLanguage\":\"es\"}]}<\/script>\n<!-- \/ Yoast SEO plugin. -->","yoast_head_json":{"title":"Etna 3300m - Etna Mareneve Escursioni","robots":{"index":"index","follow":"follow","max-snippet":"max-snippet:-1","max-image-preview":"max-image-preview:large","max-video-preview":"max-video-preview:-1"},"canonical":"https:\/\/etnamarenevescursioni.com\/es\/tour\/etna-crateri-3300m\/","og_locale":"es_ES","og_type":"article","og_title":"Etna 3300m - Etna Mareneve Escursioni","og_description":"La excursi\u00f3n Etna 3300m te lleva a la cima del volc\u00e1n activo m\u00e1s alto de Europa, ofreciendo una aventura \u00fanica entre la naturaleza virgen y paisajes lunares. Partiendo de los bosques ricos en biodiversidad del Parque del Etna, atravesar\u00e1s coladas de lava y ser\u00e1s testigo de la variedad de la flora local, hasta alcanzar la cumbre. All\u00ed, inmerso en un panorama espectacular, vivir\u00e1s momentos de pura maravilla, alejado de la cotidianidad y cerca del cielo del Mediterr\u00e1neo.","og_url":"https:\/\/etnamarenevescursioni.com\/es\/tour\/etna-crateri-3300m\/","og_site_name":"Etna Mareneve Escursioni","article_modified_time":"2024-05-06T12:54:17+00:00","og_image":[{"width":1420,"height":947,"url":"https:\/\/etnamarenevescursioni.com\/wp-content\/uploads\/2024\/02\/Collezione-Etna-7.jpg","type":"image\/jpeg"}],"twitter_card":"summary_large_image","twitter_misc":{"Tiempo de lectura":"3 minutos"},"schema":{"@context":"https:\/\/schema.org","@graph":[{"@type":"WebPage","@id":"https:\/\/etnamarenevescursioni.com\/es\/tour\/etna-crateri-3300m\/","url":"https:\/\/etnamarenevescursioni.com\/es\/tour\/etna-crateri-3300m\/","name":"Etna 3300m - Etna Mareneve Escursioni","isPartOf":{"@id":"https:\/\/etnamarenevescursioni.com\/es\/#website"},"primaryImageOfPage":{"@id":"https:\/\/etnamarenevescursioni.com\/es\/tour\/etna-crateri-3300m\/#primaryimage"},"image":{"@id":"https:\/\/etnamarenevescursioni.com\/es\/tour\/etna-crateri-3300m\/#primaryimage"},"thumbnailUrl":"https:\/\/etnamarenevescursioni.com\/wp-content\/uploads\/2024\/02\/Collezione-Etna-7.jpg","datePublished":"2024-02-15T13:34:00+00:00","dateModified":"2024-05-06T12:54:17+00:00","breadcrumb":{"@id":"https:\/\/etnamarenevescursioni.com\/es\/tour\/etna-crateri-3300m\/#breadcrumb"},"inLanguage":"es","potentialAction":[{"@type":"ReadAction","target":["https:\/\/etnamarenevescursioni.com\/es\/tour\/etna-crateri-3300m\/"]}]},{"@type":"ImageObject","inLanguage":"es","@id":"https:\/\/etnamarenevescursioni.com\/es\/tour\/etna-crateri-3300m\/#primaryimage","url":"https:\/\/etnamarenevescursioni.com\/wp-content\/uploads\/2024\/02\/Collezione-Etna-7.jpg","contentUrl":"https:\/\/etnamarenevescursioni.com\/wp-content\/uploads\/2024\/02\/Collezione-Etna-7.jpg","width":1420,"height":947},{"@type":"BreadcrumbList","@id":"https:\/\/etnamarenevescursioni.com\/es\/tour\/etna-crateri-3300m\/#breadcrumb","itemListElement":[{"@type":"ListItem","position":1,"name":"Home","item":"https:\/\/etnamarenevescursioni.com\/es\/"},{"@type":"ListItem","position":2,"name":"Shop","item":"https:\/\/etnamarenevescursioni.com\/?page_id=10"},{"@type":"ListItem","position":3,"name":"Etna 3300m"}]},{"@type":"WebSite","@id":"https:\/\/etnamarenevescursioni.com\/es\/#website","url":"https:\/\/etnamarenevescursioni.com\/es\/","name":"Etna Mareneve Escursioni","description":"","potentialAction":[{"@type":"SearchAction","target":{"@type":"EntryPoint","urlTemplate":"https:\/\/etnamarenevescursioni.com\/es\/?s={search_term_string}"},"query-input":{"@type":"PropertyValueSpecification","valueRequired":true,"valueName":"search_term_string"}}],"inLanguage":"es"}]}},"_links":{"self":[{"href":"https:\/\/etnamarenevescursioni.com\/es\/wp-json\/wp\/v2\/product\/13488","targetHints":{"allow":["GET"]}}],"collection":[{"href":"https:\/\/etnamarenevescursioni.com\/es\/wp-json\/wp\/v2\/product"}],"about":[{"href":"https:\/\/etnamarenevescursioni.com\/es\/wp-json\/wp\/v2\/types\/product"}],"replies":[{"embeddable":true,"href":"https:\/\/etnamarenevescursioni.com\/es\/wp-json\/wp\/v2\/comments?post=13488"}],"wp:featuredmedia":[{"embeddable":true,"href":"https:\/\/etnamarenevescursioni.com\/es\/wp-json\/wp\/v2\/media\/12655"}],"wp:attachment":[{"href":"https:\/\/etnamarenevescursioni.com\/es\/wp-json\/wp\/v2\/media?parent=13488"}],"wp:term":[{"taxonomy":"product_brand","embeddable":true,"href":"https:\/\/etnamarenevescursioni.com\/es\/wp-json\/wp\/v2\/product_brand?post=13488"},{"taxonomy":"product_cat","embeddable":true,"href":"https:\/\/etnamarenevescursioni.com\/es\/wp-json\/wp\/v2\/product_cat?post=13488"},{"taxonomy":"product_tag","embeddable":true,"href":"https:\/\/etnamarenevescursioni.com\/es\/wp-json\/wp\/v2\/product_tag?post=13488"}],"curies":[{"name":"wp","href":"https:\/\/api.w.org\/{rel}","templated":true}]}}