{"id":13494,"date":"2024-02-15T13:56:44","date_gmt":"2024-02-15T12:56:44","guid":{"rendered":"https:\/\/etnamarenevescursioni.com\/prodotto\/etna-off-road\/"},"modified":"2024-05-06T14:49:39","modified_gmt":"2024-05-06T12:49:39","slug":"etna-off-road","status":"publish","type":"product","link":"https:\/\/etnamarenevescursioni.com\/es\/tour\/etna-off-road\/","title":{"rendered":"Etna Off-road"},"content":{"rendered":"<p><strong>DISPONIBLE EN F\u00d3RMULA DE D\u00cdA COMPLETO O MEDIO D\u00cdA<\/strong><\/p>\n<p>Una emocionante aventura en las laderas del Etna, la majestuosa \u00abMuntagna\u00bb.<\/p>\n<p>Nuestro tour comienza atravesando pintorescos pueblos, testigos seculares de las ricas tradiciones sicilianas, sumergidos en la atm\u00f3sfera \u00fanica del Parque del Etna.<\/p>\n<p>Tendr\u00e1s la oportunidad de caminar a lo largo del borde de cr\u00e1teres inactivos, revelando los secretos de la estructura y la actividad volc\u00e1nica del Etna. Juntos descubriremos las maravillas de una cueva de flujo de lava, explor\u00e1ndola con total seguridad. Luego ascenderemos con nuestros veh\u00edculos todoterreno a lo largo de los rastros de antiguas coladas de lava, hasta alcanzar puntos panor\u00e1micos desde donde admirar vistas impresionantes.<\/p>\n<p>Durante la subida, observaremos c\u00f3mo la vegetaci\u00f3n se transforma con el aumento de la altitud, pasando de coladas de lava a un mosaico de biodiversidad: huertos de manzanas, cerezos, vi\u00f1edos, avellanos, bosques de casta\u00f1os, robles, encinas, enebros, robles pubescentes, robles valencianos, pinos, abedules, hayas y mucho m\u00e1s. Exploraremos lugares encantados como las Dagale, islas de tierra y vegetaci\u00f3n que la lava ha milagrosamente ahorrado, y Piano Provenzana, con su vista al azul mar J\u00f3nico y las huellas de la colada de lava de 2002.<\/p>\n<p>Para aquellos que elijan la opci\u00f3n de d\u00eda completo, el d\u00eda se enriquece con un almuerzo basado en exquisitos platos de la cocina t\u00edpica siciliana. Todos los platos se preparan con productos de temporada de origen etneo, acompa\u00f1ados de vinos seleccionados Etna DOC. Estamos capacitados, a pedido, para ofrecer alternativas sencillas de diferentes tipos.<\/p>\n<ul>\n<li>Recogida en el alojamiento.<\/li>\n<li>S. Venerina<\/li>\n<li>Milo<\/li>\n<li>Trekking por cr\u00e1teres apagados<\/li>\n<li>Parada t\u00e9cnica con vista panor\u00e1mica desde un refugio (pausa para caf\u00e9 opcional)<\/li>\n<li>Off-road con pasajes entre los bosques para admirar el antiguo camino \u00abMareneve\u00bb.<\/li>\n<li>Parada en Piano Provenzana destruida por la colada de lava de la erupci\u00f3n de 2002.<\/li>\n<li>Almuerzo en un refugio t\u00edpico o degustaci\u00f3n de vinos Etna D.O.C.<\/li>\n<li>Visita a la cueva de flujo de lava.<\/li>\n<li>Regreso al hotel.<\/li>\n<\/ul>\n<p>&nbsp;<\/p>\n<p><strong>Equipo recomendado<\/strong><\/p>\n<p>Zapatos de trekking (o deportivos), ropa en capas, chaqueta impermeable, sombrero, gafas de sol y protector solar.<\/p>\n<p><strong>Servicios incluidos<\/strong><\/p>\n<p>Recogida de su alojamiento, seguro, cascos (con auriculares desechables), bastones (a pedido), linternas, agua y gu\u00eda multiling\u00fce, almuerzo en la f\u00f3rmula de d\u00eda completo.<\/p>\n","protected":false},"excerpt":{"rendered":"<p class=\"p1\">La excursi\u00f3n Etna Off-Road es una intensa aventura en las laderas del Etna, \u00abA Muntagna\u00bb, donde atravesar\u00e1s pintorescos pueblos y antiguos flujos de lava. Explorar\u00e1s cr\u00e1teres apagados y cuevas de flujo de lava con total seguridad, admirando la transformaci\u00f3n de la vegetaci\u00f3n y las vistas impresionantes que solo el Etna puede ofrecer. Una experiencia \u00fanica, llena de adrenalina y descubrimiento.<\/p>\n","protected":false},"featured_media":13495,"comment_status":"open","ping_status":"closed","template":"","meta":[],"product_brand":[],"product_cat":[113],"product_tag":[],"class_list":{"0":"post-13494","1":"product","2":"type-product","3":"status-publish","4":"has-post-thumbnail","6":"brw_tour_types-aventure-es","7":"product_cat-aventura","9":"first","10":"instock","11":"shipping-taxable","12":"product-type-ovabrw_car_rental"},"yoast_head":"<!-- This site is optimized with the Yoast SEO plugin v27.3 - https:\/\/yoast.com\/product\/yoast-seo-wordpress\/ -->\n<title>Etna Off-road - Etna Mareneve Escursioni<\/title>\n<meta name=\"robots\" content=\"index, follow, max-snippet:-1, max-image-preview:large, max-video-preview:-1\" \/>\n<link rel=\"canonical\" href=\"https:\/\/etnamarenevescursioni.com\/es\/tour\/etna-off-road\/\" \/>\n<meta property=\"og:locale\" content=\"es_ES\" \/>\n<meta property=\"og:type\" content=\"article\" \/>\n<meta property=\"og:title\" content=\"Etna Off-road - Etna Mareneve Escursioni\" \/>\n<meta property=\"og:description\" content=\"La excursi\u00f3n Etna Off-Road es una intensa aventura en las laderas del Etna, &quot;A Muntagna&quot;, donde atravesar\u00e1s pintorescos pueblos y antiguos flujos de lava. Explorar\u00e1s cr\u00e1teres apagados y cuevas de flujo de lava con total seguridad, admirando la transformaci\u00f3n de la vegetaci\u00f3n y las vistas impresionantes que solo el Etna puede ofrecer. Una experiencia \u00fanica, llena de adrenalina y descubrimiento.\" \/>\n<meta property=\"og:url\" content=\"https:\/\/etnamarenevescursioni.com\/es\/tour\/etna-off-road\/\" \/>\n<meta property=\"og:site_name\" content=\"Etna Mareneve Escursioni\" \/>\n<meta property=\"article:modified_time\" content=\"2024-05-06T12:49:39+00:00\" \/>\n<meta property=\"og:image\" content=\"https:\/\/etnamarenevescursioni.com\/wp-content\/uploads\/2024\/04\/Escursioni-etna-sicilia-13.jpg\" \/>\n\t<meta property=\"og:image:width\" content=\"1200\" \/>\n\t<meta property=\"og:image:height\" content=\"900\" \/>\n\t<meta property=\"og:image:type\" content=\"image\/jpeg\" \/>\n<meta name=\"twitter:card\" content=\"summary_large_image\" \/>\n<meta name=\"twitter:label1\" content=\"Tiempo de lectura\" \/>\n\t<meta name=\"twitter:data1\" content=\"3 minutos\" \/>\n<script type=\"application\/ld+json\" class=\"yoast-schema-graph\">{\"@context\":\"https:\\\/\\\/schema.org\",\"@graph\":[{\"@type\":\"WebPage\",\"@id\":\"https:\\\/\\\/etnamarenevescursioni.com\\\/es\\\/tour\\\/etna-off-road\\\/\",\"url\":\"https:\\\/\\\/etnamarenevescursioni.com\\\/es\\\/tour\\\/etna-off-road\\\/\",\"name\":\"Etna Off-road - Etna Mareneve Escursioni\",\"isPartOf\":{\"@id\":\"https:\\\/\\\/etnamarenevescursioni.com\\\/es\\\/#website\"},\"primaryImageOfPage\":{\"@id\":\"https:\\\/\\\/etnamarenevescursioni.com\\\/es\\\/tour\\\/etna-off-road\\\/#primaryimage\"},\"image\":{\"@id\":\"https:\\\/\\\/etnamarenevescursioni.com\\\/es\\\/tour\\\/etna-off-road\\\/#primaryimage\"},\"thumbnailUrl\":\"https:\\\/\\\/etnamarenevescursioni.com\\\/wp-content\\\/uploads\\\/2024\\\/04\\\/Escursioni-etna-sicilia-13.jpg\",\"datePublished\":\"2024-02-15T12:56:44+00:00\",\"dateModified\":\"2024-05-06T12:49:39+00:00\",\"breadcrumb\":{\"@id\":\"https:\\\/\\\/etnamarenevescursioni.com\\\/es\\\/tour\\\/etna-off-road\\\/#breadcrumb\"},\"inLanguage\":\"es\",\"potentialAction\":[{\"@type\":\"ReadAction\",\"target\":[\"https:\\\/\\\/etnamarenevescursioni.com\\\/es\\\/tour\\\/etna-off-road\\\/\"]}]},{\"@type\":\"ImageObject\",\"inLanguage\":\"es\",\"@id\":\"https:\\\/\\\/etnamarenevescursioni.com\\\/es\\\/tour\\\/etna-off-road\\\/#primaryimage\",\"url\":\"https:\\\/\\\/etnamarenevescursioni.com\\\/wp-content\\\/uploads\\\/2024\\\/04\\\/Escursioni-etna-sicilia-13.jpg\",\"contentUrl\":\"https:\\\/\\\/etnamarenevescursioni.com\\\/wp-content\\\/uploads\\\/2024\\\/04\\\/Escursioni-etna-sicilia-13.jpg\",\"width\":1200,\"height\":900},{\"@type\":\"BreadcrumbList\",\"@id\":\"https:\\\/\\\/etnamarenevescursioni.com\\\/es\\\/tour\\\/etna-off-road\\\/#breadcrumb\",\"itemListElement\":[{\"@type\":\"ListItem\",\"position\":1,\"name\":\"Home\",\"item\":\"https:\\\/\\\/etnamarenevescursioni.com\\\/es\\\/\"},{\"@type\":\"ListItem\",\"position\":2,\"name\":\"Shop\",\"item\":\"https:\\\/\\\/etnamarenevescursioni.com\\\/?page_id=10\"},{\"@type\":\"ListItem\",\"position\":3,\"name\":\"Etna Off-road\"}]},{\"@type\":\"WebSite\",\"@id\":\"https:\\\/\\\/etnamarenevescursioni.com\\\/es\\\/#website\",\"url\":\"https:\\\/\\\/etnamarenevescursioni.com\\\/es\\\/\",\"name\":\"Etna Mareneve Escursioni\",\"description\":\"\",\"potentialAction\":[{\"@type\":\"SearchAction\",\"target\":{\"@type\":\"EntryPoint\",\"urlTemplate\":\"https:\\\/\\\/etnamarenevescursioni.com\\\/es\\\/?s={search_term_string}\"},\"query-input\":{\"@type\":\"PropertyValueSpecification\",\"valueRequired\":true,\"valueName\":\"search_term_string\"}}],\"inLanguage\":\"es\"}]}<\/script>\n<!-- \/ Yoast SEO plugin. -->","yoast_head_json":{"title":"Etna Off-road - Etna Mareneve Escursioni","robots":{"index":"index","follow":"follow","max-snippet":"max-snippet:-1","max-image-preview":"max-image-preview:large","max-video-preview":"max-video-preview:-1"},"canonical":"https:\/\/etnamarenevescursioni.com\/es\/tour\/etna-off-road\/","og_locale":"es_ES","og_type":"article","og_title":"Etna Off-road - Etna Mareneve Escursioni","og_description":"La excursi\u00f3n Etna Off-Road es una intensa aventura en las laderas del Etna, \"A Muntagna\", donde atravesar\u00e1s pintorescos pueblos y antiguos flujos de lava. Explorar\u00e1s cr\u00e1teres apagados y cuevas de flujo de lava con total seguridad, admirando la transformaci\u00f3n de la vegetaci\u00f3n y las vistas impresionantes que solo el Etna puede ofrecer. Una experiencia \u00fanica, llena de adrenalina y descubrimiento.","og_url":"https:\/\/etnamarenevescursioni.com\/es\/tour\/etna-off-road\/","og_site_name":"Etna Mareneve Escursioni","article_modified_time":"2024-05-06T12:49:39+00:00","og_image":[{"width":1200,"height":900,"url":"https:\/\/etnamarenevescursioni.com\/wp-content\/uploads\/2024\/04\/Escursioni-etna-sicilia-13.jpg","type":"image\/jpeg"}],"twitter_card":"summary_large_image","twitter_misc":{"Tiempo de lectura":"3 minutos"},"schema":{"@context":"https:\/\/schema.org","@graph":[{"@type":"WebPage","@id":"https:\/\/etnamarenevescursioni.com\/es\/tour\/etna-off-road\/","url":"https:\/\/etnamarenevescursioni.com\/es\/tour\/etna-off-road\/","name":"Etna Off-road - Etna Mareneve Escursioni","isPartOf":{"@id":"https:\/\/etnamarenevescursioni.com\/es\/#website"},"primaryImageOfPage":{"@id":"https:\/\/etnamarenevescursioni.com\/es\/tour\/etna-off-road\/#primaryimage"},"image":{"@id":"https:\/\/etnamarenevescursioni.com\/es\/tour\/etna-off-road\/#primaryimage"},"thumbnailUrl":"https:\/\/etnamarenevescursioni.com\/wp-content\/uploads\/2024\/04\/Escursioni-etna-sicilia-13.jpg","datePublished":"2024-02-15T12:56:44+00:00","dateModified":"2024-05-06T12:49:39+00:00","breadcrumb":{"@id":"https:\/\/etnamarenevescursioni.com\/es\/tour\/etna-off-road\/#breadcrumb"},"inLanguage":"es","potentialAction":[{"@type":"ReadAction","target":["https:\/\/etnamarenevescursioni.com\/es\/tour\/etna-off-road\/"]}]},{"@type":"ImageObject","inLanguage":"es","@id":"https:\/\/etnamarenevescursioni.com\/es\/tour\/etna-off-road\/#primaryimage","url":"https:\/\/etnamarenevescursioni.com\/wp-content\/uploads\/2024\/04\/Escursioni-etna-sicilia-13.jpg","contentUrl":"https:\/\/etnamarenevescursioni.com\/wp-content\/uploads\/2024\/04\/Escursioni-etna-sicilia-13.jpg","width":1200,"height":900},{"@type":"BreadcrumbList","@id":"https:\/\/etnamarenevescursioni.com\/es\/tour\/etna-off-road\/#breadcrumb","itemListElement":[{"@type":"ListItem","position":1,"name":"Home","item":"https:\/\/etnamarenevescursioni.com\/es\/"},{"@type":"ListItem","position":2,"name":"Shop","item":"https:\/\/etnamarenevescursioni.com\/?page_id=10"},{"@type":"ListItem","position":3,"name":"Etna Off-road"}]},{"@type":"WebSite","@id":"https:\/\/etnamarenevescursioni.com\/es\/#website","url":"https:\/\/etnamarenevescursioni.com\/es\/","name":"Etna Mareneve Escursioni","description":"","potentialAction":[{"@type":"SearchAction","target":{"@type":"EntryPoint","urlTemplate":"https:\/\/etnamarenevescursioni.com\/es\/?s={search_term_string}"},"query-input":{"@type":"PropertyValueSpecification","valueRequired":true,"valueName":"search_term_string"}}],"inLanguage":"es"}]}},"_links":{"self":[{"href":"https:\/\/etnamarenevescursioni.com\/es\/wp-json\/wp\/v2\/product\/13494","targetHints":{"allow":["GET"]}}],"collection":[{"href":"https:\/\/etnamarenevescursioni.com\/es\/wp-json\/wp\/v2\/product"}],"about":[{"href":"https:\/\/etnamarenevescursioni.com\/es\/wp-json\/wp\/v2\/types\/product"}],"replies":[{"embeddable":true,"href":"https:\/\/etnamarenevescursioni.com\/es\/wp-json\/wp\/v2\/comments?post=13494"}],"wp:featuredmedia":[{"embeddable":true,"href":"https:\/\/etnamarenevescursioni.com\/es\/wp-json\/wp\/v2\/media\/13495"}],"wp:attachment":[{"href":"https:\/\/etnamarenevescursioni.com\/es\/wp-json\/wp\/v2\/media?parent=13494"}],"wp:term":[{"taxonomy":"product_brand","embeddable":true,"href":"https:\/\/etnamarenevescursioni.com\/es\/wp-json\/wp\/v2\/product_brand?post=13494"},{"taxonomy":"product_cat","embeddable":true,"href":"https:\/\/etnamarenevescursioni.com\/es\/wp-json\/wp\/v2\/product_cat?post=13494"},{"taxonomy":"product_tag","embeddable":true,"href":"https:\/\/etnamarenevescursioni.com\/es\/wp-json\/wp\/v2\/product_tag?post=13494"}],"curies":[{"name":"wp","href":"https:\/\/api.w.org\/{rel}","templated":true}]}}