{"id":13504,"date":"2024-02-15T14:16:15","date_gmt":"2024-02-15T13:16:15","guid":{"rendered":"https:\/\/etnamarenevescursioni.com\/prodotto\/etna-alcantara\/"},"modified":"2024-05-06T14:44:44","modified_gmt":"2024-05-06T12:44:44","slug":"etna-alcantara","status":"publish","type":"product","link":"https:\/\/etnamarenevescursioni.com\/es\/tour\/etna-alcantara\/","title":{"rendered":"Etna Alcantara"},"content":{"rendered":"<p><strong>DISPONIBLE EN F\u00d3RMULA DE D\u00cdA COMPLETO<\/strong><\/p>\n<p><strong>Entre Historia, Naturaleza y Aguas Cristalinas<\/strong><\/p>\n<p>Un viaje inolvidable que comienza a los pies del Etna, partiendo del encantador contexto de los pueblos hist\u00f3ricos que se asientan en sus laderas, sumergidos en siglos de tradiciones y rodeados de frondosos bosques dentro del Parque del Etna.<\/p>\n<p>El recorrido del tour nos llevar\u00e1 al borde de cr\u00e1teres inactivos, un viaje al coraz\u00f3n del volc\u00e1n para comprender su estructura y la historia de sus erupciones. Juntos descubriremos las maravillas ocultas dentro de una cueva de flujo de lava, visit\u00e1ndola con seguridad. Nuestro viaje contin\u00faa con una aventura todoterreno a lo largo de las antiguas coladas de lava, hasta alcanzar puntos panor\u00e1micos desde donde disfrutar de vistas impresionantes.<\/p>\n<p>Atravesaremos paisajes cambiantes, desde coladas de lava hasta exuberantes bosques de manzanos, cerezos, vi\u00f1edos, avellanos, casta\u00f1os, robles, encinas, enebros, robles carballos, robles albares, pinos, abedules, hayas y m\u00e1s. Exploraremos lugares m\u00e1gicos como las Dogale, islas de vegetaci\u00f3n que la lava ha ahorrado, y Piano Provenzana, con sus vistas al azul mar J\u00f3nico y las huellas de la colada de lava de 2002.<\/p>\n<p>Continuaremos con un almuerzo a base de delicias t\u00edpicas sicilianas, preparadas con productos de temporada del Etna y acompa\u00f1adas de excelentes vinos Etna DOC. Estamos capacitados, a solicitud, para ofrecer alternativas sencillas de diferentes tipos.<\/p>\n<p>Despu\u00e9s del almuerzo, el tour se dirige hacia el maravilloso Valle de Alc\u00e1ntara. Partiendo del pintoresco pueblo de Castiglione di Sicilia, nos aventuraremos hacia las Gargantas de Alc\u00e1ntara, una impresionante formaci\u00f3n natural de piedra volc\u00e1nica creada por una erupci\u00f3n lateral y moldeada por las aguas del r\u00edo hom\u00f3nimo. Para quienes lo deseen, la experiencia concluye con un refrescante chapuz\u00f3n en las aguas cristalinas del r\u00edo.<\/p>\n<ul>\n<li>Recogida en el alojamiento.<\/li>\n<li>S. Venerina<\/li>\n<li>Milo<\/li>\n<li>Trekking por cr\u00e1teres inactivos<\/li>\n<li>Parada t\u00e9cnica con vista panor\u00e1mica desde un refugio (pausa de caf\u00e9 opcional)<\/li>\n<li>Todo terreno con pasajes entre los bosques para admirar el antiguo camino \u00abMareneve\u00bb.<\/li>\n<li>Parada en Piano Provenzana destruida por la colada de lava de la erupci\u00f3n de 2002.<\/li>\n<li>Almuerzo en un refugio t\u00edpico o degustaci\u00f3n de vinos Etna D.O.C.<\/li>\n<li>Visita a las gargantas de Alc\u00e1ntara.<\/li>\n<li>Regreso al hotel.<\/li>\n<\/ul>\n<p>&nbsp;<\/p>\n<p><strong>Equipo recomendado<\/strong><\/p>\n<p>Zapatos de senderismo (o deportivos), ropa en capas, chaqueta impermeable, sombrero, gafas de sol, protector solar, traje de ba\u00f1o y toalla.<\/p>\n<p><strong>Servicios incluidos<\/strong><\/p>\n<p>Recogida en su alojamiento, seguro, cascos (con auriculares desechables), bastones (a petici\u00f3n), linternas, agua y gu\u00eda multiling\u00fce, almuerzo.<\/p>\n","protected":false},"excerpt":{"rendered":"<p class=\"p1\">La excursi\u00f3n Etna Alcantara te lleva en un viaje fascinante que comienza a los pies del Etna y se desarrolla a trav\u00e9s de la historia y la naturaleza espectacular de Sicilia. Caminar\u00e1s a lo largo de cr\u00e1teres inactivos, explorar\u00e1s cuevas de flujo de lava y disfrutar\u00e1s de vistas impresionantes. El tour culmina en el Valle de Alc\u00e1ntara, donde podr\u00e1s refrescarte en las aguas cristalinas del r\u00edo hom\u00f3nimo.<\/p>\n<p>&nbsp;<\/p>\n","protected":false},"featured_media":13506,"comment_status":"open","ping_status":"closed","template":"","meta":[],"product_brand":[],"product_cat":[113],"product_tag":[],"class_list":{"0":"post-13504","1":"product","2":"type-product","3":"status-publish","4":"has-post-thumbnail","6":"brw_tour_types-aventure-es","7":"product_cat-aventura","9":"first","10":"instock","11":"shipping-taxable","12":"product-type-ovabrw_car_rental"},"yoast_head":"<!-- This site is optimized with the Yoast SEO plugin v27.3 - https:\/\/yoast.com\/product\/yoast-seo-wordpress\/ -->\n<title>Etna Alcantara - Etna Mareneve Escursioni<\/title>\n<meta name=\"robots\" content=\"index, follow, max-snippet:-1, max-image-preview:large, max-video-preview:-1\" \/>\n<link rel=\"canonical\" href=\"https:\/\/etnamarenevescursioni.com\/es\/tour\/etna-alcantara\/\" \/>\n<meta property=\"og:locale\" content=\"es_ES\" \/>\n<meta property=\"og:type\" content=\"article\" \/>\n<meta property=\"og:title\" content=\"Etna Alcantara - Etna Mareneve Escursioni\" \/>\n<meta property=\"og:description\" content=\"La excursi\u00f3n Etna Alcantara te lleva en un viaje fascinante que comienza a los pies del Etna y se desarrolla a trav\u00e9s de la historia y la naturaleza espectacular de Sicilia. Caminar\u00e1s a lo largo de cr\u00e1teres inactivos, explorar\u00e1s cuevas de flujo de lava y disfrutar\u00e1s de vistas impresionantes. El tour culmina en el Valle de Alc\u00e1ntara, donde podr\u00e1s refrescarte en las aguas cristalinas del r\u00edo hom\u00f3nimo. &nbsp;\" \/>\n<meta property=\"og:url\" content=\"https:\/\/etnamarenevescursioni.com\/es\/tour\/etna-alcantara\/\" \/>\n<meta property=\"og:site_name\" content=\"Etna Mareneve Escursioni\" \/>\n<meta property=\"article:modified_time\" content=\"2024-05-06T12:44:44+00:00\" \/>\n<meta property=\"og:image\" content=\"https:\/\/etnamarenevescursioni.com\/wp-content\/uploads\/2024\/02\/Escursioni-etna-sicilia-45.jpg\" \/>\n\t<meta property=\"og:image:width\" content=\"1200\" \/>\n\t<meta property=\"og:image:height\" content=\"800\" \/>\n\t<meta property=\"og:image:type\" content=\"image\/jpeg\" \/>\n<meta name=\"twitter:card\" content=\"summary_large_image\" \/>\n<meta name=\"twitter:label1\" content=\"Tiempo de lectura\" \/>\n\t<meta name=\"twitter:data1\" content=\"3 minutos\" \/>\n<script type=\"application\/ld+json\" class=\"yoast-schema-graph\">{\"@context\":\"https:\\\/\\\/schema.org\",\"@graph\":[{\"@type\":\"WebPage\",\"@id\":\"https:\\\/\\\/etnamarenevescursioni.com\\\/es\\\/tour\\\/etna-alcantara\\\/\",\"url\":\"https:\\\/\\\/etnamarenevescursioni.com\\\/es\\\/tour\\\/etna-alcantara\\\/\",\"name\":\"Etna Alcantara - Etna Mareneve Escursioni\",\"isPartOf\":{\"@id\":\"https:\\\/\\\/etnamarenevescursioni.com\\\/es\\\/#website\"},\"primaryImageOfPage\":{\"@id\":\"https:\\\/\\\/etnamarenevescursioni.com\\\/es\\\/tour\\\/etna-alcantara\\\/#primaryimage\"},\"image\":{\"@id\":\"https:\\\/\\\/etnamarenevescursioni.com\\\/es\\\/tour\\\/etna-alcantara\\\/#primaryimage\"},\"thumbnailUrl\":\"https:\\\/\\\/etnamarenevescursioni.com\\\/wp-content\\\/uploads\\\/2024\\\/02\\\/Escursioni-etna-sicilia-45.jpg\",\"datePublished\":\"2024-02-15T13:16:15+00:00\",\"dateModified\":\"2024-05-06T12:44:44+00:00\",\"breadcrumb\":{\"@id\":\"https:\\\/\\\/etnamarenevescursioni.com\\\/es\\\/tour\\\/etna-alcantara\\\/#breadcrumb\"},\"inLanguage\":\"es\",\"potentialAction\":[{\"@type\":\"ReadAction\",\"target\":[\"https:\\\/\\\/etnamarenevescursioni.com\\\/es\\\/tour\\\/etna-alcantara\\\/\"]}]},{\"@type\":\"ImageObject\",\"inLanguage\":\"es\",\"@id\":\"https:\\\/\\\/etnamarenevescursioni.com\\\/es\\\/tour\\\/etna-alcantara\\\/#primaryimage\",\"url\":\"https:\\\/\\\/etnamarenevescursioni.com\\\/wp-content\\\/uploads\\\/2024\\\/02\\\/Escursioni-etna-sicilia-45.jpg\",\"contentUrl\":\"https:\\\/\\\/etnamarenevescursioni.com\\\/wp-content\\\/uploads\\\/2024\\\/02\\\/Escursioni-etna-sicilia-45.jpg\",\"width\":1200,\"height\":800,\"caption\":\"Gole dell Alcantara - A canyon river Alcantara, which goes through the lava stones of Mount Etna in Sicily, Italy\"},{\"@type\":\"BreadcrumbList\",\"@id\":\"https:\\\/\\\/etnamarenevescursioni.com\\\/es\\\/tour\\\/etna-alcantara\\\/#breadcrumb\",\"itemListElement\":[{\"@type\":\"ListItem\",\"position\":1,\"name\":\"Home\",\"item\":\"https:\\\/\\\/etnamarenevescursioni.com\\\/es\\\/\"},{\"@type\":\"ListItem\",\"position\":2,\"name\":\"Shop\",\"item\":\"https:\\\/\\\/etnamarenevescursioni.com\\\/?page_id=10\"},{\"@type\":\"ListItem\",\"position\":3,\"name\":\"Etna Alcantara\"}]},{\"@type\":\"WebSite\",\"@id\":\"https:\\\/\\\/etnamarenevescursioni.com\\\/es\\\/#website\",\"url\":\"https:\\\/\\\/etnamarenevescursioni.com\\\/es\\\/\",\"name\":\"Etna Mareneve Escursioni\",\"description\":\"\",\"potentialAction\":[{\"@type\":\"SearchAction\",\"target\":{\"@type\":\"EntryPoint\",\"urlTemplate\":\"https:\\\/\\\/etnamarenevescursioni.com\\\/es\\\/?s={search_term_string}\"},\"query-input\":{\"@type\":\"PropertyValueSpecification\",\"valueRequired\":true,\"valueName\":\"search_term_string\"}}],\"inLanguage\":\"es\"}]}<\/script>\n<!-- \/ Yoast SEO plugin. -->","yoast_head_json":{"title":"Etna Alcantara - Etna Mareneve Escursioni","robots":{"index":"index","follow":"follow","max-snippet":"max-snippet:-1","max-image-preview":"max-image-preview:large","max-video-preview":"max-video-preview:-1"},"canonical":"https:\/\/etnamarenevescursioni.com\/es\/tour\/etna-alcantara\/","og_locale":"es_ES","og_type":"article","og_title":"Etna Alcantara - Etna Mareneve Escursioni","og_description":"La excursi\u00f3n Etna Alcantara te lleva en un viaje fascinante que comienza a los pies del Etna y se desarrolla a trav\u00e9s de la historia y la naturaleza espectacular de Sicilia. Caminar\u00e1s a lo largo de cr\u00e1teres inactivos, explorar\u00e1s cuevas de flujo de lava y disfrutar\u00e1s de vistas impresionantes. El tour culmina en el Valle de Alc\u00e1ntara, donde podr\u00e1s refrescarte en las aguas cristalinas del r\u00edo hom\u00f3nimo. &nbsp;","og_url":"https:\/\/etnamarenevescursioni.com\/es\/tour\/etna-alcantara\/","og_site_name":"Etna Mareneve Escursioni","article_modified_time":"2024-05-06T12:44:44+00:00","og_image":[{"width":1200,"height":800,"url":"https:\/\/etnamarenevescursioni.com\/wp-content\/uploads\/2024\/02\/Escursioni-etna-sicilia-45.jpg","type":"image\/jpeg"}],"twitter_card":"summary_large_image","twitter_misc":{"Tiempo de lectura":"3 minutos"},"schema":{"@context":"https:\/\/schema.org","@graph":[{"@type":"WebPage","@id":"https:\/\/etnamarenevescursioni.com\/es\/tour\/etna-alcantara\/","url":"https:\/\/etnamarenevescursioni.com\/es\/tour\/etna-alcantara\/","name":"Etna Alcantara - Etna Mareneve Escursioni","isPartOf":{"@id":"https:\/\/etnamarenevescursioni.com\/es\/#website"},"primaryImageOfPage":{"@id":"https:\/\/etnamarenevescursioni.com\/es\/tour\/etna-alcantara\/#primaryimage"},"image":{"@id":"https:\/\/etnamarenevescursioni.com\/es\/tour\/etna-alcantara\/#primaryimage"},"thumbnailUrl":"https:\/\/etnamarenevescursioni.com\/wp-content\/uploads\/2024\/02\/Escursioni-etna-sicilia-45.jpg","datePublished":"2024-02-15T13:16:15+00:00","dateModified":"2024-05-06T12:44:44+00:00","breadcrumb":{"@id":"https:\/\/etnamarenevescursioni.com\/es\/tour\/etna-alcantara\/#breadcrumb"},"inLanguage":"es","potentialAction":[{"@type":"ReadAction","target":["https:\/\/etnamarenevescursioni.com\/es\/tour\/etna-alcantara\/"]}]},{"@type":"ImageObject","inLanguage":"es","@id":"https:\/\/etnamarenevescursioni.com\/es\/tour\/etna-alcantara\/#primaryimage","url":"https:\/\/etnamarenevescursioni.com\/wp-content\/uploads\/2024\/02\/Escursioni-etna-sicilia-45.jpg","contentUrl":"https:\/\/etnamarenevescursioni.com\/wp-content\/uploads\/2024\/02\/Escursioni-etna-sicilia-45.jpg","width":1200,"height":800,"caption":"Gole dell Alcantara - A canyon river Alcantara, which goes through the lava stones of Mount Etna in Sicily, Italy"},{"@type":"BreadcrumbList","@id":"https:\/\/etnamarenevescursioni.com\/es\/tour\/etna-alcantara\/#breadcrumb","itemListElement":[{"@type":"ListItem","position":1,"name":"Home","item":"https:\/\/etnamarenevescursioni.com\/es\/"},{"@type":"ListItem","position":2,"name":"Shop","item":"https:\/\/etnamarenevescursioni.com\/?page_id=10"},{"@type":"ListItem","position":3,"name":"Etna Alcantara"}]},{"@type":"WebSite","@id":"https:\/\/etnamarenevescursioni.com\/es\/#website","url":"https:\/\/etnamarenevescursioni.com\/es\/","name":"Etna Mareneve Escursioni","description":"","potentialAction":[{"@type":"SearchAction","target":{"@type":"EntryPoint","urlTemplate":"https:\/\/etnamarenevescursioni.com\/es\/?s={search_term_string}"},"query-input":{"@type":"PropertyValueSpecification","valueRequired":true,"valueName":"search_term_string"}}],"inLanguage":"es"}]}},"_links":{"self":[{"href":"https:\/\/etnamarenevescursioni.com\/es\/wp-json\/wp\/v2\/product\/13504","targetHints":{"allow":["GET"]}}],"collection":[{"href":"https:\/\/etnamarenevescursioni.com\/es\/wp-json\/wp\/v2\/product"}],"about":[{"href":"https:\/\/etnamarenevescursioni.com\/es\/wp-json\/wp\/v2\/types\/product"}],"replies":[{"embeddable":true,"href":"https:\/\/etnamarenevescursioni.com\/es\/wp-json\/wp\/v2\/comments?post=13504"}],"wp:featuredmedia":[{"embeddable":true,"href":"https:\/\/etnamarenevescursioni.com\/es\/wp-json\/wp\/v2\/media\/13506"}],"wp:attachment":[{"href":"https:\/\/etnamarenevescursioni.com\/es\/wp-json\/wp\/v2\/media?parent=13504"}],"wp:term":[{"taxonomy":"product_brand","embeddable":true,"href":"https:\/\/etnamarenevescursioni.com\/es\/wp-json\/wp\/v2\/product_brand?post=13504"},{"taxonomy":"product_cat","embeddable":true,"href":"https:\/\/etnamarenevescursioni.com\/es\/wp-json\/wp\/v2\/product_cat?post=13504"},{"taxonomy":"product_tag","embeddable":true,"href":"https:\/\/etnamarenevescursioni.com\/es\/wp-json\/wp\/v2\/product_tag?post=13504"}],"curies":[{"name":"wp","href":"https:\/\/api.w.org\/{rel}","templated":true}]}}