{"id":13511,"date":"2024-02-15T14:21:46","date_gmt":"2024-02-15T13:21:46","guid":{"rendered":"https:\/\/etnamarenevescursioni.com\/prodotto\/etna-crateri-2900\/"},"modified":"2024-05-06T14:57:54","modified_gmt":"2024-05-06T12:57:54","slug":"etna-crateri-2900","status":"publish","type":"product","link":"https:\/\/etnamarenevescursioni.com\/es\/tour\/etna-crateri-2900\/","title":{"rendered":"Etna Crateri 2900m"},"content":{"rendered":"<p><strong>DISPONIBLE EN F\u00d3RMULA DE D\u00cdA COMPLETO O MEDIO D\u00cdA<\/strong><\/p>\n<p>Nuestro viaje comenzar\u00e1 cruzando la entrada de antiguos pueblos, donde la historia y la tradici\u00f3n se fusionan con el paisaje volc\u00e1nico. Atravesaremos el coraz\u00f3n verde del Parque del Etna, donde el sendero se entreteje entre bosques frondosos y coladas de lava, en un contraste impresionante entre la naturaleza virgen y la potencia del volc\u00e1n. Aqu\u00ed, la flora se manifiesta en toda su diversidad: desde dulces huertos de manzanas y cerezas hasta exuberantes vi\u00f1edos y avellanares, hasta los imponentes bosques de casta\u00f1os, robles, enebros y las majestuosas hayas y abedules.<\/p>\n<p>Partiendo del Refugio Sapienza en telef\u00e9rico o desde Piano Provenzana en autob\u00fas 4&#215;4, seg\u00fan las condiciones de los cr\u00e1teres, a medida que ascendemos, notaremos c\u00f3mo la vegetaci\u00f3n se aclara, dejando espacio a paisajes lunares de extraordinaria belleza, donde el tiempo parece haberse detenido.<\/p>\n<p>Al alcanzar la altitud de 2.900m, continuaremos a pie, en un entorno donde la majestuosidad del volc\u00e1n se revela en todo su poder, dejando atr\u00e1s el mundo cotidiano, inmersos en un paisaje majestuoso e inmaculado.<\/p>\n<p>La exploraci\u00f3n continuar\u00e1 con la visita de una cueva de flujo de lava, donde, equipados con cascos, tapones de o\u00eddos desechables y linternas, exploraremos los misteriosos t\u00faneles creados por el flujo de lava, testigos silenciosos de las fuerzas primordiales que han moldeado estas tierras.<\/p>\n<p>Para los exploradores que opten por la opci\u00f3n de d\u00eda completo, la experiencia se enriquecer\u00e1 con un momento gastron\u00f3mico con un almuerzo en el refugio a base de especialidades sicilianas o una degustaci\u00f3n de vinos Etna DOC. Estamos en capacidad, a solicitud, de ofrecer alternativas elementales de diferente tipo.<\/p>\n<ul>\n<li>Recogida en el alojamiento.<\/li>\n<li>Alcance de la altitud de 2.900m con los buses 4&#215;4.<\/li>\n<li>Trekking sobre cr\u00e1teres de baja actividad.<\/li>\n<li>Todo terreno con vistas panor\u00e1micas.<\/li>\n<li>Visita a cuevas de flujo de lava.<\/li>\n<li>Almuerzo en el refugio o degustaci\u00f3n de vinos.<\/li>\n<li>Regreso al hotel.<\/li>\n<\/ul>\n<p>&nbsp;<\/p>\n<p><strong>Equipo recomendado<\/strong><\/p>\n<p>Zapatos de trekking (o deportivos), ropa en capas, chaqueta impermeable, sombrero, gafas de sol, protecci\u00f3n solar y bastones telesc\u00f3picos.<\/p>\n<p><strong>Servicios incluidos<\/strong><\/p>\n<p>Recogida en su alojamiento, seguro, cascos (con tapones de o\u00eddos desechables), bastones (a pedido), linternas, agua y gu\u00eda multiling\u00fce, boletos de buses todo terreno, costo de la Gu\u00eda Alpina\/Vulcanol\u00f3gica y almuerzo de picnic en la f\u00f3rmula de d\u00eda completo.<\/p>\n<p><strong>Advertencias<\/strong><\/p>\n<p>El tour est\u00e1 sujeto a las condiciones meteorol\u00f3gicas y de actividad de los cr\u00e1teres y\/o a las ordenanzas de las autoridades en materia de seguridad en la zona cumbre; por lo tanto, su realizaci\u00f3n no puede ser garantizada en caso de prohibici\u00f3n de estas \u00e1reas. La gu\u00eda se reserva el derecho indiscutible de cancelar o modificar el tour si las condiciones de seguridad deber\u00edan disminuir.<\/p>\n<p>En la fase de solicitud, es necesario comunicar cualquier estado psicof\u00edsico que pueda alterar el estado de constituci\u00f3n sana y robusta (ej. estado de embarazo, problemas cardiacos, asma, insuficiencias respiratorias, etc.).<\/p>\n<ul>\n<li>LA EXCURSI\u00d3N EST\u00c1 ABSOLUTAMENTE PROHIBIDA PARA CARDIOPATAS, ASM\u00c1TICOS E HIPERTENSOS, MUJERES EN ESTADO INTERESANTE, DESACONSEJADA PARA PERSONAS CON PROBLEMAS MOTORES.<\/li>\n<\/ul>\n","protected":false},"excerpt":{"rendered":"<p class=\"p1\">La excursi\u00f3n Etna Cr\u00e1teres 2900 te ofrece una emocionante aventura en las laderas del volc\u00e1n, donde la naturaleza se muestra en su forma m\u00e1s cruda y majestuosa. Partiendo del Refugio Sapienza, ascender\u00e1s a trav\u00e9s de bosques frondosos y coladas de lava hasta alcanzar la cima a 2900 metros, donde los paisajes lunares y la vista espectacular sobre los cr\u00e1teres extintos te dejar\u00e1n sin aliento.<\/p>\n","protected":false},"featured_media":12664,"comment_status":"open","ping_status":"closed","template":"","meta":[],"product_brand":[],"product_cat":[113],"product_tag":[],"class_list":{"0":"post-13511","1":"product","2":"type-product","3":"status-publish","4":"has-post-thumbnail","6":"brw_tour_types-aventure-es","7":"product_cat-aventura","9":"first","10":"instock","11":"shipping-taxable","12":"product-type-ovabrw_car_rental"},"yoast_head":"<!-- This site is optimized with the Yoast SEO plugin v27.3 - https:\/\/yoast.com\/product\/yoast-seo-wordpress\/ -->\n<title>Etna Crateri 2900m - Etna Mareneve Escursioni<\/title>\n<meta name=\"robots\" content=\"index, follow, max-snippet:-1, max-image-preview:large, max-video-preview:-1\" \/>\n<link rel=\"canonical\" href=\"https:\/\/etnamarenevescursioni.com\/es\/tour\/etna-crateri-2900\/\" \/>\n<meta property=\"og:locale\" content=\"es_ES\" \/>\n<meta property=\"og:type\" content=\"article\" \/>\n<meta property=\"og:title\" content=\"Etna Crateri 2900m - Etna Mareneve Escursioni\" \/>\n<meta property=\"og:description\" content=\"La excursi\u00f3n Etna Cr\u00e1teres 2900 te ofrece una emocionante aventura en las laderas del volc\u00e1n, donde la naturaleza se muestra en su forma m\u00e1s cruda y majestuosa. Partiendo del Refugio Sapienza, ascender\u00e1s a trav\u00e9s de bosques frondosos y coladas de lava hasta alcanzar la cima a 2900 metros, donde los paisajes lunares y la vista espectacular sobre los cr\u00e1teres extintos te dejar\u00e1n sin aliento.\" \/>\n<meta property=\"og:url\" content=\"https:\/\/etnamarenevescursioni.com\/es\/tour\/etna-crateri-2900\/\" \/>\n<meta property=\"og:site_name\" content=\"Etna Mareneve Escursioni\" \/>\n<meta property=\"article:modified_time\" content=\"2024-05-06T12:57:54+00:00\" \/>\n<meta property=\"og:image\" content=\"https:\/\/etnamarenevescursioni.com\/wp-content\/uploads\/2024\/02\/Collezione-Etna-17.jpg\" \/>\n\t<meta property=\"og:image:width\" content=\"1420\" \/>\n\t<meta property=\"og:image:height\" content=\"947\" \/>\n\t<meta property=\"og:image:type\" content=\"image\/jpeg\" \/>\n<meta name=\"twitter:card\" content=\"summary_large_image\" \/>\n<meta name=\"twitter:label1\" content=\"Tiempo de lectura\" \/>\n\t<meta name=\"twitter:data1\" content=\"3 minutos\" \/>\n<script type=\"application\/ld+json\" class=\"yoast-schema-graph\">{\"@context\":\"https:\\\/\\\/schema.org\",\"@graph\":[{\"@type\":\"WebPage\",\"@id\":\"https:\\\/\\\/etnamarenevescursioni.com\\\/es\\\/tour\\\/etna-crateri-2900\\\/\",\"url\":\"https:\\\/\\\/etnamarenevescursioni.com\\\/es\\\/tour\\\/etna-crateri-2900\\\/\",\"name\":\"Etna Crateri 2900m - Etna Mareneve Escursioni\",\"isPartOf\":{\"@id\":\"https:\\\/\\\/etnamarenevescursioni.com\\\/es\\\/#website\"},\"primaryImageOfPage\":{\"@id\":\"https:\\\/\\\/etnamarenevescursioni.com\\\/es\\\/tour\\\/etna-crateri-2900\\\/#primaryimage\"},\"image\":{\"@id\":\"https:\\\/\\\/etnamarenevescursioni.com\\\/es\\\/tour\\\/etna-crateri-2900\\\/#primaryimage\"},\"thumbnailUrl\":\"https:\\\/\\\/etnamarenevescursioni.com\\\/wp-content\\\/uploads\\\/2024\\\/02\\\/Collezione-Etna-17.jpg\",\"datePublished\":\"2024-02-15T13:21:46+00:00\",\"dateModified\":\"2024-05-06T12:57:54+00:00\",\"breadcrumb\":{\"@id\":\"https:\\\/\\\/etnamarenevescursioni.com\\\/es\\\/tour\\\/etna-crateri-2900\\\/#breadcrumb\"},\"inLanguage\":\"es\",\"potentialAction\":[{\"@type\":\"ReadAction\",\"target\":[\"https:\\\/\\\/etnamarenevescursioni.com\\\/es\\\/tour\\\/etna-crateri-2900\\\/\"]}]},{\"@type\":\"ImageObject\",\"inLanguage\":\"es\",\"@id\":\"https:\\\/\\\/etnamarenevescursioni.com\\\/es\\\/tour\\\/etna-crateri-2900\\\/#primaryimage\",\"url\":\"https:\\\/\\\/etnamarenevescursioni.com\\\/wp-content\\\/uploads\\\/2024\\\/02\\\/Collezione-Etna-17.jpg\",\"contentUrl\":\"https:\\\/\\\/etnamarenevescursioni.com\\\/wp-content\\\/uploads\\\/2024\\\/02\\\/Collezione-Etna-17.jpg\",\"width\":1420,\"height\":947},{\"@type\":\"BreadcrumbList\",\"@id\":\"https:\\\/\\\/etnamarenevescursioni.com\\\/es\\\/tour\\\/etna-crateri-2900\\\/#breadcrumb\",\"itemListElement\":[{\"@type\":\"ListItem\",\"position\":1,\"name\":\"Home\",\"item\":\"https:\\\/\\\/etnamarenevescursioni.com\\\/es\\\/\"},{\"@type\":\"ListItem\",\"position\":2,\"name\":\"Shop\",\"item\":\"https:\\\/\\\/etnamarenevescursioni.com\\\/?page_id=10\"},{\"@type\":\"ListItem\",\"position\":3,\"name\":\"Etna Crateri 2900m\"}]},{\"@type\":\"WebSite\",\"@id\":\"https:\\\/\\\/etnamarenevescursioni.com\\\/es\\\/#website\",\"url\":\"https:\\\/\\\/etnamarenevescursioni.com\\\/es\\\/\",\"name\":\"Etna Mareneve Escursioni\",\"description\":\"\",\"potentialAction\":[{\"@type\":\"SearchAction\",\"target\":{\"@type\":\"EntryPoint\",\"urlTemplate\":\"https:\\\/\\\/etnamarenevescursioni.com\\\/es\\\/?s={search_term_string}\"},\"query-input\":{\"@type\":\"PropertyValueSpecification\",\"valueRequired\":true,\"valueName\":\"search_term_string\"}}],\"inLanguage\":\"es\"}]}<\/script>\n<!-- \/ Yoast SEO plugin. -->","yoast_head_json":{"title":"Etna Crateri 2900m - Etna Mareneve Escursioni","robots":{"index":"index","follow":"follow","max-snippet":"max-snippet:-1","max-image-preview":"max-image-preview:large","max-video-preview":"max-video-preview:-1"},"canonical":"https:\/\/etnamarenevescursioni.com\/es\/tour\/etna-crateri-2900\/","og_locale":"es_ES","og_type":"article","og_title":"Etna Crateri 2900m - Etna Mareneve Escursioni","og_description":"La excursi\u00f3n Etna Cr\u00e1teres 2900 te ofrece una emocionante aventura en las laderas del volc\u00e1n, donde la naturaleza se muestra en su forma m\u00e1s cruda y majestuosa. Partiendo del Refugio Sapienza, ascender\u00e1s a trav\u00e9s de bosques frondosos y coladas de lava hasta alcanzar la cima a 2900 metros, donde los paisajes lunares y la vista espectacular sobre los cr\u00e1teres extintos te dejar\u00e1n sin aliento.","og_url":"https:\/\/etnamarenevescursioni.com\/es\/tour\/etna-crateri-2900\/","og_site_name":"Etna Mareneve Escursioni","article_modified_time":"2024-05-06T12:57:54+00:00","og_image":[{"width":1420,"height":947,"url":"https:\/\/etnamarenevescursioni.com\/wp-content\/uploads\/2024\/02\/Collezione-Etna-17.jpg","type":"image\/jpeg"}],"twitter_card":"summary_large_image","twitter_misc":{"Tiempo de lectura":"3 minutos"},"schema":{"@context":"https:\/\/schema.org","@graph":[{"@type":"WebPage","@id":"https:\/\/etnamarenevescursioni.com\/es\/tour\/etna-crateri-2900\/","url":"https:\/\/etnamarenevescursioni.com\/es\/tour\/etna-crateri-2900\/","name":"Etna Crateri 2900m - Etna Mareneve Escursioni","isPartOf":{"@id":"https:\/\/etnamarenevescursioni.com\/es\/#website"},"primaryImageOfPage":{"@id":"https:\/\/etnamarenevescursioni.com\/es\/tour\/etna-crateri-2900\/#primaryimage"},"image":{"@id":"https:\/\/etnamarenevescursioni.com\/es\/tour\/etna-crateri-2900\/#primaryimage"},"thumbnailUrl":"https:\/\/etnamarenevescursioni.com\/wp-content\/uploads\/2024\/02\/Collezione-Etna-17.jpg","datePublished":"2024-02-15T13:21:46+00:00","dateModified":"2024-05-06T12:57:54+00:00","breadcrumb":{"@id":"https:\/\/etnamarenevescursioni.com\/es\/tour\/etna-crateri-2900\/#breadcrumb"},"inLanguage":"es","potentialAction":[{"@type":"ReadAction","target":["https:\/\/etnamarenevescursioni.com\/es\/tour\/etna-crateri-2900\/"]}]},{"@type":"ImageObject","inLanguage":"es","@id":"https:\/\/etnamarenevescursioni.com\/es\/tour\/etna-crateri-2900\/#primaryimage","url":"https:\/\/etnamarenevescursioni.com\/wp-content\/uploads\/2024\/02\/Collezione-Etna-17.jpg","contentUrl":"https:\/\/etnamarenevescursioni.com\/wp-content\/uploads\/2024\/02\/Collezione-Etna-17.jpg","width":1420,"height":947},{"@type":"BreadcrumbList","@id":"https:\/\/etnamarenevescursioni.com\/es\/tour\/etna-crateri-2900\/#breadcrumb","itemListElement":[{"@type":"ListItem","position":1,"name":"Home","item":"https:\/\/etnamarenevescursioni.com\/es\/"},{"@type":"ListItem","position":2,"name":"Shop","item":"https:\/\/etnamarenevescursioni.com\/?page_id=10"},{"@type":"ListItem","position":3,"name":"Etna Crateri 2900m"}]},{"@type":"WebSite","@id":"https:\/\/etnamarenevescursioni.com\/es\/#website","url":"https:\/\/etnamarenevescursioni.com\/es\/","name":"Etna Mareneve Escursioni","description":"","potentialAction":[{"@type":"SearchAction","target":{"@type":"EntryPoint","urlTemplate":"https:\/\/etnamarenevescursioni.com\/es\/?s={search_term_string}"},"query-input":{"@type":"PropertyValueSpecification","valueRequired":true,"valueName":"search_term_string"}}],"inLanguage":"es"}]}},"_links":{"self":[{"href":"https:\/\/etnamarenevescursioni.com\/es\/wp-json\/wp\/v2\/product\/13511","targetHints":{"allow":["GET"]}}],"collection":[{"href":"https:\/\/etnamarenevescursioni.com\/es\/wp-json\/wp\/v2\/product"}],"about":[{"href":"https:\/\/etnamarenevescursioni.com\/es\/wp-json\/wp\/v2\/types\/product"}],"replies":[{"embeddable":true,"href":"https:\/\/etnamarenevescursioni.com\/es\/wp-json\/wp\/v2\/comments?post=13511"}],"wp:featuredmedia":[{"embeddable":true,"href":"https:\/\/etnamarenevescursioni.com\/es\/wp-json\/wp\/v2\/media\/12664"}],"wp:attachment":[{"href":"https:\/\/etnamarenevescursioni.com\/es\/wp-json\/wp\/v2\/media?parent=13511"}],"wp:term":[{"taxonomy":"product_brand","embeddable":true,"href":"https:\/\/etnamarenevescursioni.com\/es\/wp-json\/wp\/v2\/product_brand?post=13511"},{"taxonomy":"product_cat","embeddable":true,"href":"https:\/\/etnamarenevescursioni.com\/es\/wp-json\/wp\/v2\/product_cat?post=13511"},{"taxonomy":"product_tag","embeddable":true,"href":"https:\/\/etnamarenevescursioni.com\/es\/wp-json\/wp\/v2\/product_tag?post=13511"}],"curies":[{"name":"wp","href":"https:\/\/api.w.org\/{rel}","templated":true}]}}