{"id":13515,"date":"2024-02-15T14:27:47","date_gmt":"2024-02-15T13:27:47","guid":{"rendered":"https:\/\/etnamarenevescursioni.com\/prodotto\/siracusa-noto\/"},"modified":"2024-05-06T15:10:30","modified_gmt":"2024-05-06T13:10:30","slug":"siracusa-noto","status":"publish","type":"product","link":"https:\/\/etnamarenevescursioni.com\/es\/tour\/siracusa-noto\/","title":{"rendered":"Siracusa &#038; Noto"},"content":{"rendered":"<p>Nuestro tour comenzar\u00e1 en la hist\u00f3rica ciudad de Siracusa, una ciudad de belleza e encanto incomparables, celebrada por Cicer\u00f3n como \u00abla ciudad m\u00e1s hermosa de la Magna Grecia\u00bb. Este precioso joya del Mediterr\u00e1neo, declarada Patrimonio de la Humanidad por la UNESCO, se erige en una bah\u00eda encantadora, abrazada por la isla de Ortigia, fundada en el a\u00f1o 734 a.C. por colonos corintios. Siracusa, capital cultural desde la \u00e9poca griega hasta el renacimiento barroco, rivalizaba en grandeza y esplendor con las ciudades m\u00e1s ilustres de su tiempo, como Atenas y Alejandr\u00eda.<\/p>\n<p>Sumergidos en siglos de historia, exploraremos el Parque Arqueol\u00f3gico de Ne\u00e1polis, coraz\u00f3n de la antigua Siracusa, para luego perdernos en los callejones del centro hist\u00f3rico de Ortigia. Aqu\u00ed, admiraremos el Templo de Minerva transformado en majestuosa catedral cristiana, y quedaremos encantados por la legendaria Fuente Aretusa, un manantial de agua dulce que brota a pocos pasos del mar.<\/p>\n<p>Tras una ma\u00f1ana inmersos en la historia, nos tomaremos un descanso, degustando los sabores aut\u00e9nticos de esta tierra, rica en tradiciones culinarias. Por la tarde, nuestro viaje continuar\u00e1 hacia la espl\u00e9ndida Noto, capital indiscutible del barroco siciliano. Paseando por su curso principal, nos asombraremos ante las fachadas color miel de sus arquitecturas, que brillan bajo el sol siciliano. Admiraremos plazas y escalinatas que parecen parte de una pintura, en una sucesi\u00f3n de obras maestras arquitect\u00f3nicas que narran la renacimiento de la ciudad tras el devastador terremoto de 1693. Noto, renacida de sus cenizas en un nuevo sitio en 1702, se presenta a los visitantes como una magn\u00edfica ciudad de arte, un tesoro de la UNESCO que encanta a cada mirada. Su elegancia barroca, con sus iglesias, palacios y jardines, la convierte en una experiencia inolvidable para cualquiera que viaje por Sicilia.<\/p>\n<ul>\n<li>Recogida en el alojamiento.<\/li>\n<li>Visita de Siracusa y Ortigia.<\/li>\n<li>Almuerzo.<\/li>\n<li>Visita de Noto.<\/li>\n<li>Degustaci\u00f3n de productos t\u00edpicos.<\/li>\n<li>Regreso al hotel.<\/li>\n<\/ul>\n<p>&nbsp;<\/p>\n<p><strong>Equipo recomendado<\/strong><\/p>\n<p>Zapatos c\u00f3modos, ropa en capas, chaqueta impermeable, sombrero, gafas de sol y protector solar.<\/p>\n<p><strong>Servicios incluidos<\/strong><\/p>\n<p>Recogida desde su alojamiento, seguro y agua.<\/p>\n","protected":false},"excerpt":{"rendered":"<p class=\"p1\">En este tour, te sumergir\u00e1s en las maravillas del barroco siciliano y la historia antigua. En Siracusa, visitar\u00e1s la isla de Ortigia y el Parque Arqueol\u00f3gico de Ne\u00e1polis, testigos de milenios de historia. Continuando hacia Noto, quedar\u00e1s encantado ante sus magn\u00edficas arquitecturas barrocas, que resplandecen con un c\u00e1lido dorado bajo el sol siciliano.<\/p>\n","protected":false},"featured_media":13457,"comment_status":"open","ping_status":"closed","template":"","meta":[],"product_cat":[121],"product_tag":[],"class_list":{"0":"post-13515","1":"product","2":"type-product","3":"status-publish","4":"has-post-thumbnail","6":"brw_tour_types-cultural-es","7":"product_cat-cultural-es","9":"first","10":"instock","11":"shipping-taxable","12":"product-type-ovabrw_car_rental"},"yoast_head":"<!-- This site is optimized with the Yoast SEO plugin v22.8 - https:\/\/yoast.com\/wordpress\/plugins\/seo\/ -->\n<title>Siracusa &amp; Noto - Etna Mareneve Escursioni<\/title>\n<meta name=\"robots\" content=\"index, follow, max-snippet:-1, max-image-preview:large, max-video-preview:-1\" \/>\n<link rel=\"canonical\" href=\"https:\/\/etnamarenevescursioni.com\/es\/tour\/siracusa-noto\/\" \/>\n<meta property=\"og:locale\" content=\"es_ES\" \/>\n<meta property=\"og:type\" content=\"article\" \/>\n<meta property=\"og:title\" content=\"Siracusa &amp; Noto - Etna Mareneve Escursioni\" \/>\n<meta property=\"og:description\" content=\"En este tour, te sumergir\u00e1s en las maravillas del barroco siciliano y la historia antigua. En Siracusa, visitar\u00e1s la isla de Ortigia y el Parque Arqueol\u00f3gico de Ne\u00e1polis, testigos de milenios de historia. Continuando hacia Noto, quedar\u00e1s encantado ante sus magn\u00edficas arquitecturas barrocas, que resplandecen con un c\u00e1lido dorado bajo el sol siciliano.\" \/>\n<meta property=\"og:url\" content=\"https:\/\/etnamarenevescursioni.com\/es\/tour\/siracusa-noto\/\" \/>\n<meta property=\"og:site_name\" content=\"Etna Mareneve Escursioni\" \/>\n<meta property=\"article:modified_time\" content=\"2024-05-06T13:10:30+00:00\" \/>\n<meta property=\"og:image\" content=\"https:\/\/etnamarenevescursioni.com\/wp-content\/uploads\/2022\/07\/cathedral-of-syracuse-in-syracuse-sicily-2023-11-27-05-05-23-utc.jpg\" \/>\n\t<meta property=\"og:image:width\" content=\"1420\" \/>\n\t<meta property=\"og:image:height\" content=\"947\" \/>\n\t<meta property=\"og:image:type\" content=\"image\/jpeg\" \/>\n<meta name=\"twitter:card\" content=\"summary_large_image\" \/>\n<meta name=\"twitter:label1\" content=\"Tiempo de lectura\" \/>\n\t<meta name=\"twitter:data1\" content=\"2 minutos\" \/>\n<script type=\"application\/ld+json\" class=\"yoast-schema-graph\">{\"@context\":\"https:\/\/schema.org\",\"@graph\":[{\"@type\":\"WebPage\",\"@id\":\"https:\/\/etnamarenevescursioni.com\/es\/tour\/siracusa-noto\/\",\"url\":\"https:\/\/etnamarenevescursioni.com\/es\/tour\/siracusa-noto\/\",\"name\":\"Siracusa & Noto - Etna Mareneve Escursioni\",\"isPartOf\":{\"@id\":\"https:\/\/etnamarenevescursioni.com\/es\/#website\"},\"primaryImageOfPage\":{\"@id\":\"https:\/\/etnamarenevescursioni.com\/es\/tour\/siracusa-noto\/#primaryimage\"},\"image\":{\"@id\":\"https:\/\/etnamarenevescursioni.com\/es\/tour\/siracusa-noto\/#primaryimage\"},\"thumbnailUrl\":\"https:\/\/etnamarenevescursioni.com\/wp-content\/uploads\/2022\/07\/cathedral-of-syracuse-in-syracuse-sicily-2023-11-27-05-05-23-utc.jpg\",\"datePublished\":\"2024-02-15T13:27:47+00:00\",\"dateModified\":\"2024-05-06T13:10:30+00:00\",\"breadcrumb\":{\"@id\":\"https:\/\/etnamarenevescursioni.com\/es\/tour\/siracusa-noto\/#breadcrumb\"},\"inLanguage\":\"es\",\"potentialAction\":[{\"@type\":\"ReadAction\",\"target\":[\"https:\/\/etnamarenevescursioni.com\/es\/tour\/siracusa-noto\/\"]}]},{\"@type\":\"ImageObject\",\"inLanguage\":\"es\",\"@id\":\"https:\/\/etnamarenevescursioni.com\/es\/tour\/siracusa-noto\/#primaryimage\",\"url\":\"https:\/\/etnamarenevescursioni.com\/wp-content\/uploads\/2022\/07\/cathedral-of-syracuse-in-syracuse-sicily-2023-11-27-05-05-23-utc.jpg\",\"contentUrl\":\"https:\/\/etnamarenevescursioni.com\/wp-content\/uploads\/2022\/07\/cathedral-of-syracuse-in-syracuse-sicily-2023-11-27-05-05-23-utc.jpg\",\"width\":1420,\"height\":947},{\"@type\":\"BreadcrumbList\",\"@id\":\"https:\/\/etnamarenevescursioni.com\/es\/tour\/siracusa-noto\/#breadcrumb\",\"itemListElement\":[{\"@type\":\"ListItem\",\"position\":1,\"name\":\"Home\",\"item\":\"https:\/\/etnamarenevescursioni.com\/es\/\"},{\"@type\":\"ListItem\",\"position\":2,\"name\":\"Shop\",\"item\":\"https:\/\/etnamarenevescursioni.com\/?page_id=10\"},{\"@type\":\"ListItem\",\"position\":3,\"name\":\"Siracusa &#038; Noto\"}]},{\"@type\":\"WebSite\",\"@id\":\"https:\/\/etnamarenevescursioni.com\/es\/#website\",\"url\":\"https:\/\/etnamarenevescursioni.com\/es\/\",\"name\":\"Etna Mareneve Escursioni\",\"description\":\"\",\"potentialAction\":[{\"@type\":\"SearchAction\",\"target\":{\"@type\":\"EntryPoint\",\"urlTemplate\":\"https:\/\/etnamarenevescursioni.com\/es\/?s={search_term_string}\"},\"query-input\":\"required name=search_term_string\"}],\"inLanguage\":\"es\"}]}<\/script>\n<!-- \/ Yoast SEO plugin. -->","yoast_head_json":{"title":"Siracusa & Noto - Etna Mareneve Escursioni","robots":{"index":"index","follow":"follow","max-snippet":"max-snippet:-1","max-image-preview":"max-image-preview:large","max-video-preview":"max-video-preview:-1"},"canonical":"https:\/\/etnamarenevescursioni.com\/es\/tour\/siracusa-noto\/","og_locale":"es_ES","og_type":"article","og_title":"Siracusa & Noto - Etna Mareneve Escursioni","og_description":"En este tour, te sumergir\u00e1s en las maravillas del barroco siciliano y la historia antigua. En Siracusa, visitar\u00e1s la isla de Ortigia y el Parque Arqueol\u00f3gico de Ne\u00e1polis, testigos de milenios de historia. Continuando hacia Noto, quedar\u00e1s encantado ante sus magn\u00edficas arquitecturas barrocas, que resplandecen con un c\u00e1lido dorado bajo el sol siciliano.","og_url":"https:\/\/etnamarenevescursioni.com\/es\/tour\/siracusa-noto\/","og_site_name":"Etna Mareneve Escursioni","article_modified_time":"2024-05-06T13:10:30+00:00","og_image":[{"width":1420,"height":947,"url":"https:\/\/etnamarenevescursioni.com\/wp-content\/uploads\/2022\/07\/cathedral-of-syracuse-in-syracuse-sicily-2023-11-27-05-05-23-utc.jpg","type":"image\/jpeg"}],"twitter_card":"summary_large_image","twitter_misc":{"Tiempo de lectura":"2 minutos"},"schema":{"@context":"https:\/\/schema.org","@graph":[{"@type":"WebPage","@id":"https:\/\/etnamarenevescursioni.com\/es\/tour\/siracusa-noto\/","url":"https:\/\/etnamarenevescursioni.com\/es\/tour\/siracusa-noto\/","name":"Siracusa & Noto - Etna Mareneve Escursioni","isPartOf":{"@id":"https:\/\/etnamarenevescursioni.com\/es\/#website"},"primaryImageOfPage":{"@id":"https:\/\/etnamarenevescursioni.com\/es\/tour\/siracusa-noto\/#primaryimage"},"image":{"@id":"https:\/\/etnamarenevescursioni.com\/es\/tour\/siracusa-noto\/#primaryimage"},"thumbnailUrl":"https:\/\/etnamarenevescursioni.com\/wp-content\/uploads\/2022\/07\/cathedral-of-syracuse-in-syracuse-sicily-2023-11-27-05-05-23-utc.jpg","datePublished":"2024-02-15T13:27:47+00:00","dateModified":"2024-05-06T13:10:30+00:00","breadcrumb":{"@id":"https:\/\/etnamarenevescursioni.com\/es\/tour\/siracusa-noto\/#breadcrumb"},"inLanguage":"es","potentialAction":[{"@type":"ReadAction","target":["https:\/\/etnamarenevescursioni.com\/es\/tour\/siracusa-noto\/"]}]},{"@type":"ImageObject","inLanguage":"es","@id":"https:\/\/etnamarenevescursioni.com\/es\/tour\/siracusa-noto\/#primaryimage","url":"https:\/\/etnamarenevescursioni.com\/wp-content\/uploads\/2022\/07\/cathedral-of-syracuse-in-syracuse-sicily-2023-11-27-05-05-23-utc.jpg","contentUrl":"https:\/\/etnamarenevescursioni.com\/wp-content\/uploads\/2022\/07\/cathedral-of-syracuse-in-syracuse-sicily-2023-11-27-05-05-23-utc.jpg","width":1420,"height":947},{"@type":"BreadcrumbList","@id":"https:\/\/etnamarenevescursioni.com\/es\/tour\/siracusa-noto\/#breadcrumb","itemListElement":[{"@type":"ListItem","position":1,"name":"Home","item":"https:\/\/etnamarenevescursioni.com\/es\/"},{"@type":"ListItem","position":2,"name":"Shop","item":"https:\/\/etnamarenevescursioni.com\/?page_id=10"},{"@type":"ListItem","position":3,"name":"Siracusa &#038; Noto"}]},{"@type":"WebSite","@id":"https:\/\/etnamarenevescursioni.com\/es\/#website","url":"https:\/\/etnamarenevescursioni.com\/es\/","name":"Etna Mareneve Escursioni","description":"","potentialAction":[{"@type":"SearchAction","target":{"@type":"EntryPoint","urlTemplate":"https:\/\/etnamarenevescursioni.com\/es\/?s={search_term_string}"},"query-input":"required name=search_term_string"}],"inLanguage":"es"}]}},"_links":{"self":[{"href":"https:\/\/etnamarenevescursioni.com\/es\/wp-json\/wp\/v2\/product\/13515","targetHints":{"allow":["GET"]}}],"collection":[{"href":"https:\/\/etnamarenevescursioni.com\/es\/wp-json\/wp\/v2\/product"}],"about":[{"href":"https:\/\/etnamarenevescursioni.com\/es\/wp-json\/wp\/v2\/types\/product"}],"replies":[{"embeddable":true,"href":"https:\/\/etnamarenevescursioni.com\/es\/wp-json\/wp\/v2\/comments?post=13515"}],"wp:featuredmedia":[{"embeddable":true,"href":"https:\/\/etnamarenevescursioni.com\/es\/wp-json\/wp\/v2\/media\/13457"}],"wp:attachment":[{"href":"https:\/\/etnamarenevescursioni.com\/es\/wp-json\/wp\/v2\/media?parent=13515"}],"wp:term":[{"taxonomy":"product_cat","embeddable":true,"href":"https:\/\/etnamarenevescursioni.com\/es\/wp-json\/wp\/v2\/product_cat?post=13515"},{"taxonomy":"product_tag","embeddable":true,"href":"https:\/\/etnamarenevescursioni.com\/es\/wp-json\/wp\/v2\/product_tag?post=13515"}],"curies":[{"name":"wp","href":"https:\/\/api.w.org\/{rel}","templated":true}]}}