{"id":13486,"date":"2024-02-15T14:34:00","date_gmt":"2024-02-15T13:34:00","guid":{"rendered":"https:\/\/etnamarenevescursioni.com\/prodotto\/etna-crateri-3300m\/"},"modified":"2024-05-06T14:19:12","modified_gmt":"2024-05-06T12:19:12","slug":"etna-crateri-3300m","status":"publish","type":"product","link":"https:\/\/etnamarenevescursioni.com\/fr\/tour\/etna-crateri-3300m\/","title":{"rendered":"Etna 3300m"},"content":{"rendered":"<p><strong>DISPONIBLE EN FORMULE FULL-DAY<\/strong><\/p>\n<p>Nous vous emm\u00e8nerons dans une aventure inoubliable au sommet du plus haut volcan actif d&rsquo;Europe.<\/p>\n<p>Ce voyage exclusif commencera en franchissant les seuils de villages anciens, nich\u00e9s sur les pentes de l&rsquo;Etna, o\u00f9 l&rsquo;histoire et la tradition se fondent dans un tissu riche de culture. Nous marcherons sur des sentiers immerg\u00e9s dans les bois du Parc de l&rsquo;Etna, t\u00e9moins d&rsquo;une biodiversit\u00e9 extraordinaire qui change avec l&rsquo;altitude.<\/p>\n<p>Nous traverserons des coul\u00e9es de lave, t\u00e9moins silencieux des \u00e9ruptions pass\u00e9es, qui alternent avec un mosa\u00efque de flore vari\u00e9e : des vergers de pommes et de cerises aux vignobles et noisetiers, en passant par des bois de ch\u00e2taigniers, ch\u00eanes, h\u00eatres, gen\u00e9vriers, cerisiers sauvages, peupliers, pins, bouleaux et h\u00eatres. Chaque pas nous rapprochera du c\u0153ur battant de l&rsquo;Etna.<\/p>\n<p>Apr\u00e8s avoir d\u00e9pass\u00e9 l&rsquo;altitude de 1900m, nous quitterons le chemin connu pour entrer dans un monde nouveau : des paysages lunaires prendront la place de la v\u00e9g\u00e9tation, nous offrant des sc\u00e9narios d&rsquo;une beaut\u00e9 unique et pr\u00e9serv\u00e9e. L&rsquo;ascension continuera jusqu&rsquo;\u00e0 atteindre 2900m en bus 4&#215;4.<\/p>\n<p>De l\u00e0, nous entreprendrons une marche d&rsquo;environ deux heures jusqu&rsquo;\u00e0 atteindre la zone sommitale, \u00e0 une altitude d&rsquo;environ 3300m. L\u00e0, marchant immerg\u00e9s dans un paysage merveilleux, nous laisserons derri\u00e8re nous toute pens\u00e9e, immerg\u00e9s dans une sensation d&rsquo;unicit\u00e9 et de merveille, face au toit de la M\u00e9diterran\u00e9e.<\/p>\n<p>Notre descente commencera apr\u00e8s une pause pour un pique-nique, o\u00f9 nous serons accompagn\u00e9s d&rsquo;une vue \u00e0 couper le souffle.<\/p>\n<ul>\n<li>Ramassage \u00e0 la structure d&rsquo;accueil.<\/li>\n<li>Mont\u00e9e \u00e0 2900m avec les bus 4&#215;4.<\/li>\n<li>Trekking jusqu&rsquo;aux crat\u00e8res sommitaux \u00e0 3300m.<\/li>\n<li>Balade sur les crat\u00e8res sommitaux.<\/li>\n<li>Pique-nique.<\/li>\n<li>Retour \u00e0 l&rsquo;h\u00f4tel.<\/li>\n<\/ul>\n<p>&nbsp;<\/p>\n<p><strong>\u00c9quipement recommand\u00e9<\/strong><\/p>\n<p>Chaussures de randonn\u00e9e (ou de sport), v\u00eatements superpos\u00e9s, veste imperm\u00e9able, chapeau, lunettes de soleil, protection solaire et b\u00e2tons t\u00e9lescopiques.<\/p>\n<p><strong>Services inclus<\/strong><\/p>\n<p>Prise en charge depuis votre h\u00e9bergement, assurance, casques (avec \u00e9couteurs jetables), b\u00e2tons (sur demande), lampes de poche, eau et guide multilingue, billets pour le t\u00e9l\u00e9ph\u00e9rique et les bus tout-terrain, guide alpin\/volcanologue, pique-nique comprenant : n\u00b0 2 sandwiches, n\u00b01 bouteille d&rsquo;eau, n\u00b01 compl\u00e9ment, fruits de saison, barres \u00e9nerg\u00e9tiques et tablette de chocolat.<\/p>\n<p><strong>Avertissements<\/strong><\/p>\n<p>Le Tour est soumis aux conditions m\u00e9t\u00e9orologiques et \u00e0 l&rsquo;activit\u00e9 des crat\u00e8res et\/ou aux ordonnances des autorit\u00e9s en mati\u00e8re de s\u00e9curit\u00e9 dans la zone sommitale ; par cons\u00e9quent, sa r\u00e9alisation ne peut \u00eatre garantie en cas d&rsquo;interdiction des m\u00eames zones. Le guide se r\u00e9serve le droit incontestable d&rsquo;annuler ou de modifier le Tour si les conditions de s\u00e9curit\u00e9 devaient se d\u00e9t\u00e9riorer.<\/p>\n<p>Au moment de la demande, il est n\u00e9cessaire de communiquer tout \u00e9tat psychophysique pouvant alt\u00e9rer l&rsquo;\u00e9tat de bonne et robuste constitution (ex. \u00e9tat de grossesse, probl\u00e8mes cardiaques, asthme, insuffisances respiratoires, etc.).<\/p>\n<p>* L&rsquo;EXCURSION EST ABSOLUMENT INTERDITE AUX CARDIAQUES, ASTHMATIQUES ET HYPERTENDUS, AUX FEMMES ENCEINTES, D\u00c9CONSEILL\u00c9E AUX PERSONNES AYANT DES PROBL\u00c8MES MOTEURS.<\/p>\n","protected":false},"excerpt":{"rendered":"<p class=\"p1\">L&rsquo;excursion Etna 3300m vous emm\u00e8ne au sommet du plus haut volcan actif d&rsquo;Europe, offrant une aventure unique au milieu d&rsquo;une nature pr\u00e9serv\u00e9e et de paysages lunaires. Partant des for\u00eats riches en biodiversit\u00e9 du Parc de l&rsquo;Etna, vous traverserez des coul\u00e9es de lave et d\u00e9couvrirez la vari\u00e9t\u00e9 de la flore locale, jusqu&rsquo;\u00e0 atteindre le sommet. L\u00e0, plong\u00e9 dans un panorama spectaculaire, vous vivrez des moments de pure merveille, loin du quotidien et proche du ciel m\u00e9diterran\u00e9en.<\/p>\n","protected":false},"featured_media":13184,"comment_status":"open","ping_status":"closed","template":"","meta":[],"product_brand":[],"product_cat":[109],"product_tag":[],"class_list":{"0":"post-13486","1":"product","2":"type-product","3":"status-publish","4":"has-post-thumbnail","6":"brw_tour_types-aventure","7":"product_cat-aventure","9":"first","10":"instock","11":"shipping-taxable","12":"product-type-ovabrw_car_rental"},"yoast_head":"<!-- This site is optimized with the Yoast SEO plugin v27.3 - https:\/\/yoast.com\/product\/yoast-seo-wordpress\/ -->\n<title>Etna 3300m - Etna Mareneve Escursioni<\/title>\n<meta name=\"robots\" content=\"index, follow, max-snippet:-1, max-image-preview:large, max-video-preview:-1\" \/>\n<link rel=\"canonical\" href=\"https:\/\/etnamarenevescursioni.com\/fr\/tour\/etna-crateri-3300m\/\" \/>\n<meta property=\"og:locale\" content=\"fr_FR\" \/>\n<meta property=\"og:type\" content=\"article\" \/>\n<meta property=\"og:title\" content=\"Etna 3300m - Etna Mareneve Escursioni\" \/>\n<meta property=\"og:description\" content=\"L&#039;excursion Etna 3300m vous emm\u00e8ne au sommet du plus haut volcan actif d&#039;Europe, offrant une aventure unique au milieu d&#039;une nature pr\u00e9serv\u00e9e et de paysages lunaires. Partant des for\u00eats riches en biodiversit\u00e9 du Parc de l&#039;Etna, vous traverserez des coul\u00e9es de lave et d\u00e9couvrirez la vari\u00e9t\u00e9 de la flore locale, jusqu&#039;\u00e0 atteindre le sommet. L\u00e0, plong\u00e9 dans un panorama spectaculaire, vous vivrez des moments de pure merveille, loin du quotidien et proche du ciel m\u00e9diterran\u00e9en.\" \/>\n<meta property=\"og:url\" content=\"https:\/\/etnamarenevescursioni.com\/fr\/tour\/etna-crateri-3300m\/\" \/>\n<meta property=\"og:site_name\" content=\"Etna Mareneve Escursioni\" \/>\n<meta property=\"article:modified_time\" content=\"2024-05-06T12:19:12+00:00\" \/>\n<meta property=\"og:image\" content=\"https:\/\/etnamarenevescursioni.com\/wp-content\/uploads\/2024\/02\/Collezione-Etna-7.jpg\" \/>\n\t<meta property=\"og:image:width\" content=\"1420\" \/>\n\t<meta property=\"og:image:height\" content=\"947\" \/>\n\t<meta property=\"og:image:type\" content=\"image\/jpeg\" \/>\n<meta name=\"twitter:card\" content=\"summary_large_image\" \/>\n<meta name=\"twitter:label1\" content=\"Dur\u00e9e de lecture estim\u00e9e\" \/>\n\t<meta name=\"twitter:data1\" content=\"3 minutes\" \/>\n<script type=\"application\/ld+json\" class=\"yoast-schema-graph\">{\"@context\":\"https:\\\/\\\/schema.org\",\"@graph\":[{\"@type\":\"WebPage\",\"@id\":\"https:\\\/\\\/etnamarenevescursioni.com\\\/fr\\\/tour\\\/etna-crateri-3300m\\\/\",\"url\":\"https:\\\/\\\/etnamarenevescursioni.com\\\/fr\\\/tour\\\/etna-crateri-3300m\\\/\",\"name\":\"Etna 3300m - Etna Mareneve Escursioni\",\"isPartOf\":{\"@id\":\"https:\\\/\\\/etnamarenevescursioni.com\\\/fr\\\/#website\"},\"primaryImageOfPage\":{\"@id\":\"https:\\\/\\\/etnamarenevescursioni.com\\\/fr\\\/tour\\\/etna-crateri-3300m\\\/#primaryimage\"},\"image\":{\"@id\":\"https:\\\/\\\/etnamarenevescursioni.com\\\/fr\\\/tour\\\/etna-crateri-3300m\\\/#primaryimage\"},\"thumbnailUrl\":\"https:\\\/\\\/etnamarenevescursioni.com\\\/wp-content\\\/uploads\\\/2024\\\/02\\\/Collezione-Etna-7.jpg\",\"datePublished\":\"2024-02-15T13:34:00+00:00\",\"dateModified\":\"2024-05-06T12:19:12+00:00\",\"breadcrumb\":{\"@id\":\"https:\\\/\\\/etnamarenevescursioni.com\\\/fr\\\/tour\\\/etna-crateri-3300m\\\/#breadcrumb\"},\"inLanguage\":\"fr-FR\",\"potentialAction\":[{\"@type\":\"ReadAction\",\"target\":[\"https:\\\/\\\/etnamarenevescursioni.com\\\/fr\\\/tour\\\/etna-crateri-3300m\\\/\"]}]},{\"@type\":\"ImageObject\",\"inLanguage\":\"fr-FR\",\"@id\":\"https:\\\/\\\/etnamarenevescursioni.com\\\/fr\\\/tour\\\/etna-crateri-3300m\\\/#primaryimage\",\"url\":\"https:\\\/\\\/etnamarenevescursioni.com\\\/wp-content\\\/uploads\\\/2024\\\/02\\\/Collezione-Etna-7.jpg\",\"contentUrl\":\"https:\\\/\\\/etnamarenevescursioni.com\\\/wp-content\\\/uploads\\\/2024\\\/02\\\/Collezione-Etna-7.jpg\",\"width\":1420,\"height\":947},{\"@type\":\"BreadcrumbList\",\"@id\":\"https:\\\/\\\/etnamarenevescursioni.com\\\/fr\\\/tour\\\/etna-crateri-3300m\\\/#breadcrumb\",\"itemListElement\":[{\"@type\":\"ListItem\",\"position\":1,\"name\":\"Home\",\"item\":\"https:\\\/\\\/etnamarenevescursioni.com\\\/fr\\\/\"},{\"@type\":\"ListItem\",\"position\":2,\"name\":\"Shop\",\"item\":\"https:\\\/\\\/etnamarenevescursioni.com\\\/?page_id=10\"},{\"@type\":\"ListItem\",\"position\":3,\"name\":\"Etna 3300m\"}]},{\"@type\":\"WebSite\",\"@id\":\"https:\\\/\\\/etnamarenevescursioni.com\\\/fr\\\/#website\",\"url\":\"https:\\\/\\\/etnamarenevescursioni.com\\\/fr\\\/\",\"name\":\"Etna Mareneve Escursioni\",\"description\":\"\",\"potentialAction\":[{\"@type\":\"SearchAction\",\"target\":{\"@type\":\"EntryPoint\",\"urlTemplate\":\"https:\\\/\\\/etnamarenevescursioni.com\\\/fr\\\/?s={search_term_string}\"},\"query-input\":{\"@type\":\"PropertyValueSpecification\",\"valueRequired\":true,\"valueName\":\"search_term_string\"}}],\"inLanguage\":\"fr-FR\"}]}<\/script>\n<!-- \/ Yoast SEO plugin. -->","yoast_head_json":{"title":"Etna 3300m - Etna Mareneve Escursioni","robots":{"index":"index","follow":"follow","max-snippet":"max-snippet:-1","max-image-preview":"max-image-preview:large","max-video-preview":"max-video-preview:-1"},"canonical":"https:\/\/etnamarenevescursioni.com\/fr\/tour\/etna-crateri-3300m\/","og_locale":"fr_FR","og_type":"article","og_title":"Etna 3300m - Etna Mareneve Escursioni","og_description":"L'excursion Etna 3300m vous emm\u00e8ne au sommet du plus haut volcan actif d'Europe, offrant une aventure unique au milieu d'une nature pr\u00e9serv\u00e9e et de paysages lunaires. Partant des for\u00eats riches en biodiversit\u00e9 du Parc de l'Etna, vous traverserez des coul\u00e9es de lave et d\u00e9couvrirez la vari\u00e9t\u00e9 de la flore locale, jusqu'\u00e0 atteindre le sommet. L\u00e0, plong\u00e9 dans un panorama spectaculaire, vous vivrez des moments de pure merveille, loin du quotidien et proche du ciel m\u00e9diterran\u00e9en.","og_url":"https:\/\/etnamarenevescursioni.com\/fr\/tour\/etna-crateri-3300m\/","og_site_name":"Etna Mareneve Escursioni","article_modified_time":"2024-05-06T12:19:12+00:00","og_image":[{"width":1420,"height":947,"url":"https:\/\/etnamarenevescursioni.com\/wp-content\/uploads\/2024\/02\/Collezione-Etna-7.jpg","type":"image\/jpeg"}],"twitter_card":"summary_large_image","twitter_misc":{"Dur\u00e9e de lecture estim\u00e9e":"3 minutes"},"schema":{"@context":"https:\/\/schema.org","@graph":[{"@type":"WebPage","@id":"https:\/\/etnamarenevescursioni.com\/fr\/tour\/etna-crateri-3300m\/","url":"https:\/\/etnamarenevescursioni.com\/fr\/tour\/etna-crateri-3300m\/","name":"Etna 3300m - Etna Mareneve Escursioni","isPartOf":{"@id":"https:\/\/etnamarenevescursioni.com\/fr\/#website"},"primaryImageOfPage":{"@id":"https:\/\/etnamarenevescursioni.com\/fr\/tour\/etna-crateri-3300m\/#primaryimage"},"image":{"@id":"https:\/\/etnamarenevescursioni.com\/fr\/tour\/etna-crateri-3300m\/#primaryimage"},"thumbnailUrl":"https:\/\/etnamarenevescursioni.com\/wp-content\/uploads\/2024\/02\/Collezione-Etna-7.jpg","datePublished":"2024-02-15T13:34:00+00:00","dateModified":"2024-05-06T12:19:12+00:00","breadcrumb":{"@id":"https:\/\/etnamarenevescursioni.com\/fr\/tour\/etna-crateri-3300m\/#breadcrumb"},"inLanguage":"fr-FR","potentialAction":[{"@type":"ReadAction","target":["https:\/\/etnamarenevescursioni.com\/fr\/tour\/etna-crateri-3300m\/"]}]},{"@type":"ImageObject","inLanguage":"fr-FR","@id":"https:\/\/etnamarenevescursioni.com\/fr\/tour\/etna-crateri-3300m\/#primaryimage","url":"https:\/\/etnamarenevescursioni.com\/wp-content\/uploads\/2024\/02\/Collezione-Etna-7.jpg","contentUrl":"https:\/\/etnamarenevescursioni.com\/wp-content\/uploads\/2024\/02\/Collezione-Etna-7.jpg","width":1420,"height":947},{"@type":"BreadcrumbList","@id":"https:\/\/etnamarenevescursioni.com\/fr\/tour\/etna-crateri-3300m\/#breadcrumb","itemListElement":[{"@type":"ListItem","position":1,"name":"Home","item":"https:\/\/etnamarenevescursioni.com\/fr\/"},{"@type":"ListItem","position":2,"name":"Shop","item":"https:\/\/etnamarenevescursioni.com\/?page_id=10"},{"@type":"ListItem","position":3,"name":"Etna 3300m"}]},{"@type":"WebSite","@id":"https:\/\/etnamarenevescursioni.com\/fr\/#website","url":"https:\/\/etnamarenevescursioni.com\/fr\/","name":"Etna Mareneve Escursioni","description":"","potentialAction":[{"@type":"SearchAction","target":{"@type":"EntryPoint","urlTemplate":"https:\/\/etnamarenevescursioni.com\/fr\/?s={search_term_string}"},"query-input":{"@type":"PropertyValueSpecification","valueRequired":true,"valueName":"search_term_string"}}],"inLanguage":"fr-FR"}]}},"_links":{"self":[{"href":"https:\/\/etnamarenevescursioni.com\/fr\/wp-json\/wp\/v2\/product\/13486","targetHints":{"allow":["GET"]}}],"collection":[{"href":"https:\/\/etnamarenevescursioni.com\/fr\/wp-json\/wp\/v2\/product"}],"about":[{"href":"https:\/\/etnamarenevescursioni.com\/fr\/wp-json\/wp\/v2\/types\/product"}],"replies":[{"embeddable":true,"href":"https:\/\/etnamarenevescursioni.com\/fr\/wp-json\/wp\/v2\/comments?post=13486"}],"wp:featuredmedia":[{"embeddable":true,"href":"https:\/\/etnamarenevescursioni.com\/fr\/wp-json\/wp\/v2\/media\/13184"}],"wp:attachment":[{"href":"https:\/\/etnamarenevescursioni.com\/fr\/wp-json\/wp\/v2\/media?parent=13486"}],"wp:term":[{"taxonomy":"product_brand","embeddable":true,"href":"https:\/\/etnamarenevescursioni.com\/fr\/wp-json\/wp\/v2\/product_brand?post=13486"},{"taxonomy":"product_cat","embeddable":true,"href":"https:\/\/etnamarenevescursioni.com\/fr\/wp-json\/wp\/v2\/product_cat?post=13486"},{"taxonomy":"product_tag","embeddable":true,"href":"https:\/\/etnamarenevescursioni.com\/fr\/wp-json\/wp\/v2\/product_tag?post=13486"}],"curies":[{"name":"wp","href":"https:\/\/api.w.org\/{rel}","templated":true}]}}