{"id":13490,"date":"2024-02-15T13:56:44","date_gmt":"2024-02-15T12:56:44","guid":{"rendered":"https:\/\/etnamarenevescursioni.com\/prodotto\/etna-off-road\/"},"modified":"2024-05-06T14:48:09","modified_gmt":"2024-05-06T12:48:09","slug":"etna-off-road","status":"publish","type":"product","link":"https:\/\/etnamarenevescursioni.com\/fr\/tour\/etna-off-road\/","title":{"rendered":"Etna Off-road"},"content":{"rendered":"<p><strong>DISPONIBLE EN FORMULE JOURN\u00c9E COMPL\u00c8TE OU DEMI-JOURN\u00c9E<\/strong><\/p>\n<p>Une aventure passionnante sur les pentes de l&rsquo;Etna, la majestueuse \u00ab\u00a0Muntagna\u00a0\u00bb.<\/p>\n<p>Notre tour commence par la travers\u00e9e de villages pittoresques, t\u00e9moins s\u00e9culaires des riches traditions siciliennes, immerg\u00e9s dans l&rsquo;atmosph\u00e8re unique du Parc de l&rsquo;Etna.<\/p>\n<p>Vous aurez l&rsquo;opportunit\u00e9 de marcher le long de la cr\u00eate des crat\u00e8res \u00e9teints, en d\u00e9voilant les secrets de la structure et de l&rsquo;activit\u00e9 volcanique de l&rsquo;Etna. Ensemble, nous d\u00e9couvrirons les merveilles d&rsquo;une grotte de coul\u00e9e de lave, en l&rsquo;explorant en toute s\u00e9curit\u00e9. Nous monterons ensuite dans nos v\u00e9hicules tout-terrain le long des traces des anciennes coul\u00e9es de lave, atteignant des points panoramiques d&rsquo;o\u00f9 admirer des vues \u00e0 couper le souffle.<\/p>\n<p>Lors de l&rsquo;ascension, nous observerons comment la v\u00e9g\u00e9tation se transforme avec l&rsquo;augmentation de l&rsquo;altitude, passant de scories de lave \u00e0 un mosa\u00efque de biodiversit\u00e9 : vergers de pommes, de cerises, vignobles, noisetiers, for\u00eats de ch\u00e2taigniers, ch\u00eanes, ch\u00eanes verts, gen\u00e9vriers, ch\u00eanes p\u00e9doncul\u00e9s, ch\u00eanes pubescents, pins, bouleaux, h\u00eatres et bien plus encore. Nous explorerons des lieux enchant\u00e9s comme les Dagale, \u00eeles de terre et de v\u00e9g\u00e9tation miraculeusement \u00e9pargn\u00e9es par la lave, et Piano Provenzana, avec sa vue sur la mer Ionienne azur\u00e9e et les traces de la coul\u00e9e de lave de 2002.<\/p>\n<p>Pour ceux qui choisissent l&rsquo;option journ\u00e9e compl\u00e8te, la journ\u00e9e est enrichie d&rsquo;un d\u00e9jeuner \u00e0 base de plats exquis de la cuisine sicilienne typique. Tous les plats sont pr\u00e9par\u00e9s avec des produits de saison d&rsquo;Etna, accompagn\u00e9s de vins s\u00e9lectionn\u00e9s Etna DOC. Nous sommes capables, sur demande, d&rsquo;offrir diff\u00e9rentes alternatives alimentaires.<\/p>\n<p><strong>Prise en charge \u00e0 l&rsquo;h\u00e9bergement<\/strong><\/p>\n<ul>\n<li>S. Venerina<\/li>\n<li>Milo<\/li>\n<li>Randonn\u00e9e sur des Crat\u00e8res \u00c9teints<\/li>\n<li>Arr\u00eat technique avec vue panoramique depuis un refuge (pause caf\u00e9 facultative)<\/li>\n<li>Tout-terrain \u00e0 travers les bois pour admirer l&rsquo;ancienne route \u00ab\u00a0Mareneve\u00a0\u00bb.<\/li>\n<li>Arr\u00eat \u00e0 Piano Provenzana d\u00e9truit par la coul\u00e9e de lave de l&rsquo;\u00e9ruption de 2002.<\/li>\n<li>D\u00e9jeuner dans un refuge typique ou d\u00e9gustation de vins Etna DOC.<\/li>\n<li>Visite d&rsquo;une grotte de coul\u00e9e de lave.<\/li>\n<li>Retour \u00e0 l&rsquo;h\u00f4tel.<\/li>\n<\/ul>\n<p>&nbsp;<\/p>\n<p><strong>\u00c9quipement recommand\u00e9<\/strong><\/p>\n<p>Chaussures de randonn\u00e9e (ou baskets), v\u00eatements superpos\u00e9s, veste imperm\u00e9able, chapeau, lunettes de soleil et cr\u00e8me solaire.<\/p>\n<p><strong>Services inclus<\/strong><\/p>\n<p>Prise en charge depuis votre h\u00e9bergement, assurance, casques (avec prot\u00e8ge-oreilles jetables), b\u00e2tons (sur demande), torches, eau et guide multilingue, d\u00e9jeuner en formule journ\u00e9e compl\u00e8te.<\/p>\n","protected":false},"excerpt":{"rendered":"<p class=\"p1\">L&rsquo;excursion Etna Off-Road est une aventure intense sur les pentes de l&rsquo;Etna, \u00ab\u00a0A Muntagna\u00a0\u00bb, o\u00f9 vous traverserez des villages pittoresques et d&rsquo;anciennes coul\u00e9es de lave. Vous explorerez des crat\u00e8res \u00e9teints et des grottes de coul\u00e9e de lave en toute s\u00e9curit\u00e9, en admirant la transformation de la v\u00e9g\u00e9tation et les vues \u00e0 couper le souffle que seul l&rsquo;Etna peut offrir. Une exp\u00e9rience unique, pleine d&rsquo;adr\u00e9naline et de d\u00e9couverte.<\/p>\n","protected":false},"featured_media":13491,"comment_status":"open","ping_status":"closed","template":"","meta":[],"product_brand":[],"product_cat":[109],"product_tag":[],"class_list":{"0":"post-13490","1":"product","2":"type-product","3":"status-publish","4":"has-post-thumbnail","6":"brw_tour_types-aventure","7":"product_cat-aventure","9":"first","10":"instock","11":"shipping-taxable","12":"product-type-ovabrw_car_rental"},"yoast_head":"<!-- This site is optimized with the Yoast SEO plugin v27.3 - https:\/\/yoast.com\/product\/yoast-seo-wordpress\/ -->\n<title>Etna Off-road - Etna Mareneve Escursioni<\/title>\n<meta name=\"robots\" content=\"index, follow, max-snippet:-1, max-image-preview:large, max-video-preview:-1\" \/>\n<link rel=\"canonical\" href=\"https:\/\/etnamarenevescursioni.com\/fr\/tour\/etna-off-road\/\" \/>\n<meta property=\"og:locale\" content=\"fr_FR\" \/>\n<meta property=\"og:type\" content=\"article\" \/>\n<meta property=\"og:title\" content=\"Etna Off-road - Etna Mareneve Escursioni\" \/>\n<meta property=\"og:description\" content=\"L&#039;excursion Etna Off-Road est une aventure intense sur les pentes de l&#039;Etna, &quot;A Muntagna&quot;, o\u00f9 vous traverserez des villages pittoresques et d&#039;anciennes coul\u00e9es de lave. Vous explorerez des crat\u00e8res \u00e9teints et des grottes de coul\u00e9e de lave en toute s\u00e9curit\u00e9, en admirant la transformation de la v\u00e9g\u00e9tation et les vues \u00e0 couper le souffle que seul l&#039;Etna peut offrir. Une exp\u00e9rience unique, pleine d&#039;adr\u00e9naline et de d\u00e9couverte.\" \/>\n<meta property=\"og:url\" content=\"https:\/\/etnamarenevescursioni.com\/fr\/tour\/etna-off-road\/\" \/>\n<meta property=\"og:site_name\" content=\"Etna Mareneve Escursioni\" \/>\n<meta property=\"article:modified_time\" content=\"2024-05-06T12:48:09+00:00\" \/>\n<meta property=\"og:image\" content=\"https:\/\/etnamarenevescursioni.com\/wp-content\/uploads\/2024\/04\/Escursioni-etna-sicilia-13.jpg\" \/>\n\t<meta property=\"og:image:width\" content=\"1200\" \/>\n\t<meta property=\"og:image:height\" content=\"900\" \/>\n\t<meta property=\"og:image:type\" content=\"image\/jpeg\" \/>\n<meta name=\"twitter:card\" content=\"summary_large_image\" \/>\n<meta name=\"twitter:label1\" content=\"Dur\u00e9e de lecture estim\u00e9e\" \/>\n\t<meta name=\"twitter:data1\" content=\"3 minutes\" \/>\n<script type=\"application\/ld+json\" class=\"yoast-schema-graph\">{\"@context\":\"https:\\\/\\\/schema.org\",\"@graph\":[{\"@type\":\"WebPage\",\"@id\":\"https:\\\/\\\/etnamarenevescursioni.com\\\/fr\\\/tour\\\/etna-off-road\\\/\",\"url\":\"https:\\\/\\\/etnamarenevescursioni.com\\\/fr\\\/tour\\\/etna-off-road\\\/\",\"name\":\"Etna Off-road - Etna Mareneve Escursioni\",\"isPartOf\":{\"@id\":\"https:\\\/\\\/etnamarenevescursioni.com\\\/fr\\\/#website\"},\"primaryImageOfPage\":{\"@id\":\"https:\\\/\\\/etnamarenevescursioni.com\\\/fr\\\/tour\\\/etna-off-road\\\/#primaryimage\"},\"image\":{\"@id\":\"https:\\\/\\\/etnamarenevescursioni.com\\\/fr\\\/tour\\\/etna-off-road\\\/#primaryimage\"},\"thumbnailUrl\":\"https:\\\/\\\/etnamarenevescursioni.com\\\/wp-content\\\/uploads\\\/2024\\\/04\\\/Escursioni-etna-sicilia-13.jpg\",\"datePublished\":\"2024-02-15T12:56:44+00:00\",\"dateModified\":\"2024-05-06T12:48:09+00:00\",\"breadcrumb\":{\"@id\":\"https:\\\/\\\/etnamarenevescursioni.com\\\/fr\\\/tour\\\/etna-off-road\\\/#breadcrumb\"},\"inLanguage\":\"fr-FR\",\"potentialAction\":[{\"@type\":\"ReadAction\",\"target\":[\"https:\\\/\\\/etnamarenevescursioni.com\\\/fr\\\/tour\\\/etna-off-road\\\/\"]}]},{\"@type\":\"ImageObject\",\"inLanguage\":\"fr-FR\",\"@id\":\"https:\\\/\\\/etnamarenevescursioni.com\\\/fr\\\/tour\\\/etna-off-road\\\/#primaryimage\",\"url\":\"https:\\\/\\\/etnamarenevescursioni.com\\\/wp-content\\\/uploads\\\/2024\\\/04\\\/Escursioni-etna-sicilia-13.jpg\",\"contentUrl\":\"https:\\\/\\\/etnamarenevescursioni.com\\\/wp-content\\\/uploads\\\/2024\\\/04\\\/Escursioni-etna-sicilia-13.jpg\",\"width\":1200,\"height\":900},{\"@type\":\"BreadcrumbList\",\"@id\":\"https:\\\/\\\/etnamarenevescursioni.com\\\/fr\\\/tour\\\/etna-off-road\\\/#breadcrumb\",\"itemListElement\":[{\"@type\":\"ListItem\",\"position\":1,\"name\":\"Home\",\"item\":\"https:\\\/\\\/etnamarenevescursioni.com\\\/fr\\\/\"},{\"@type\":\"ListItem\",\"position\":2,\"name\":\"Shop\",\"item\":\"https:\\\/\\\/etnamarenevescursioni.com\\\/?page_id=10\"},{\"@type\":\"ListItem\",\"position\":3,\"name\":\"Etna Off-road\"}]},{\"@type\":\"WebSite\",\"@id\":\"https:\\\/\\\/etnamarenevescursioni.com\\\/fr\\\/#website\",\"url\":\"https:\\\/\\\/etnamarenevescursioni.com\\\/fr\\\/\",\"name\":\"Etna Mareneve Escursioni\",\"description\":\"\",\"potentialAction\":[{\"@type\":\"SearchAction\",\"target\":{\"@type\":\"EntryPoint\",\"urlTemplate\":\"https:\\\/\\\/etnamarenevescursioni.com\\\/fr\\\/?s={search_term_string}\"},\"query-input\":{\"@type\":\"PropertyValueSpecification\",\"valueRequired\":true,\"valueName\":\"search_term_string\"}}],\"inLanguage\":\"fr-FR\"}]}<\/script>\n<!-- \/ Yoast SEO plugin. -->","yoast_head_json":{"title":"Etna Off-road - Etna Mareneve Escursioni","robots":{"index":"index","follow":"follow","max-snippet":"max-snippet:-1","max-image-preview":"max-image-preview:large","max-video-preview":"max-video-preview:-1"},"canonical":"https:\/\/etnamarenevescursioni.com\/fr\/tour\/etna-off-road\/","og_locale":"fr_FR","og_type":"article","og_title":"Etna Off-road - Etna Mareneve Escursioni","og_description":"L'excursion Etna Off-Road est une aventure intense sur les pentes de l'Etna, \"A Muntagna\", o\u00f9 vous traverserez des villages pittoresques et d'anciennes coul\u00e9es de lave. Vous explorerez des crat\u00e8res \u00e9teints et des grottes de coul\u00e9e de lave en toute s\u00e9curit\u00e9, en admirant la transformation de la v\u00e9g\u00e9tation et les vues \u00e0 couper le souffle que seul l'Etna peut offrir. Une exp\u00e9rience unique, pleine d'adr\u00e9naline et de d\u00e9couverte.","og_url":"https:\/\/etnamarenevescursioni.com\/fr\/tour\/etna-off-road\/","og_site_name":"Etna Mareneve Escursioni","article_modified_time":"2024-05-06T12:48:09+00:00","og_image":[{"width":1200,"height":900,"url":"https:\/\/etnamarenevescursioni.com\/wp-content\/uploads\/2024\/04\/Escursioni-etna-sicilia-13.jpg","type":"image\/jpeg"}],"twitter_card":"summary_large_image","twitter_misc":{"Dur\u00e9e de lecture estim\u00e9e":"3 minutes"},"schema":{"@context":"https:\/\/schema.org","@graph":[{"@type":"WebPage","@id":"https:\/\/etnamarenevescursioni.com\/fr\/tour\/etna-off-road\/","url":"https:\/\/etnamarenevescursioni.com\/fr\/tour\/etna-off-road\/","name":"Etna Off-road - Etna Mareneve Escursioni","isPartOf":{"@id":"https:\/\/etnamarenevescursioni.com\/fr\/#website"},"primaryImageOfPage":{"@id":"https:\/\/etnamarenevescursioni.com\/fr\/tour\/etna-off-road\/#primaryimage"},"image":{"@id":"https:\/\/etnamarenevescursioni.com\/fr\/tour\/etna-off-road\/#primaryimage"},"thumbnailUrl":"https:\/\/etnamarenevescursioni.com\/wp-content\/uploads\/2024\/04\/Escursioni-etna-sicilia-13.jpg","datePublished":"2024-02-15T12:56:44+00:00","dateModified":"2024-05-06T12:48:09+00:00","breadcrumb":{"@id":"https:\/\/etnamarenevescursioni.com\/fr\/tour\/etna-off-road\/#breadcrumb"},"inLanguage":"fr-FR","potentialAction":[{"@type":"ReadAction","target":["https:\/\/etnamarenevescursioni.com\/fr\/tour\/etna-off-road\/"]}]},{"@type":"ImageObject","inLanguage":"fr-FR","@id":"https:\/\/etnamarenevescursioni.com\/fr\/tour\/etna-off-road\/#primaryimage","url":"https:\/\/etnamarenevescursioni.com\/wp-content\/uploads\/2024\/04\/Escursioni-etna-sicilia-13.jpg","contentUrl":"https:\/\/etnamarenevescursioni.com\/wp-content\/uploads\/2024\/04\/Escursioni-etna-sicilia-13.jpg","width":1200,"height":900},{"@type":"BreadcrumbList","@id":"https:\/\/etnamarenevescursioni.com\/fr\/tour\/etna-off-road\/#breadcrumb","itemListElement":[{"@type":"ListItem","position":1,"name":"Home","item":"https:\/\/etnamarenevescursioni.com\/fr\/"},{"@type":"ListItem","position":2,"name":"Shop","item":"https:\/\/etnamarenevescursioni.com\/?page_id=10"},{"@type":"ListItem","position":3,"name":"Etna Off-road"}]},{"@type":"WebSite","@id":"https:\/\/etnamarenevescursioni.com\/fr\/#website","url":"https:\/\/etnamarenevescursioni.com\/fr\/","name":"Etna Mareneve Escursioni","description":"","potentialAction":[{"@type":"SearchAction","target":{"@type":"EntryPoint","urlTemplate":"https:\/\/etnamarenevescursioni.com\/fr\/?s={search_term_string}"},"query-input":{"@type":"PropertyValueSpecification","valueRequired":true,"valueName":"search_term_string"}}],"inLanguage":"fr-FR"}]}},"_links":{"self":[{"href":"https:\/\/etnamarenevescursioni.com\/fr\/wp-json\/wp\/v2\/product\/13490","targetHints":{"allow":["GET"]}}],"collection":[{"href":"https:\/\/etnamarenevescursioni.com\/fr\/wp-json\/wp\/v2\/product"}],"about":[{"href":"https:\/\/etnamarenevescursioni.com\/fr\/wp-json\/wp\/v2\/types\/product"}],"replies":[{"embeddable":true,"href":"https:\/\/etnamarenevescursioni.com\/fr\/wp-json\/wp\/v2\/comments?post=13490"}],"wp:featuredmedia":[{"embeddable":true,"href":"https:\/\/etnamarenevescursioni.com\/fr\/wp-json\/wp\/v2\/media\/13491"}],"wp:attachment":[{"href":"https:\/\/etnamarenevescursioni.com\/fr\/wp-json\/wp\/v2\/media?parent=13490"}],"wp:term":[{"taxonomy":"product_brand","embeddable":true,"href":"https:\/\/etnamarenevescursioni.com\/fr\/wp-json\/wp\/v2\/product_brand?post=13490"},{"taxonomy":"product_cat","embeddable":true,"href":"https:\/\/etnamarenevescursioni.com\/fr\/wp-json\/wp\/v2\/product_cat?post=13490"},{"taxonomy":"product_tag","embeddable":true,"href":"https:\/\/etnamarenevescursioni.com\/fr\/wp-json\/wp\/v2\/product_tag?post=13490"}],"curies":[{"name":"wp","href":"https:\/\/api.w.org\/{rel}","templated":true}]}}