{"id":13498,"date":"2024-02-15T14:16:15","date_gmt":"2024-02-15T13:16:15","guid":{"rendered":"https:\/\/etnamarenevescursioni.com\/prodotto\/etna-alcantara\/"},"modified":"2024-05-06T14:44:21","modified_gmt":"2024-05-06T12:44:21","slug":"etna-alcantara","status":"publish","type":"product","link":"https:\/\/etnamarenevescursioni.com\/fr\/tour\/etna-alcantara\/","title":{"rendered":"Etna Alcantara"},"content":{"rendered":"<p><strong>DISPONIBLE EN FORMULE JOURN\u00c9E COMPL\u00c8TE<\/strong><\/p>\n<p><strong>Entre Histoire, Nature et Eaux Cristallines<\/strong><\/p>\n<p>Un voyage inoubliable qui commence au pied de l&rsquo;\u00c9tna, partant du cadre enchanteur des villages historiques qui se nichent sur ses pentes, immerg\u00e9s dans des si\u00e8cles de traditions et entour\u00e9s de for\u00eats luxuriantes au sein du Parc de l&rsquo;\u00c9tna.<\/p>\n<p>Le parcours de la visite nous conduira au bord de crat\u00e8res inactifs, un voyage au c\u0153ur du volcan pour comprendre sa structure et l&rsquo;histoire de ses \u00e9ruptions. Nous d\u00e9couvrirons ensemble les merveilles cach\u00e9es \u00e0 l&rsquo;int\u00e9rieur d&rsquo;une grotte de lave en flux, la visitant en toute s\u00e9curit\u00e9. Notre voyage continue avec une aventure hors route le long des anciennes coul\u00e9es de lave, jusqu&rsquo;\u00e0 atteindre des points de vue panoramiques offrant des vues \u00e0 couper le souffle.<\/p>\n<p>Nous traverserons des paysages changeants, de coul\u00e9es de lave \u00e0 des for\u00eats luxuriantes de pommiers, cerisiers, vignobles, noisetiers, ch\u00e2taigniers, ch\u00eanes, ch\u00eanes verts, gen\u00e9vriers, ch\u00eanes p\u00e9doncul\u00e9s, ch\u00eanes rouvres, pins, bouleaux, h\u00eatres, et plus encore. Nous explorerons des lieux magiques comme les Dogale, \u00eeles de v\u00e9g\u00e9tation \u00e9pargn\u00e9es par la lave, et Piano Provenzana, avec ses vues sur la mer Ionienne bleue et les traces de la coul\u00e9e de lave de 2002.<\/p>\n<p>Nous continuerons avec un d\u00e9jeuner compos\u00e9 de d\u00e9lices typiquement siciliens, pr\u00e9par\u00e9s avec des produits saisonniers de l&rsquo;\u00c9tna et accompagn\u00e9s d&rsquo;excellents vins Etna DOC. Nous sommes en mesure, sur demande, d&rsquo;offrir des alternatives simples de diff\u00e9rents types.<\/p>\n<p>Apr\u00e8s le d\u00e9jeuner, le tour se dirige vers la magnifique Vall\u00e9e de l&rsquo;Alcantara. Partant du pittoresque village de Castiglione di Sicilia, nous nous aventurerons vers les Gorges de l&rsquo;Alcantara, une impressionnante formation naturelle de pierre de lave cr\u00e9\u00e9e par une \u00e9ruption lat\u00e9rale et fa\u00e7onn\u00e9e par les eaux de la rivi\u00e8re du m\u00eame nom. Pour ceux qui le souhaitent, l&rsquo;exp\u00e9rience se conclut par un plongeon rafra\u00eechissant dans les eaux cristallines de la rivi\u00e8re.<\/p>\n<ul>\n<li>Prise en charge \u00e0 l&rsquo;\u00e9tablissement d&rsquo;accueil.<\/li>\n<li>S. Venerina<\/li>\n<li>Milo<\/li>\n<li>Trekking sur des crat\u00e8res \u00e9teints<\/li>\n<li>Pause technique avec vue panoramique depuis un refuge (pause caf\u00e9 facultative)<\/li>\n<li>Tout-terrain avec passages \u00e0 travers les bois pour admirer l&rsquo;ancienne route \u00ab\u00a0Mareneve\u00a0\u00bb.<\/li>\n<li>Arr\u00eat \u00e0 Piano Provenzana d\u00e9truite par la coul\u00e9e de lave de l&rsquo;\u00e9ruption de 2002.<\/li>\n<li>D\u00e9jeuner dans un refuge typique ou d\u00e9gustation de vins Etna D.O.C.<\/li>\n<li>Visite des gorges de l&rsquo;Alcantara.<\/li>\n<li>Retour \u00e0 l&rsquo;h\u00f4tel.<\/li>\n<\/ul>\n<p>&nbsp;<\/p>\n<p><strong>\u00c9quipement recommand\u00e9<\/strong><\/p>\n<p>Chaussures de randonn\u00e9e (ou de sport), v\u00eatements en couches, veste imperm\u00e9able, chapeau, lunettes de soleil, protection solaire, maillot de bain et serviette.<\/p>\n<p><strong>Services inclus<\/strong><\/p>\n<p>Prise en charge \u00e0 votre logement, assurance, casques (avec \u00e9couteurs jetables), b\u00e2tons (sur demande), lampes torches, eau et guide multilingue, d\u00e9jeuner.<\/p>\n","protected":false},"excerpt":{"rendered":"<p class=\"p1\">L&rsquo;excursion Etna Alcantara vous emm\u00e8ne dans un voyage fascinant qui commence au pied de l&rsquo;\u00c9tna et se d\u00e9roule \u00e0 travers l&rsquo;histoire et la nature spectaculaire de la Sicile. Vous marcherez le long des crat\u00e8res inactifs, explorerez des grottes de lave en flux et profiterez de vues \u00e0 couper le souffle. Le tour culmine dans la Vall\u00e9e de l&rsquo;Alcantara, o\u00f9 vous pourrez vous rafra\u00eechir dans les eaux cristallines de la rivi\u00e8re du m\u00eame nom.<\/p>\n<p>&nbsp;<\/p>\n","protected":false},"featured_media":13500,"comment_status":"open","ping_status":"closed","template":"","meta":[],"product_brand":[],"product_cat":[109],"product_tag":[],"class_list":{"0":"post-13498","1":"product","2":"type-product","3":"status-publish","4":"has-post-thumbnail","6":"brw_tour_types-aventure","7":"product_cat-aventure","9":"first","10":"instock","11":"shipping-taxable","12":"product-type-ovabrw_car_rental"},"yoast_head":"<!-- This site is optimized with the Yoast SEO plugin v27.3 - https:\/\/yoast.com\/product\/yoast-seo-wordpress\/ -->\n<title>Etna Alcantara - Etna Mareneve Escursioni<\/title>\n<meta name=\"robots\" content=\"index, follow, max-snippet:-1, max-image-preview:large, max-video-preview:-1\" \/>\n<link rel=\"canonical\" href=\"https:\/\/etnamarenevescursioni.com\/fr\/tour\/etna-alcantara\/\" \/>\n<meta property=\"og:locale\" content=\"fr_FR\" \/>\n<meta property=\"og:type\" content=\"article\" \/>\n<meta property=\"og:title\" content=\"Etna Alcantara - Etna Mareneve Escursioni\" \/>\n<meta property=\"og:description\" content=\"L&#039;excursion Etna Alcantara vous emm\u00e8ne dans un voyage fascinant qui commence au pied de l&#039;\u00c9tna et se d\u00e9roule \u00e0 travers l&#039;histoire et la nature spectaculaire de la Sicile. Vous marcherez le long des crat\u00e8res inactifs, explorerez des grottes de lave en flux et profiterez de vues \u00e0 couper le souffle. Le tour culmine dans la Vall\u00e9e de l&#039;Alcantara, o\u00f9 vous pourrez vous rafra\u00eechir dans les eaux cristallines de la rivi\u00e8re du m\u00eame nom. &nbsp;\" \/>\n<meta property=\"og:url\" content=\"https:\/\/etnamarenevescursioni.com\/fr\/tour\/etna-alcantara\/\" \/>\n<meta property=\"og:site_name\" content=\"Etna Mareneve Escursioni\" \/>\n<meta property=\"article:modified_time\" content=\"2024-05-06T12:44:21+00:00\" \/>\n<meta property=\"og:image\" content=\"https:\/\/etnamarenevescursioni.com\/wp-content\/uploads\/2024\/02\/Escursioni-etna-sicilia-45.jpg\" \/>\n\t<meta property=\"og:image:width\" content=\"1200\" \/>\n\t<meta property=\"og:image:height\" content=\"800\" \/>\n\t<meta property=\"og:image:type\" content=\"image\/jpeg\" \/>\n<meta name=\"twitter:card\" content=\"summary_large_image\" \/>\n<meta name=\"twitter:label1\" content=\"Dur\u00e9e de lecture estim\u00e9e\" \/>\n\t<meta name=\"twitter:data1\" content=\"3 minutes\" \/>\n<script type=\"application\/ld+json\" class=\"yoast-schema-graph\">{\"@context\":\"https:\\\/\\\/schema.org\",\"@graph\":[{\"@type\":\"WebPage\",\"@id\":\"https:\\\/\\\/etnamarenevescursioni.com\\\/fr\\\/tour\\\/etna-alcantara\\\/\",\"url\":\"https:\\\/\\\/etnamarenevescursioni.com\\\/fr\\\/tour\\\/etna-alcantara\\\/\",\"name\":\"Etna Alcantara - Etna Mareneve Escursioni\",\"isPartOf\":{\"@id\":\"https:\\\/\\\/etnamarenevescursioni.com\\\/fr\\\/#website\"},\"primaryImageOfPage\":{\"@id\":\"https:\\\/\\\/etnamarenevescursioni.com\\\/fr\\\/tour\\\/etna-alcantara\\\/#primaryimage\"},\"image\":{\"@id\":\"https:\\\/\\\/etnamarenevescursioni.com\\\/fr\\\/tour\\\/etna-alcantara\\\/#primaryimage\"},\"thumbnailUrl\":\"https:\\\/\\\/etnamarenevescursioni.com\\\/wp-content\\\/uploads\\\/2024\\\/02\\\/Escursioni-etna-sicilia-45.jpg\",\"datePublished\":\"2024-02-15T13:16:15+00:00\",\"dateModified\":\"2024-05-06T12:44:21+00:00\",\"breadcrumb\":{\"@id\":\"https:\\\/\\\/etnamarenevescursioni.com\\\/fr\\\/tour\\\/etna-alcantara\\\/#breadcrumb\"},\"inLanguage\":\"fr-FR\",\"potentialAction\":[{\"@type\":\"ReadAction\",\"target\":[\"https:\\\/\\\/etnamarenevescursioni.com\\\/fr\\\/tour\\\/etna-alcantara\\\/\"]}]},{\"@type\":\"ImageObject\",\"inLanguage\":\"fr-FR\",\"@id\":\"https:\\\/\\\/etnamarenevescursioni.com\\\/fr\\\/tour\\\/etna-alcantara\\\/#primaryimage\",\"url\":\"https:\\\/\\\/etnamarenevescursioni.com\\\/wp-content\\\/uploads\\\/2024\\\/02\\\/Escursioni-etna-sicilia-45.jpg\",\"contentUrl\":\"https:\\\/\\\/etnamarenevescursioni.com\\\/wp-content\\\/uploads\\\/2024\\\/02\\\/Escursioni-etna-sicilia-45.jpg\",\"width\":1200,\"height\":800,\"caption\":\"Gole dell Alcantara - A canyon river Alcantara, which goes through the lava stones of Mount Etna in Sicily, Italy\"},{\"@type\":\"BreadcrumbList\",\"@id\":\"https:\\\/\\\/etnamarenevescursioni.com\\\/fr\\\/tour\\\/etna-alcantara\\\/#breadcrumb\",\"itemListElement\":[{\"@type\":\"ListItem\",\"position\":1,\"name\":\"Home\",\"item\":\"https:\\\/\\\/etnamarenevescursioni.com\\\/fr\\\/\"},{\"@type\":\"ListItem\",\"position\":2,\"name\":\"Shop\",\"item\":\"https:\\\/\\\/etnamarenevescursioni.com\\\/?page_id=10\"},{\"@type\":\"ListItem\",\"position\":3,\"name\":\"Etna Alcantara\"}]},{\"@type\":\"WebSite\",\"@id\":\"https:\\\/\\\/etnamarenevescursioni.com\\\/fr\\\/#website\",\"url\":\"https:\\\/\\\/etnamarenevescursioni.com\\\/fr\\\/\",\"name\":\"Etna Mareneve Escursioni\",\"description\":\"\",\"potentialAction\":[{\"@type\":\"SearchAction\",\"target\":{\"@type\":\"EntryPoint\",\"urlTemplate\":\"https:\\\/\\\/etnamarenevescursioni.com\\\/fr\\\/?s={search_term_string}\"},\"query-input\":{\"@type\":\"PropertyValueSpecification\",\"valueRequired\":true,\"valueName\":\"search_term_string\"}}],\"inLanguage\":\"fr-FR\"}]}<\/script>\n<!-- \/ Yoast SEO plugin. -->","yoast_head_json":{"title":"Etna Alcantara - Etna Mareneve Escursioni","robots":{"index":"index","follow":"follow","max-snippet":"max-snippet:-1","max-image-preview":"max-image-preview:large","max-video-preview":"max-video-preview:-1"},"canonical":"https:\/\/etnamarenevescursioni.com\/fr\/tour\/etna-alcantara\/","og_locale":"fr_FR","og_type":"article","og_title":"Etna Alcantara - Etna Mareneve Escursioni","og_description":"L'excursion Etna Alcantara vous emm\u00e8ne dans un voyage fascinant qui commence au pied de l'\u00c9tna et se d\u00e9roule \u00e0 travers l'histoire et la nature spectaculaire de la Sicile. Vous marcherez le long des crat\u00e8res inactifs, explorerez des grottes de lave en flux et profiterez de vues \u00e0 couper le souffle. Le tour culmine dans la Vall\u00e9e de l'Alcantara, o\u00f9 vous pourrez vous rafra\u00eechir dans les eaux cristallines de la rivi\u00e8re du m\u00eame nom. &nbsp;","og_url":"https:\/\/etnamarenevescursioni.com\/fr\/tour\/etna-alcantara\/","og_site_name":"Etna Mareneve Escursioni","article_modified_time":"2024-05-06T12:44:21+00:00","og_image":[{"width":1200,"height":800,"url":"https:\/\/etnamarenevescursioni.com\/wp-content\/uploads\/2024\/02\/Escursioni-etna-sicilia-45.jpg","type":"image\/jpeg"}],"twitter_card":"summary_large_image","twitter_misc":{"Dur\u00e9e de lecture estim\u00e9e":"3 minutes"},"schema":{"@context":"https:\/\/schema.org","@graph":[{"@type":"WebPage","@id":"https:\/\/etnamarenevescursioni.com\/fr\/tour\/etna-alcantara\/","url":"https:\/\/etnamarenevescursioni.com\/fr\/tour\/etna-alcantara\/","name":"Etna Alcantara - Etna Mareneve Escursioni","isPartOf":{"@id":"https:\/\/etnamarenevescursioni.com\/fr\/#website"},"primaryImageOfPage":{"@id":"https:\/\/etnamarenevescursioni.com\/fr\/tour\/etna-alcantara\/#primaryimage"},"image":{"@id":"https:\/\/etnamarenevescursioni.com\/fr\/tour\/etna-alcantara\/#primaryimage"},"thumbnailUrl":"https:\/\/etnamarenevescursioni.com\/wp-content\/uploads\/2024\/02\/Escursioni-etna-sicilia-45.jpg","datePublished":"2024-02-15T13:16:15+00:00","dateModified":"2024-05-06T12:44:21+00:00","breadcrumb":{"@id":"https:\/\/etnamarenevescursioni.com\/fr\/tour\/etna-alcantara\/#breadcrumb"},"inLanguage":"fr-FR","potentialAction":[{"@type":"ReadAction","target":["https:\/\/etnamarenevescursioni.com\/fr\/tour\/etna-alcantara\/"]}]},{"@type":"ImageObject","inLanguage":"fr-FR","@id":"https:\/\/etnamarenevescursioni.com\/fr\/tour\/etna-alcantara\/#primaryimage","url":"https:\/\/etnamarenevescursioni.com\/wp-content\/uploads\/2024\/02\/Escursioni-etna-sicilia-45.jpg","contentUrl":"https:\/\/etnamarenevescursioni.com\/wp-content\/uploads\/2024\/02\/Escursioni-etna-sicilia-45.jpg","width":1200,"height":800,"caption":"Gole dell Alcantara - A canyon river Alcantara, which goes through the lava stones of Mount Etna in Sicily, Italy"},{"@type":"BreadcrumbList","@id":"https:\/\/etnamarenevescursioni.com\/fr\/tour\/etna-alcantara\/#breadcrumb","itemListElement":[{"@type":"ListItem","position":1,"name":"Home","item":"https:\/\/etnamarenevescursioni.com\/fr\/"},{"@type":"ListItem","position":2,"name":"Shop","item":"https:\/\/etnamarenevescursioni.com\/?page_id=10"},{"@type":"ListItem","position":3,"name":"Etna Alcantara"}]},{"@type":"WebSite","@id":"https:\/\/etnamarenevescursioni.com\/fr\/#website","url":"https:\/\/etnamarenevescursioni.com\/fr\/","name":"Etna Mareneve Escursioni","description":"","potentialAction":[{"@type":"SearchAction","target":{"@type":"EntryPoint","urlTemplate":"https:\/\/etnamarenevescursioni.com\/fr\/?s={search_term_string}"},"query-input":{"@type":"PropertyValueSpecification","valueRequired":true,"valueName":"search_term_string"}}],"inLanguage":"fr-FR"}]}},"_links":{"self":[{"href":"https:\/\/etnamarenevescursioni.com\/fr\/wp-json\/wp\/v2\/product\/13498","targetHints":{"allow":["GET"]}}],"collection":[{"href":"https:\/\/etnamarenevescursioni.com\/fr\/wp-json\/wp\/v2\/product"}],"about":[{"href":"https:\/\/etnamarenevescursioni.com\/fr\/wp-json\/wp\/v2\/types\/product"}],"replies":[{"embeddable":true,"href":"https:\/\/etnamarenevescursioni.com\/fr\/wp-json\/wp\/v2\/comments?post=13498"}],"wp:featuredmedia":[{"embeddable":true,"href":"https:\/\/etnamarenevescursioni.com\/fr\/wp-json\/wp\/v2\/media\/13500"}],"wp:attachment":[{"href":"https:\/\/etnamarenevescursioni.com\/fr\/wp-json\/wp\/v2\/media?parent=13498"}],"wp:term":[{"taxonomy":"product_brand","embeddable":true,"href":"https:\/\/etnamarenevescursioni.com\/fr\/wp-json\/wp\/v2\/product_brand?post=13498"},{"taxonomy":"product_cat","embeddable":true,"href":"https:\/\/etnamarenevescursioni.com\/fr\/wp-json\/wp\/v2\/product_cat?post=13498"},{"taxonomy":"product_tag","embeddable":true,"href":"https:\/\/etnamarenevescursioni.com\/fr\/wp-json\/wp\/v2\/product_tag?post=13498"}],"curies":[{"name":"wp","href":"https:\/\/api.w.org\/{rel}","templated":true}]}}