{"id":13509,"date":"2024-02-15T14:21:46","date_gmt":"2024-02-15T13:21:46","guid":{"rendered":"https:\/\/etnamarenevescursioni.com\/prodotto\/etna-crateri-2900\/"},"modified":"2024-05-06T14:58:12","modified_gmt":"2024-05-06T12:58:12","slug":"etna-crateri-2900","status":"publish","type":"product","link":"https:\/\/etnamarenevescursioni.com\/fr\/tour\/etna-crateri-2900\/","title":{"rendered":"Etna Crateri 2900m"},"content":{"rendered":"<p><strong>DISPONIBLE EN FORMULE JOURN\u00c9E COMPL\u00c8TE OU DEMI-JOURN\u00c9E<\/strong><\/p>\n<p>Notre voyage commencera en franchissant l&rsquo;entr\u00e9e de villages anciens, o\u00f9 l&rsquo;histoire et la tradition se m\u00ealent au paysage volcanique. Nous traverserons le c\u0153ur vert du Parc de l&rsquo;\u00c9tna, o\u00f9 le sentier serpente entre des for\u00eats luxuriantes et des coul\u00e9es de lave, dans un contraste saisissant entre la nature pr\u00e9serv\u00e9e et la puissance du volcan. Ici, la flore s&rsquo;exprime dans toute sa diversit\u00e9 : des doux vergers de pommes et de cerises aux vignobles et noisetiers luxuriants, jusqu&rsquo;aux imposants bois de ch\u00e2taigniers, ch\u00eanes, gen\u00e9vriers et les majestueux bouleaux et h\u00eatres.<\/p>\n<p>Partant du Refuge Sapienza par t\u00e9l\u00e9ph\u00e9rique ou de Piano Provenzana par bus 4&#215;4, selon les conditions des crat\u00e8res, \u00e0 mesure que nous monterons, nous remarquerons comment la v\u00e9g\u00e9tation se rar\u00e9fie, laissant place \u00e0 des paysages lunaires d&rsquo;une beaut\u00e9 extraordinaire, o\u00f9 le temps semble s&rsquo;\u00eatre arr\u00eat\u00e9.<\/p>\n<p>Une fois atteinte l&rsquo;altitude de 2.900m, nous continuerons \u00e0 pied, dans un environnement o\u00f9 la majest\u00e9 du volcan se r\u00e9v\u00e8le dans toute sa puissance, laissant derri\u00e8re nous le monde quotidien, immerg\u00e9s dans un paysage majestueux et immacul\u00e9.<\/p>\n<p>La d\u00e9couverte se poursuivra avec la visite d&rsquo;une grotte de lave, o\u00f9, \u00e9quip\u00e9s de casques, de bouchons d&rsquo;oreille jetables et de lampes torches, nous explorerons les tunnels myst\u00e9rieux cr\u00e9\u00e9s par l&rsquo;\u00e9coulement de la lave, t\u00e9moins silencieux des forces primordiales qui ont fa\u00e7onn\u00e9 ces terres.<\/p>\n<p>Pour les explorateurs qui optent pour l&rsquo;option journ\u00e9e compl\u00e8te, l&rsquo;exp\u00e9rience sera enrichie d&rsquo;un moment gastronomique avec un d\u00e9jeuner au refuge \u00e0 base de sp\u00e9cialit\u00e9s siciliennes ou une d\u00e9gustation de vins Etna DOC. Nous sommes en mesure, sur demande, de proposer des alternatives \u00e9l\u00e9mentaires de diff\u00e9rents types.<\/p>\n<ul>\n<li>Prise en charge \u00e0 l&rsquo;\u00e9tablissement d&rsquo;h\u00e9bergement.<\/li>\n<li>Atteinte de l&rsquo;altitude de 2.900m avec les bus 4&#215;4.<\/li>\n<li>Trekking sur des crat\u00e8res \u00e0 faible activit\u00e9.<\/li>\n<li>Tout-terrain avec vues panoramiques<\/li>\n<li>Visite de grottes de lave.<\/li>\n<li>D\u00e9jeuner au refuge ou d\u00e9gustation de vins<\/li>\n<li>Retour \u00e0 l&rsquo;h\u00f4tel.<\/li>\n<\/ul>\n<p>&nbsp;<\/p>\n<p><strong>\u00c9quipement recommand\u00e9<\/strong><\/p>\n<p>Chaussures de randonn\u00e9e (ou de sport), v\u00eatements en couches, veste imperm\u00e9able, chapeau, lunettes de soleil, protection solaire et b\u00e2tons t\u00e9lescopiques.<\/p>\n<p><strong>Services inclus<\/strong><\/p>\n<p>Prise en charge \u00e0 votre h\u00e9bergement, assurance, casques (avec bouchons d&rsquo;oreille jetables), b\u00e2tons (sur demande), lampes torches, eau et guide multilingue, billets de bus tout-terrain, co\u00fbt du guide alpin\/volcanologue et d\u00e9jeuner sous forme de pique-nique en formule journ\u00e9e compl\u00e8te.<\/p>\n<p><strong>Avertissements<\/strong><\/p>\n<p>Le tour est soumis aux conditions m\u00e9t\u00e9orologiques et d&rsquo;activit\u00e9 des crat\u00e8res et\/ou aux ordonnances des autorit\u00e9s en mati\u00e8re de s\u00e9curit\u00e9 dans la zone sommitale; par cons\u00e9quent, sa r\u00e9alisation ne peut \u00eatre garantie en cas d&rsquo;interdiction de ces zones. Le guide se r\u00e9serve le droit incontestable d&rsquo;annuler ou de modifier le tour si les conditions de s\u00e9curit\u00e9 devaient venir \u00e0 manquer.<\/p>\n<p>Au moment de la demande, il est n\u00e9cessaire de communiquer tout \u00e9tat psychophysique pouvant alt\u00e9rer l&rsquo;\u00e9tat de constitution saine et robuste (ex. \u00e9tat de grossesse, probl\u00e8mes cardiaques, asthme, insuffisances respiratoires, etc.).<\/p>\n<ul>\n<li>L\u2019EXCURSION EST ABSOLUMENT INTERDITE AUX CARDIOPATHES, ASTHMATIQUES ET HYPERTENDUS, FEMMES ENCEINTES, D\u00c9CONSEILL\u00c9E AUX PERSONNES AYANT DES PROBL\u00c8MES MOTEURS.<\/li>\n<\/ul>\n","protected":false},"excerpt":{"rendered":"<p class=\"p1\">L&rsquo;excursion Etna Crat\u00e8res 2900 vous offre une aventure excitante sur les pentes du volcan, o\u00f9 la nature se r\u00e9v\u00e8le dans sa forme la plus brute et majestueuse. Partant du Refuge Sapienza, vous monterez \u00e0 travers des for\u00eats luxuriantes et des coul\u00e9es de lave jusqu&rsquo;\u00e0 atteindre le sommet \u00e0 2900 m\u00e8tres, o\u00f9 les paysages lunaires et la vue spectaculaire sur les crat\u00e8res \u00e9teints vous couperont le souffle.<\/p>\n","protected":false},"featured_media":13193,"comment_status":"open","ping_status":"closed","template":"","meta":[],"product_brand":[],"product_cat":[109],"product_tag":[],"class_list":{"0":"post-13509","1":"product","2":"type-product","3":"status-publish","4":"has-post-thumbnail","6":"brw_tour_types-aventure","7":"product_cat-aventure","9":"first","10":"instock","11":"shipping-taxable","12":"product-type-ovabrw_car_rental"},"yoast_head":"<!-- This site is optimized with the Yoast SEO plugin v27.3 - https:\/\/yoast.com\/product\/yoast-seo-wordpress\/ -->\n<title>Etna Crateri 2900m - Etna Mareneve Escursioni<\/title>\n<meta name=\"robots\" content=\"index, follow, max-snippet:-1, max-image-preview:large, max-video-preview:-1\" \/>\n<link rel=\"canonical\" href=\"https:\/\/etnamarenevescursioni.com\/fr\/tour\/etna-crateri-2900\/\" \/>\n<meta property=\"og:locale\" content=\"fr_FR\" \/>\n<meta property=\"og:type\" content=\"article\" \/>\n<meta property=\"og:title\" content=\"Etna Crateri 2900m - Etna Mareneve Escursioni\" \/>\n<meta property=\"og:description\" content=\"L&#039;excursion Etna Crat\u00e8res 2900 vous offre une aventure excitante sur les pentes du volcan, o\u00f9 la nature se r\u00e9v\u00e8le dans sa forme la plus brute et majestueuse. Partant du Refuge Sapienza, vous monterez \u00e0 travers des for\u00eats luxuriantes et des coul\u00e9es de lave jusqu&#039;\u00e0 atteindre le sommet \u00e0 2900 m\u00e8tres, o\u00f9 les paysages lunaires et la vue spectaculaire sur les crat\u00e8res \u00e9teints vous couperont le souffle.\" \/>\n<meta property=\"og:url\" content=\"https:\/\/etnamarenevescursioni.com\/fr\/tour\/etna-crateri-2900\/\" \/>\n<meta property=\"og:site_name\" content=\"Etna Mareneve Escursioni\" \/>\n<meta property=\"article:modified_time\" content=\"2024-05-06T12:58:12+00:00\" \/>\n<meta property=\"og:image\" content=\"https:\/\/etnamarenevescursioni.com\/wp-content\/uploads\/2024\/02\/Collezione-Etna-17.jpg\" \/>\n\t<meta property=\"og:image:width\" content=\"1420\" \/>\n\t<meta property=\"og:image:height\" content=\"947\" \/>\n\t<meta property=\"og:image:type\" content=\"image\/jpeg\" \/>\n<meta name=\"twitter:card\" content=\"summary_large_image\" \/>\n<meta name=\"twitter:label1\" content=\"Dur\u00e9e de lecture estim\u00e9e\" \/>\n\t<meta name=\"twitter:data1\" content=\"3 minutes\" \/>\n<script type=\"application\/ld+json\" class=\"yoast-schema-graph\">{\"@context\":\"https:\\\/\\\/schema.org\",\"@graph\":[{\"@type\":\"WebPage\",\"@id\":\"https:\\\/\\\/etnamarenevescursioni.com\\\/fr\\\/tour\\\/etna-crateri-2900\\\/\",\"url\":\"https:\\\/\\\/etnamarenevescursioni.com\\\/fr\\\/tour\\\/etna-crateri-2900\\\/\",\"name\":\"Etna Crateri 2900m - Etna Mareneve Escursioni\",\"isPartOf\":{\"@id\":\"https:\\\/\\\/etnamarenevescursioni.com\\\/fr\\\/#website\"},\"primaryImageOfPage\":{\"@id\":\"https:\\\/\\\/etnamarenevescursioni.com\\\/fr\\\/tour\\\/etna-crateri-2900\\\/#primaryimage\"},\"image\":{\"@id\":\"https:\\\/\\\/etnamarenevescursioni.com\\\/fr\\\/tour\\\/etna-crateri-2900\\\/#primaryimage\"},\"thumbnailUrl\":\"https:\\\/\\\/etnamarenevescursioni.com\\\/wp-content\\\/uploads\\\/2024\\\/02\\\/Collezione-Etna-17.jpg\",\"datePublished\":\"2024-02-15T13:21:46+00:00\",\"dateModified\":\"2024-05-06T12:58:12+00:00\",\"breadcrumb\":{\"@id\":\"https:\\\/\\\/etnamarenevescursioni.com\\\/fr\\\/tour\\\/etna-crateri-2900\\\/#breadcrumb\"},\"inLanguage\":\"fr-FR\",\"potentialAction\":[{\"@type\":\"ReadAction\",\"target\":[\"https:\\\/\\\/etnamarenevescursioni.com\\\/fr\\\/tour\\\/etna-crateri-2900\\\/\"]}]},{\"@type\":\"ImageObject\",\"inLanguage\":\"fr-FR\",\"@id\":\"https:\\\/\\\/etnamarenevescursioni.com\\\/fr\\\/tour\\\/etna-crateri-2900\\\/#primaryimage\",\"url\":\"https:\\\/\\\/etnamarenevescursioni.com\\\/wp-content\\\/uploads\\\/2024\\\/02\\\/Collezione-Etna-17.jpg\",\"contentUrl\":\"https:\\\/\\\/etnamarenevescursioni.com\\\/wp-content\\\/uploads\\\/2024\\\/02\\\/Collezione-Etna-17.jpg\",\"width\":1420,\"height\":947},{\"@type\":\"BreadcrumbList\",\"@id\":\"https:\\\/\\\/etnamarenevescursioni.com\\\/fr\\\/tour\\\/etna-crateri-2900\\\/#breadcrumb\",\"itemListElement\":[{\"@type\":\"ListItem\",\"position\":1,\"name\":\"Home\",\"item\":\"https:\\\/\\\/etnamarenevescursioni.com\\\/fr\\\/\"},{\"@type\":\"ListItem\",\"position\":2,\"name\":\"Shop\",\"item\":\"https:\\\/\\\/etnamarenevescursioni.com\\\/?page_id=10\"},{\"@type\":\"ListItem\",\"position\":3,\"name\":\"Etna Crateri 2900m\"}]},{\"@type\":\"WebSite\",\"@id\":\"https:\\\/\\\/etnamarenevescursioni.com\\\/fr\\\/#website\",\"url\":\"https:\\\/\\\/etnamarenevescursioni.com\\\/fr\\\/\",\"name\":\"Etna Mareneve Escursioni\",\"description\":\"\",\"potentialAction\":[{\"@type\":\"SearchAction\",\"target\":{\"@type\":\"EntryPoint\",\"urlTemplate\":\"https:\\\/\\\/etnamarenevescursioni.com\\\/fr\\\/?s={search_term_string}\"},\"query-input\":{\"@type\":\"PropertyValueSpecification\",\"valueRequired\":true,\"valueName\":\"search_term_string\"}}],\"inLanguage\":\"fr-FR\"}]}<\/script>\n<!-- \/ Yoast SEO plugin. -->","yoast_head_json":{"title":"Etna Crateri 2900m - Etna Mareneve Escursioni","robots":{"index":"index","follow":"follow","max-snippet":"max-snippet:-1","max-image-preview":"max-image-preview:large","max-video-preview":"max-video-preview:-1"},"canonical":"https:\/\/etnamarenevescursioni.com\/fr\/tour\/etna-crateri-2900\/","og_locale":"fr_FR","og_type":"article","og_title":"Etna Crateri 2900m - Etna Mareneve Escursioni","og_description":"L'excursion Etna Crat\u00e8res 2900 vous offre une aventure excitante sur les pentes du volcan, o\u00f9 la nature se r\u00e9v\u00e8le dans sa forme la plus brute et majestueuse. Partant du Refuge Sapienza, vous monterez \u00e0 travers des for\u00eats luxuriantes et des coul\u00e9es de lave jusqu'\u00e0 atteindre le sommet \u00e0 2900 m\u00e8tres, o\u00f9 les paysages lunaires et la vue spectaculaire sur les crat\u00e8res \u00e9teints vous couperont le souffle.","og_url":"https:\/\/etnamarenevescursioni.com\/fr\/tour\/etna-crateri-2900\/","og_site_name":"Etna Mareneve Escursioni","article_modified_time":"2024-05-06T12:58:12+00:00","og_image":[{"width":1420,"height":947,"url":"https:\/\/etnamarenevescursioni.com\/wp-content\/uploads\/2024\/02\/Collezione-Etna-17.jpg","type":"image\/jpeg"}],"twitter_card":"summary_large_image","twitter_misc":{"Dur\u00e9e de lecture estim\u00e9e":"3 minutes"},"schema":{"@context":"https:\/\/schema.org","@graph":[{"@type":"WebPage","@id":"https:\/\/etnamarenevescursioni.com\/fr\/tour\/etna-crateri-2900\/","url":"https:\/\/etnamarenevescursioni.com\/fr\/tour\/etna-crateri-2900\/","name":"Etna Crateri 2900m - Etna Mareneve Escursioni","isPartOf":{"@id":"https:\/\/etnamarenevescursioni.com\/fr\/#website"},"primaryImageOfPage":{"@id":"https:\/\/etnamarenevescursioni.com\/fr\/tour\/etna-crateri-2900\/#primaryimage"},"image":{"@id":"https:\/\/etnamarenevescursioni.com\/fr\/tour\/etna-crateri-2900\/#primaryimage"},"thumbnailUrl":"https:\/\/etnamarenevescursioni.com\/wp-content\/uploads\/2024\/02\/Collezione-Etna-17.jpg","datePublished":"2024-02-15T13:21:46+00:00","dateModified":"2024-05-06T12:58:12+00:00","breadcrumb":{"@id":"https:\/\/etnamarenevescursioni.com\/fr\/tour\/etna-crateri-2900\/#breadcrumb"},"inLanguage":"fr-FR","potentialAction":[{"@type":"ReadAction","target":["https:\/\/etnamarenevescursioni.com\/fr\/tour\/etna-crateri-2900\/"]}]},{"@type":"ImageObject","inLanguage":"fr-FR","@id":"https:\/\/etnamarenevescursioni.com\/fr\/tour\/etna-crateri-2900\/#primaryimage","url":"https:\/\/etnamarenevescursioni.com\/wp-content\/uploads\/2024\/02\/Collezione-Etna-17.jpg","contentUrl":"https:\/\/etnamarenevescursioni.com\/wp-content\/uploads\/2024\/02\/Collezione-Etna-17.jpg","width":1420,"height":947},{"@type":"BreadcrumbList","@id":"https:\/\/etnamarenevescursioni.com\/fr\/tour\/etna-crateri-2900\/#breadcrumb","itemListElement":[{"@type":"ListItem","position":1,"name":"Home","item":"https:\/\/etnamarenevescursioni.com\/fr\/"},{"@type":"ListItem","position":2,"name":"Shop","item":"https:\/\/etnamarenevescursioni.com\/?page_id=10"},{"@type":"ListItem","position":3,"name":"Etna Crateri 2900m"}]},{"@type":"WebSite","@id":"https:\/\/etnamarenevescursioni.com\/fr\/#website","url":"https:\/\/etnamarenevescursioni.com\/fr\/","name":"Etna Mareneve Escursioni","description":"","potentialAction":[{"@type":"SearchAction","target":{"@type":"EntryPoint","urlTemplate":"https:\/\/etnamarenevescursioni.com\/fr\/?s={search_term_string}"},"query-input":{"@type":"PropertyValueSpecification","valueRequired":true,"valueName":"search_term_string"}}],"inLanguage":"fr-FR"}]}},"_links":{"self":[{"href":"https:\/\/etnamarenevescursioni.com\/fr\/wp-json\/wp\/v2\/product\/13509","targetHints":{"allow":["GET"]}}],"collection":[{"href":"https:\/\/etnamarenevescursioni.com\/fr\/wp-json\/wp\/v2\/product"}],"about":[{"href":"https:\/\/etnamarenevescursioni.com\/fr\/wp-json\/wp\/v2\/types\/product"}],"replies":[{"embeddable":true,"href":"https:\/\/etnamarenevescursioni.com\/fr\/wp-json\/wp\/v2\/comments?post=13509"}],"wp:featuredmedia":[{"embeddable":true,"href":"https:\/\/etnamarenevescursioni.com\/fr\/wp-json\/wp\/v2\/media\/13193"}],"wp:attachment":[{"href":"https:\/\/etnamarenevescursioni.com\/fr\/wp-json\/wp\/v2\/media?parent=13509"}],"wp:term":[{"taxonomy":"product_brand","embeddable":true,"href":"https:\/\/etnamarenevescursioni.com\/fr\/wp-json\/wp\/v2\/product_brand?post=13509"},{"taxonomy":"product_cat","embeddable":true,"href":"https:\/\/etnamarenevescursioni.com\/fr\/wp-json\/wp\/v2\/product_cat?post=13509"},{"taxonomy":"product_tag","embeddable":true,"href":"https:\/\/etnamarenevescursioni.com\/fr\/wp-json\/wp\/v2\/product_tag?post=13509"}],"curies":[{"name":"wp","href":"https:\/\/api.w.org\/{rel}","templated":true}]}}