{"id":13513,"date":"2024-02-15T14:27:47","date_gmt":"2024-02-15T13:27:47","guid":{"rendered":"https:\/\/etnamarenevescursioni.com\/prodotto\/siracusa-noto\/"},"modified":"2024-05-06T15:10:02","modified_gmt":"2024-05-06T13:10:02","slug":"siracusa-noto","status":"publish","type":"product","link":"https:\/\/etnamarenevescursioni.com\/fr\/tour\/siracusa-noto\/","title":{"rendered":"Siracusa &#038; Noto"},"content":{"rendered":"<p>Notre tour d\u00e9butera dans la ville historique de Syracuse, une ville d&rsquo;une beaut\u00e9 et d&rsquo;un charme incomparables, c\u00e9l\u00e9br\u00e9e par Cic\u00e9ron comme \u00ab la plus belle ville de la Grande Gr\u00e8ce \u00bb. Ce joyau pr\u00e9cieux de la M\u00e9diterran\u00e9e, class\u00e9 au patrimoine mondial de l&rsquo;UNESCO, se dresse dans une baie enchanteuse, embrass\u00e9e par l&rsquo;\u00eele d&rsquo;Ortygie, fond\u00e9e en 734 av. J.-C. par des colons corinthiens. Syracuse, capitale culturelle de l&rsquo;\u00e9poque grecque jusqu&rsquo;\u00e0 la renaissance baroque, rivalisait en grandeur et en splendeur avec les villes les plus illustres de son temps, telles qu&rsquo;Ath\u00e8nes et Alexandrie.<\/p>\n<p>Immerg\u00e9s dans des si\u00e8cles d&rsquo;histoire, nous explorerons le parc arch\u00e9ologique de Neapolis, c\u0153ur de l&rsquo;ancienne Syracuse, puis nous nous perdrons dans les ruelles du centre historique d&rsquo;Ortygie. L\u00e0, nous admirerons le temple de Minerve transform\u00e9 en majestueuse cath\u00e9drale chr\u00e9tienne, et nous serons enchant\u00e9s par la l\u00e9gendaire Fontaine Ar\u00e9thuse, une source d&rsquo;eau douce qui jaillit \u00e0 quelques pas de la mer.<\/p>\n<p>Apr\u00e8s une matin\u00e9e plong\u00e9e dans l&rsquo;histoire, nous prendrons une pause, savourant les saveurs authentiques de cette terre, riche en traditions culinaires. L&rsquo;apr\u00e8s-midi, notre voyage se poursuivra vers la magnifique Noto, capitale incontest\u00e9e du baroque sicilien. En d\u00e9ambulant le long de son cours principal, nous serons \u00e9merveill\u00e9s par les fa\u00e7ades couleur miel de ses architectures, qui brillent sous le soleil sicilien. Nous admirerons des places et des escaliers qui semblent faire partie d&rsquo;un tableau, dans une succession de chefs-d&rsquo;\u0153uvre architecturaux qui racontent la renaissance de la ville apr\u00e8s le d\u00e9vastateur tremblement de terre de 1693. Noto, renaissant de ses cendres sur un nouveau site en 1702, se pr\u00e9sente aux visiteurs comme une magnifique ville d&rsquo;art, un tr\u00e9sor de l&rsquo;UNESCO qui enchante \u00e0 chaque regard. Son \u00e9l\u00e9gance baroque, avec ses \u00e9glises, palais et jardins, en fait une exp\u00e9rience inoubliable pour quiconque voyage \u00e0 travers la Sicile.<\/p>\n<ul>\n<li>Prise en charge \u00e0 l&rsquo;\u00e9tablissement d&rsquo;accueil.<\/li>\n<li>Visite de Syracuse et Ortygie.<\/li>\n<li>D\u00e9jeuner.<\/li>\n<li>Visite de Noto.<\/li>\n<li>D\u00e9gustation de produits typiques.<\/li>\n<li>Retour \u00e0 l&rsquo;h\u00f4tel.<\/li>\n<\/ul>\n<p>&nbsp;<\/p>\n<p><strong>\u00c9quipement recommand\u00e9<\/strong><\/p>\n<p>Chaussures confortables, v\u00eatements en couches, veste imperm\u00e9able, chapeau, lunettes de soleil et protection solaire.<\/p>\n<p><strong>Services inclus<\/strong><\/p>\n<p>Prise en charge depuis votre h\u00e9bergement, assurance et eau.<\/p>\n","protected":false},"excerpt":{"rendered":"<p class=\"p1\">Dans cette visite, vous vous immergerez dans les merveilles du baroque sicilien et l&rsquo;histoire ancienne. \u00c0 Syracuse, vous visiterez l&rsquo;\u00eele d&rsquo;Ortygie et le parc arch\u00e9ologique de Neapolis, t\u00e9moins de mill\u00e9naires d&rsquo;histoire. En poursuivant vers Noto, vous serez enchant\u00e9 par ses magnifiques architectures baroques, qui brillent d&rsquo;une chaleur dor\u00e9e sous le soleil sicilien.<\/p>\n","protected":false},"featured_media":13451,"comment_status":"open","ping_status":"closed","template":"","meta":[],"product_brand":[],"product_cat":[117],"product_tag":[],"class_list":{"0":"post-13513","1":"product","2":"type-product","3":"status-publish","4":"has-post-thumbnail","6":"brw_tour_types-cultural-fr","7":"product_cat-culturel","9":"first","10":"instock","11":"shipping-taxable","12":"product-type-ovabrw_car_rental"},"yoast_head":"<!-- This site is optimized with the Yoast SEO plugin v27.3 - https:\/\/yoast.com\/product\/yoast-seo-wordpress\/ -->\n<title>Siracusa &amp; Noto - Etna Mareneve Escursioni<\/title>\n<meta name=\"robots\" content=\"index, follow, max-snippet:-1, max-image-preview:large, max-video-preview:-1\" \/>\n<link rel=\"canonical\" href=\"https:\/\/etnamarenevescursioni.com\/fr\/tour\/siracusa-noto\/\" \/>\n<meta property=\"og:locale\" content=\"fr_FR\" \/>\n<meta property=\"og:type\" content=\"article\" \/>\n<meta property=\"og:title\" content=\"Siracusa &amp; Noto - Etna Mareneve Escursioni\" \/>\n<meta property=\"og:description\" content=\"Dans cette visite, vous vous immergerez dans les merveilles du baroque sicilien et l&#039;histoire ancienne. \u00c0 Syracuse, vous visiterez l&#039;\u00eele d&#039;Ortygie et le parc arch\u00e9ologique de Neapolis, t\u00e9moins de mill\u00e9naires d&#039;histoire. En poursuivant vers Noto, vous serez enchant\u00e9 par ses magnifiques architectures baroques, qui brillent d&#039;une chaleur dor\u00e9e sous le soleil sicilien.\" \/>\n<meta property=\"og:url\" content=\"https:\/\/etnamarenevescursioni.com\/fr\/tour\/siracusa-noto\/\" \/>\n<meta property=\"og:site_name\" content=\"Etna Mareneve Escursioni\" \/>\n<meta property=\"article:modified_time\" content=\"2024-05-06T13:10:02+00:00\" \/>\n<meta property=\"og:image\" content=\"https:\/\/etnamarenevescursioni.com\/wp-content\/uploads\/2022\/07\/cathedral-of-syracuse-in-syracuse-sicily-2023-11-27-05-05-23-utc.jpg\" \/>\n\t<meta property=\"og:image:width\" content=\"1420\" \/>\n\t<meta property=\"og:image:height\" content=\"947\" \/>\n\t<meta property=\"og:image:type\" content=\"image\/jpeg\" \/>\n<meta name=\"twitter:card\" content=\"summary_large_image\" \/>\n<meta name=\"twitter:label1\" content=\"Dur\u00e9e de lecture estim\u00e9e\" \/>\n\t<meta name=\"twitter:data1\" content=\"3 minutes\" \/>\n<script type=\"application\/ld+json\" class=\"yoast-schema-graph\">{\"@context\":\"https:\\\/\\\/schema.org\",\"@graph\":[{\"@type\":\"WebPage\",\"@id\":\"https:\\\/\\\/etnamarenevescursioni.com\\\/fr\\\/tour\\\/siracusa-noto\\\/\",\"url\":\"https:\\\/\\\/etnamarenevescursioni.com\\\/fr\\\/tour\\\/siracusa-noto\\\/\",\"name\":\"Siracusa & Noto - Etna Mareneve Escursioni\",\"isPartOf\":{\"@id\":\"https:\\\/\\\/etnamarenevescursioni.com\\\/fr\\\/#website\"},\"primaryImageOfPage\":{\"@id\":\"https:\\\/\\\/etnamarenevescursioni.com\\\/fr\\\/tour\\\/siracusa-noto\\\/#primaryimage\"},\"image\":{\"@id\":\"https:\\\/\\\/etnamarenevescursioni.com\\\/fr\\\/tour\\\/siracusa-noto\\\/#primaryimage\"},\"thumbnailUrl\":\"https:\\\/\\\/etnamarenevescursioni.com\\\/wp-content\\\/uploads\\\/2022\\\/07\\\/cathedral-of-syracuse-in-syracuse-sicily-2023-11-27-05-05-23-utc.jpg\",\"datePublished\":\"2024-02-15T13:27:47+00:00\",\"dateModified\":\"2024-05-06T13:10:02+00:00\",\"breadcrumb\":{\"@id\":\"https:\\\/\\\/etnamarenevescursioni.com\\\/fr\\\/tour\\\/siracusa-noto\\\/#breadcrumb\"},\"inLanguage\":\"fr-FR\",\"potentialAction\":[{\"@type\":\"ReadAction\",\"target\":[\"https:\\\/\\\/etnamarenevescursioni.com\\\/fr\\\/tour\\\/siracusa-noto\\\/\"]}]},{\"@type\":\"ImageObject\",\"inLanguage\":\"fr-FR\",\"@id\":\"https:\\\/\\\/etnamarenevescursioni.com\\\/fr\\\/tour\\\/siracusa-noto\\\/#primaryimage\",\"url\":\"https:\\\/\\\/etnamarenevescursioni.com\\\/wp-content\\\/uploads\\\/2022\\\/07\\\/cathedral-of-syracuse-in-syracuse-sicily-2023-11-27-05-05-23-utc.jpg\",\"contentUrl\":\"https:\\\/\\\/etnamarenevescursioni.com\\\/wp-content\\\/uploads\\\/2022\\\/07\\\/cathedral-of-syracuse-in-syracuse-sicily-2023-11-27-05-05-23-utc.jpg\",\"width\":1420,\"height\":947},{\"@type\":\"BreadcrumbList\",\"@id\":\"https:\\\/\\\/etnamarenevescursioni.com\\\/fr\\\/tour\\\/siracusa-noto\\\/#breadcrumb\",\"itemListElement\":[{\"@type\":\"ListItem\",\"position\":1,\"name\":\"Home\",\"item\":\"https:\\\/\\\/etnamarenevescursioni.com\\\/fr\\\/\"},{\"@type\":\"ListItem\",\"position\":2,\"name\":\"Shop\",\"item\":\"https:\\\/\\\/etnamarenevescursioni.com\\\/?page_id=10\"},{\"@type\":\"ListItem\",\"position\":3,\"name\":\"Siracusa &#038; Noto\"}]},{\"@type\":\"WebSite\",\"@id\":\"https:\\\/\\\/etnamarenevescursioni.com\\\/fr\\\/#website\",\"url\":\"https:\\\/\\\/etnamarenevescursioni.com\\\/fr\\\/\",\"name\":\"Etna Mareneve Escursioni\",\"description\":\"\",\"potentialAction\":[{\"@type\":\"SearchAction\",\"target\":{\"@type\":\"EntryPoint\",\"urlTemplate\":\"https:\\\/\\\/etnamarenevescursioni.com\\\/fr\\\/?s={search_term_string}\"},\"query-input\":{\"@type\":\"PropertyValueSpecification\",\"valueRequired\":true,\"valueName\":\"search_term_string\"}}],\"inLanguage\":\"fr-FR\"}]}<\/script>\n<!-- \/ Yoast SEO plugin. -->","yoast_head_json":{"title":"Siracusa & Noto - Etna Mareneve Escursioni","robots":{"index":"index","follow":"follow","max-snippet":"max-snippet:-1","max-image-preview":"max-image-preview:large","max-video-preview":"max-video-preview:-1"},"canonical":"https:\/\/etnamarenevescursioni.com\/fr\/tour\/siracusa-noto\/","og_locale":"fr_FR","og_type":"article","og_title":"Siracusa & Noto - Etna Mareneve Escursioni","og_description":"Dans cette visite, vous vous immergerez dans les merveilles du baroque sicilien et l'histoire ancienne. \u00c0 Syracuse, vous visiterez l'\u00eele d'Ortygie et le parc arch\u00e9ologique de Neapolis, t\u00e9moins de mill\u00e9naires d'histoire. En poursuivant vers Noto, vous serez enchant\u00e9 par ses magnifiques architectures baroques, qui brillent d'une chaleur dor\u00e9e sous le soleil sicilien.","og_url":"https:\/\/etnamarenevescursioni.com\/fr\/tour\/siracusa-noto\/","og_site_name":"Etna Mareneve Escursioni","article_modified_time":"2024-05-06T13:10:02+00:00","og_image":[{"width":1420,"height":947,"url":"https:\/\/etnamarenevescursioni.com\/wp-content\/uploads\/2022\/07\/cathedral-of-syracuse-in-syracuse-sicily-2023-11-27-05-05-23-utc.jpg","type":"image\/jpeg"}],"twitter_card":"summary_large_image","twitter_misc":{"Dur\u00e9e de lecture estim\u00e9e":"3 minutes"},"schema":{"@context":"https:\/\/schema.org","@graph":[{"@type":"WebPage","@id":"https:\/\/etnamarenevescursioni.com\/fr\/tour\/siracusa-noto\/","url":"https:\/\/etnamarenevescursioni.com\/fr\/tour\/siracusa-noto\/","name":"Siracusa & Noto - Etna Mareneve Escursioni","isPartOf":{"@id":"https:\/\/etnamarenevescursioni.com\/fr\/#website"},"primaryImageOfPage":{"@id":"https:\/\/etnamarenevescursioni.com\/fr\/tour\/siracusa-noto\/#primaryimage"},"image":{"@id":"https:\/\/etnamarenevescursioni.com\/fr\/tour\/siracusa-noto\/#primaryimage"},"thumbnailUrl":"https:\/\/etnamarenevescursioni.com\/wp-content\/uploads\/2022\/07\/cathedral-of-syracuse-in-syracuse-sicily-2023-11-27-05-05-23-utc.jpg","datePublished":"2024-02-15T13:27:47+00:00","dateModified":"2024-05-06T13:10:02+00:00","breadcrumb":{"@id":"https:\/\/etnamarenevescursioni.com\/fr\/tour\/siracusa-noto\/#breadcrumb"},"inLanguage":"fr-FR","potentialAction":[{"@type":"ReadAction","target":["https:\/\/etnamarenevescursioni.com\/fr\/tour\/siracusa-noto\/"]}]},{"@type":"ImageObject","inLanguage":"fr-FR","@id":"https:\/\/etnamarenevescursioni.com\/fr\/tour\/siracusa-noto\/#primaryimage","url":"https:\/\/etnamarenevescursioni.com\/wp-content\/uploads\/2022\/07\/cathedral-of-syracuse-in-syracuse-sicily-2023-11-27-05-05-23-utc.jpg","contentUrl":"https:\/\/etnamarenevescursioni.com\/wp-content\/uploads\/2022\/07\/cathedral-of-syracuse-in-syracuse-sicily-2023-11-27-05-05-23-utc.jpg","width":1420,"height":947},{"@type":"BreadcrumbList","@id":"https:\/\/etnamarenevescursioni.com\/fr\/tour\/siracusa-noto\/#breadcrumb","itemListElement":[{"@type":"ListItem","position":1,"name":"Home","item":"https:\/\/etnamarenevescursioni.com\/fr\/"},{"@type":"ListItem","position":2,"name":"Shop","item":"https:\/\/etnamarenevescursioni.com\/?page_id=10"},{"@type":"ListItem","position":3,"name":"Siracusa &#038; Noto"}]},{"@type":"WebSite","@id":"https:\/\/etnamarenevescursioni.com\/fr\/#website","url":"https:\/\/etnamarenevescursioni.com\/fr\/","name":"Etna Mareneve Escursioni","description":"","potentialAction":[{"@type":"SearchAction","target":{"@type":"EntryPoint","urlTemplate":"https:\/\/etnamarenevescursioni.com\/fr\/?s={search_term_string}"},"query-input":{"@type":"PropertyValueSpecification","valueRequired":true,"valueName":"search_term_string"}}],"inLanguage":"fr-FR"}]}},"_links":{"self":[{"href":"https:\/\/etnamarenevescursioni.com\/fr\/wp-json\/wp\/v2\/product\/13513","targetHints":{"allow":["GET"]}}],"collection":[{"href":"https:\/\/etnamarenevescursioni.com\/fr\/wp-json\/wp\/v2\/product"}],"about":[{"href":"https:\/\/etnamarenevescursioni.com\/fr\/wp-json\/wp\/v2\/types\/product"}],"replies":[{"embeddable":true,"href":"https:\/\/etnamarenevescursioni.com\/fr\/wp-json\/wp\/v2\/comments?post=13513"}],"wp:featuredmedia":[{"embeddable":true,"href":"https:\/\/etnamarenevescursioni.com\/fr\/wp-json\/wp\/v2\/media\/13451"}],"wp:attachment":[{"href":"https:\/\/etnamarenevescursioni.com\/fr\/wp-json\/wp\/v2\/media?parent=13513"}],"wp:term":[{"taxonomy":"product_brand","embeddable":true,"href":"https:\/\/etnamarenevescursioni.com\/fr\/wp-json\/wp\/v2\/product_brand?post=13513"},{"taxonomy":"product_cat","embeddable":true,"href":"https:\/\/etnamarenevescursioni.com\/fr\/wp-json\/wp\/v2\/product_cat?post=13513"},{"taxonomy":"product_tag","embeddable":true,"href":"https:\/\/etnamarenevescursioni.com\/fr\/wp-json\/wp\/v2\/product_tag?post=13513"}],"curies":[{"name":"wp","href":"https:\/\/api.w.org\/{rel}","templated":true}]}}