{"id":13517,"date":"2024-02-15T14:30:57","date_gmt":"2024-02-15T13:30:57","guid":{"rendered":"https:\/\/etnamarenevescursioni.com\/prodotto\/modica-ragusa\/"},"modified":"2024-05-06T15:05:32","modified_gmt":"2024-05-06T13:05:32","slug":"modica-ragusa","status":"publish","type":"product","link":"https:\/\/etnamarenevescursioni.com\/fr\/tour\/modica-ragusa\/","title":{"rendered":"Modica &#038; Ragusa"},"content":{"rendered":"<p><strong>Modica &#8211; La Ville du Chocolat et du Baroque<\/strong><\/p>\n<p>Notre exp\u00e9rience commence dans la douce ville de Modica, un v\u00e9ritable chef-d&rsquo;\u0153uvre architectural renaissant des cendres du tremblement de terre de 1693. Cette ville pittoresque se d\u00e9ploie en un fascinant jeu de niveaux entre Modica \u00ab\u00a0sup\u00e9rieure\u00a0\u00bb et Modica \u00ab\u00a0inf\u00e9rieure\u00a0\u00bb, reli\u00e9es par des rampes d&rsquo;escaliers suggestives qui serpentent \u00e0 travers le c\u0153ur historique. En vous promenant dans ses ruelles \u00e9troites, vous vous retrouverez plong\u00e9s dans une atmosph\u00e8re hors du temps, o\u00f9 les habitations semblent \u00e9merger directement de la roche, t\u00e9moignage d&rsquo;un lien indissoluble entre l&rsquo;homme et la nature qui remonte \u00e0 la pr\u00e9histoire. Le tour se poursuivra avec une d\u00e9gustation incontournable : le chocolat de Modica, produit selon une ancienne recette azt\u00e8que, qui vous offrira une exp\u00e9rience unique de la tradition culinaire locale.<\/p>\n<p><strong>Raguse &#8211; Charme Baroque entre le Nouveau et l&rsquo;Ancien<\/strong><\/p>\n<p>Poursuivant notre voyage, nous atteindrons la ville de Raguse, harmonieusement divis\u00e9e entre la modernit\u00e9 de la nouvelle partie et le charme ancien de Ibla. Cette derni\u00e8re, \u00e9rig\u00e9e sur les ruines d&rsquo;un pass\u00e9 mill\u00e9naire et magnifiquement restaur\u00e9e apr\u00e8s le tremblement de terre de 1693, se pr\u00e9sente comme un labyrinthe de beaut\u00e9s baroques, avec des places, des \u00e9glises et des palais qui racontent l&rsquo;histoire d&rsquo;une civilisation renaissante. Le c\u0153ur battant de Raguse Ibla se d\u00e9voile dans ses ruelles, qui nous m\u00e8neront \u00e0 la d\u00e9couverte de v\u00e9ritables tr\u00e9sors, comme la Piazza del Duomo et le portail de San Giorgio, \u00e0 c\u00f4t\u00e9 du luxuriant Giardino Ibleo. Chaque coin de Ibla est une d\u00e9couverte, une invitation \u00e0 se perdre parmi des panoramas \u00e0 couper le souffle et des architectures uniques.<\/p>\n<ul>\n<li>Prise en charge \u00e0 l&rsquo;\u00e9tablissement d&rsquo;accueil.<\/li>\n<li>Visite de Modica.<\/li>\n<li>D\u00e9jeuner.<\/li>\n<li>Visite de Raguse Ibla.<\/li>\n<li>D\u00e9gustation de produits typiques.<\/li>\n<li>Retour \u00e0 l&rsquo;h\u00f4tel.<\/li>\n<\/ul>\n<p>&nbsp;<\/p>\n<p><strong>\u00c9quipement recommand\u00e9<\/strong><\/p>\n<p>Chaussures confortables, v\u00eatements en couches, veste imperm\u00e9able, chapeau, lunettes de soleil et protection solaire.<\/p>\n<p><strong>Services inclus<\/strong><\/p>\n<p>Prise en charge de votre h\u00e9bergement, assurance et eau.<\/p>\n","protected":false},"excerpt":{"rendered":"<p class=\"p1\">Ce tour vous m\u00e8nera \u00e0 travers les villes historiques de Modica et Raguse, o\u00f9 l&rsquo;art et l&rsquo;histoire se fondent dans une atmosph\u00e8re unique. D\u00e9couvrez les tr\u00e9sors cach\u00e9s de Modica, c\u00e9l\u00e8bre pour son chocolat unique et ses architectures baroques \u00e0 couper le souffle. Poursuivez l&rsquo;aventure \u00e0 Raguse Ibla, un labyrinthe complexe de beaut\u00e9s baroques, avec des places charmantes et des ruelles qui racontent des histoires de renaissance et de splendeur.<\/p>\n","protected":false},"featured_media":13478,"comment_status":"closed","ping_status":"closed","template":"","meta":[],"product_brand":[],"product_cat":[117],"product_tag":[],"class_list":{"0":"post-13517","1":"product","2":"type-product","3":"status-publish","4":"has-post-thumbnail","6":"brw_tour_types-cultural-fr","7":"product_cat-culturel","9":"first","10":"instock","11":"shipping-taxable","12":"product-type-ovabrw_car_rental"},"yoast_head":"<!-- This site is optimized with the Yoast SEO plugin v27.3 - https:\/\/yoast.com\/product\/yoast-seo-wordpress\/ -->\n<title>Modica &amp; Ragusa - Etna Mareneve Escursioni<\/title>\n<meta name=\"robots\" content=\"index, follow, max-snippet:-1, max-image-preview:large, max-video-preview:-1\" \/>\n<link rel=\"canonical\" href=\"https:\/\/etnamarenevescursioni.com\/fr\/tour\/modica-ragusa\/\" \/>\n<meta property=\"og:locale\" content=\"fr_FR\" \/>\n<meta property=\"og:type\" content=\"article\" \/>\n<meta property=\"og:title\" content=\"Modica &amp; Ragusa - Etna Mareneve Escursioni\" \/>\n<meta property=\"og:description\" content=\"Ce tour vous m\u00e8nera \u00e0 travers les villes historiques de Modica et Raguse, o\u00f9 l&#039;art et l&#039;histoire se fondent dans une atmosph\u00e8re unique. D\u00e9couvrez les tr\u00e9sors cach\u00e9s de Modica, c\u00e9l\u00e8bre pour son chocolat unique et ses architectures baroques \u00e0 couper le souffle. Poursuivez l&#039;aventure \u00e0 Raguse Ibla, un labyrinthe complexe de beaut\u00e9s baroques, avec des places charmantes et des ruelles qui racontent des histoires de renaissance et de splendeur.\" \/>\n<meta property=\"og:url\" content=\"https:\/\/etnamarenevescursioni.com\/fr\/tour\/modica-ragusa\/\" \/>\n<meta property=\"og:site_name\" content=\"Etna Mareneve Escursioni\" \/>\n<meta property=\"article:modified_time\" content=\"2024-05-06T13:05:32+00:00\" \/>\n<meta property=\"og:image\" content=\"https:\/\/etnamarenevescursioni.com\/wp-content\/uploads\/2022\/07\/ragusa-ibla-sicily-italy-2023-11-27-05-05-32-utc.jpg\" \/>\n\t<meta property=\"og:image:width\" content=\"1420\" \/>\n\t<meta property=\"og:image:height\" content=\"947\" \/>\n\t<meta property=\"og:image:type\" content=\"image\/jpeg\" \/>\n<meta name=\"twitter:card\" content=\"summary_large_image\" \/>\n<meta name=\"twitter:label1\" content=\"Dur\u00e9e de lecture estim\u00e9e\" \/>\n\t<meta name=\"twitter:data1\" content=\"2 minutes\" \/>\n<script type=\"application\/ld+json\" class=\"yoast-schema-graph\">{\"@context\":\"https:\\\/\\\/schema.org\",\"@graph\":[{\"@type\":\"WebPage\",\"@id\":\"https:\\\/\\\/etnamarenevescursioni.com\\\/fr\\\/tour\\\/modica-ragusa\\\/\",\"url\":\"https:\\\/\\\/etnamarenevescursioni.com\\\/fr\\\/tour\\\/modica-ragusa\\\/\",\"name\":\"Modica & Ragusa - Etna Mareneve Escursioni\",\"isPartOf\":{\"@id\":\"https:\\\/\\\/etnamarenevescursioni.com\\\/fr\\\/#website\"},\"primaryImageOfPage\":{\"@id\":\"https:\\\/\\\/etnamarenevescursioni.com\\\/fr\\\/tour\\\/modica-ragusa\\\/#primaryimage\"},\"image\":{\"@id\":\"https:\\\/\\\/etnamarenevescursioni.com\\\/fr\\\/tour\\\/modica-ragusa\\\/#primaryimage\"},\"thumbnailUrl\":\"https:\\\/\\\/etnamarenevescursioni.com\\\/wp-content\\\/uploads\\\/2022\\\/07\\\/ragusa-ibla-sicily-italy-2023-11-27-05-05-32-utc.jpg\",\"datePublished\":\"2024-02-15T13:30:57+00:00\",\"dateModified\":\"2024-05-06T13:05:32+00:00\",\"breadcrumb\":{\"@id\":\"https:\\\/\\\/etnamarenevescursioni.com\\\/fr\\\/tour\\\/modica-ragusa\\\/#breadcrumb\"},\"inLanguage\":\"fr-FR\",\"potentialAction\":[{\"@type\":\"ReadAction\",\"target\":[\"https:\\\/\\\/etnamarenevescursioni.com\\\/fr\\\/tour\\\/modica-ragusa\\\/\"]}]},{\"@type\":\"ImageObject\",\"inLanguage\":\"fr-FR\",\"@id\":\"https:\\\/\\\/etnamarenevescursioni.com\\\/fr\\\/tour\\\/modica-ragusa\\\/#primaryimage\",\"url\":\"https:\\\/\\\/etnamarenevescursioni.com\\\/wp-content\\\/uploads\\\/2022\\\/07\\\/ragusa-ibla-sicily-italy-2023-11-27-05-05-32-utc.jpg\",\"contentUrl\":\"https:\\\/\\\/etnamarenevescursioni.com\\\/wp-content\\\/uploads\\\/2022\\\/07\\\/ragusa-ibla-sicily-italy-2023-11-27-05-05-32-utc.jpg\",\"width\":1420,\"height\":947,\"caption\":\"Ragusa Ibla, Sicily, Italy at dawn.\"},{\"@type\":\"BreadcrumbList\",\"@id\":\"https:\\\/\\\/etnamarenevescursioni.com\\\/fr\\\/tour\\\/modica-ragusa\\\/#breadcrumb\",\"itemListElement\":[{\"@type\":\"ListItem\",\"position\":1,\"name\":\"Home\",\"item\":\"https:\\\/\\\/etnamarenevescursioni.com\\\/fr\\\/\"},{\"@type\":\"ListItem\",\"position\":2,\"name\":\"Shop\",\"item\":\"https:\\\/\\\/etnamarenevescursioni.com\\\/?page_id=10\"},{\"@type\":\"ListItem\",\"position\":3,\"name\":\"Modica &#038; Ragusa\"}]},{\"@type\":\"WebSite\",\"@id\":\"https:\\\/\\\/etnamarenevescursioni.com\\\/fr\\\/#website\",\"url\":\"https:\\\/\\\/etnamarenevescursioni.com\\\/fr\\\/\",\"name\":\"Etna Mareneve Escursioni\",\"description\":\"\",\"potentialAction\":[{\"@type\":\"SearchAction\",\"target\":{\"@type\":\"EntryPoint\",\"urlTemplate\":\"https:\\\/\\\/etnamarenevescursioni.com\\\/fr\\\/?s={search_term_string}\"},\"query-input\":{\"@type\":\"PropertyValueSpecification\",\"valueRequired\":true,\"valueName\":\"search_term_string\"}}],\"inLanguage\":\"fr-FR\"}]}<\/script>\n<!-- \/ Yoast SEO plugin. -->","yoast_head_json":{"title":"Modica & Ragusa - Etna Mareneve Escursioni","robots":{"index":"index","follow":"follow","max-snippet":"max-snippet:-1","max-image-preview":"max-image-preview:large","max-video-preview":"max-video-preview:-1"},"canonical":"https:\/\/etnamarenevescursioni.com\/fr\/tour\/modica-ragusa\/","og_locale":"fr_FR","og_type":"article","og_title":"Modica & Ragusa - Etna Mareneve Escursioni","og_description":"Ce tour vous m\u00e8nera \u00e0 travers les villes historiques de Modica et Raguse, o\u00f9 l'art et l'histoire se fondent dans une atmosph\u00e8re unique. D\u00e9couvrez les tr\u00e9sors cach\u00e9s de Modica, c\u00e9l\u00e8bre pour son chocolat unique et ses architectures baroques \u00e0 couper le souffle. Poursuivez l'aventure \u00e0 Raguse Ibla, un labyrinthe complexe de beaut\u00e9s baroques, avec des places charmantes et des ruelles qui racontent des histoires de renaissance et de splendeur.","og_url":"https:\/\/etnamarenevescursioni.com\/fr\/tour\/modica-ragusa\/","og_site_name":"Etna Mareneve Escursioni","article_modified_time":"2024-05-06T13:05:32+00:00","og_image":[{"width":1420,"height":947,"url":"https:\/\/etnamarenevescursioni.com\/wp-content\/uploads\/2022\/07\/ragusa-ibla-sicily-italy-2023-11-27-05-05-32-utc.jpg","type":"image\/jpeg"}],"twitter_card":"summary_large_image","twitter_misc":{"Dur\u00e9e de lecture estim\u00e9e":"2 minutes"},"schema":{"@context":"https:\/\/schema.org","@graph":[{"@type":"WebPage","@id":"https:\/\/etnamarenevescursioni.com\/fr\/tour\/modica-ragusa\/","url":"https:\/\/etnamarenevescursioni.com\/fr\/tour\/modica-ragusa\/","name":"Modica & Ragusa - Etna Mareneve Escursioni","isPartOf":{"@id":"https:\/\/etnamarenevescursioni.com\/fr\/#website"},"primaryImageOfPage":{"@id":"https:\/\/etnamarenevescursioni.com\/fr\/tour\/modica-ragusa\/#primaryimage"},"image":{"@id":"https:\/\/etnamarenevescursioni.com\/fr\/tour\/modica-ragusa\/#primaryimage"},"thumbnailUrl":"https:\/\/etnamarenevescursioni.com\/wp-content\/uploads\/2022\/07\/ragusa-ibla-sicily-italy-2023-11-27-05-05-32-utc.jpg","datePublished":"2024-02-15T13:30:57+00:00","dateModified":"2024-05-06T13:05:32+00:00","breadcrumb":{"@id":"https:\/\/etnamarenevescursioni.com\/fr\/tour\/modica-ragusa\/#breadcrumb"},"inLanguage":"fr-FR","potentialAction":[{"@type":"ReadAction","target":["https:\/\/etnamarenevescursioni.com\/fr\/tour\/modica-ragusa\/"]}]},{"@type":"ImageObject","inLanguage":"fr-FR","@id":"https:\/\/etnamarenevescursioni.com\/fr\/tour\/modica-ragusa\/#primaryimage","url":"https:\/\/etnamarenevescursioni.com\/wp-content\/uploads\/2022\/07\/ragusa-ibla-sicily-italy-2023-11-27-05-05-32-utc.jpg","contentUrl":"https:\/\/etnamarenevescursioni.com\/wp-content\/uploads\/2022\/07\/ragusa-ibla-sicily-italy-2023-11-27-05-05-32-utc.jpg","width":1420,"height":947,"caption":"Ragusa Ibla, Sicily, Italy at dawn."},{"@type":"BreadcrumbList","@id":"https:\/\/etnamarenevescursioni.com\/fr\/tour\/modica-ragusa\/#breadcrumb","itemListElement":[{"@type":"ListItem","position":1,"name":"Home","item":"https:\/\/etnamarenevescursioni.com\/fr\/"},{"@type":"ListItem","position":2,"name":"Shop","item":"https:\/\/etnamarenevescursioni.com\/?page_id=10"},{"@type":"ListItem","position":3,"name":"Modica &#038; Ragusa"}]},{"@type":"WebSite","@id":"https:\/\/etnamarenevescursioni.com\/fr\/#website","url":"https:\/\/etnamarenevescursioni.com\/fr\/","name":"Etna Mareneve Escursioni","description":"","potentialAction":[{"@type":"SearchAction","target":{"@type":"EntryPoint","urlTemplate":"https:\/\/etnamarenevescursioni.com\/fr\/?s={search_term_string}"},"query-input":{"@type":"PropertyValueSpecification","valueRequired":true,"valueName":"search_term_string"}}],"inLanguage":"fr-FR"}]}},"_links":{"self":[{"href":"https:\/\/etnamarenevescursioni.com\/fr\/wp-json\/wp\/v2\/product\/13517","targetHints":{"allow":["GET"]}}],"collection":[{"href":"https:\/\/etnamarenevescursioni.com\/fr\/wp-json\/wp\/v2\/product"}],"about":[{"href":"https:\/\/etnamarenevescursioni.com\/fr\/wp-json\/wp\/v2\/types\/product"}],"replies":[{"embeddable":true,"href":"https:\/\/etnamarenevescursioni.com\/fr\/wp-json\/wp\/v2\/comments?post=13517"}],"wp:featuredmedia":[{"embeddable":true,"href":"https:\/\/etnamarenevescursioni.com\/fr\/wp-json\/wp\/v2\/media\/13478"}],"wp:attachment":[{"href":"https:\/\/etnamarenevescursioni.com\/fr\/wp-json\/wp\/v2\/media?parent=13517"}],"wp:term":[{"taxonomy":"product_brand","embeddable":true,"href":"https:\/\/etnamarenevescursioni.com\/fr\/wp-json\/wp\/v2\/product_brand?post=13517"},{"taxonomy":"product_cat","embeddable":true,"href":"https:\/\/etnamarenevescursioni.com\/fr\/wp-json\/wp\/v2\/product_cat?post=13517"},{"taxonomy":"product_tag","embeddable":true,"href":"https:\/\/etnamarenevescursioni.com\/fr\/wp-json\/wp\/v2\/product_tag?post=13517"}],"curies":[{"name":"wp","href":"https:\/\/api.w.org\/{rel}","templated":true}]}}